{"id":107,"date":"2016-10-12T16:53:07","date_gmt":"2016-10-12T15:53:07","guid":{"rendered":"http:\/\/www.houlihansolicitors.ie\/polskie\/?page_id=107"},"modified":"2017-09-29T15:01:58","modified_gmt":"2017-09-29T14:01:58","slug":"arbitraz","status":"publish","type":"page","link":"https:\/\/www.houlihansolicitors.ie\/polskie\/zakres-dzialan\/arbitraz\/","title":{"rendered":"ARBITRA\u017b"},"content":{"rendered":"<p>Arbitra\u017c jest definiowany jako &#8220;rozstrzygni\u0119cie sporu mi\u0119dzy dwiema stronami za pomoc\u0105 jednej lub wi\u0119cej niezale\u017cnych os\u00f3b trzecich&#8221;. Ustawa o arbitra\u017cu w Irlandii jest regulowana przez Akty Arbitra\u017cowe z 1954, 1980 i 2010 r.<span data-ccp-props=\"{&quot;201341983&quot;:0,&quot;335559739&quot;:160,&quot;335559740&quot;:259}\">\u00a0<\/span><\/p>\n<p><span data-ccp-props=\"{&quot;201341983&quot;:0,&quot;335559739&quot;:160,&quot;335559740&quot;:259}\">\u00a0<\/span><\/p>\n<p><b>JAKIE JEST ZALETY ARBITR<\/b><b>ACJI?<\/b><span data-ccp-props=\"{&quot;201341983&quot;:0,&quot;335559739&quot;:160,&quot;335559740&quot;:259}\">\u00a0<\/span><\/p>\n<p>Mo\u017cna u\u017cy\u0107 Arbitra\u017cu do rozstrzygni\u0119cia sporu, poniewa\u017c post\u0119powanie to odbywa si\u0119 w trybie prywatnym.\u00a0Sprawy te nie s\u0105 zg\u0142aszane ani\u00a0upubliczniane.\u00a0<span data-ccp-props=\"{&quot;201341983&quot;:0,&quot;335559739&quot;:160,&quot;335559740&quot;:259}\">\u00a0<\/span><\/p>\n<p>Proces arbitra\u017cowy mo\u017ce by\u0107 ta\u0144szy i szybszy w por\u00f3wnaniu z post\u0119powaniem s\u0105dowym.\u00a0Dlatego\u00a0\u00a0bior\u0105c\u00a0pod uwag\u0119 powody finanse\u00a0mo\u017cna u\u017cy\u0107 Arbitra\u017cu jako \u015brodka\u00a0do\u00a0rozstrzygania spor\u00f3w.<span data-ccp-props=\"{&quot;201341983&quot;:0,&quot;335559739&quot;:160,&quot;335559740&quot;:259}\">\u00a0<\/span><\/p>\n<p>Zwykle wybrany jest arbiter, kt\u00f3ry jest ekspertem w dziedzinie\u00a0dysput\u00f3w, aby pom\u00f3c w sporach. Dlatego te\u017c otrzymywa\u0142oby pomoc profesjonalist\u0119, posiadaj\u0105c\u0105 bogat\u0105 wiedz\u0119 i do\u015bwiadczenie w tym konkretnym obszarze.<span data-ccp-props=\"{&quot;201341983&quot;:0,&quot;335559739&quot;:160,&quot;335559740&quot;:259}\">\u00a0<\/span><\/p>\n<p>Decyzja\u00a0Arbiter\u00f3w\u00a0jest ostateczna i obejmuje wszystkie strony. Nie jest to post\u0119powanie s\u0105dowe, w kt\u00f3rym\u00a0zawsze\u00a0mo\u017cna odwo\u0142ywa\u0107 si\u0119 do orzeczenia. Chocia\u017c istniej\u0105 pewne sytuacje, w kt\u00f3rych mo\u017cna odwo\u0142a\u0107 si\u0119 od decyzji Arbitra, to wyj\u0105tek ten zazwyczaj odnosi si\u0119 do b\u0142\u0119d\u00f3w technicznych pope\u0142nianych przez arbitra i nie ma nic wsp\u00f3lnego z powodami\u00a0ani zasobami stron.<span data-ccp-props=\"{&quot;201341983&quot;:0,&quot;335559739&quot;:160,&quot;335559740&quot;:259}\">\u00a0<\/span><\/p>\n<p><span data-ccp-props=\"{&quot;201341983&quot;:0,&quot;335559739&quot;:160,&quot;335559740&quot;:259}\">\u00a0<\/span><\/p>\n<p><b>P<\/b><b>ROCEDURA ARBITRA\u017bOWA W IRLANDII<\/b><span data-ccp-props=\"{&quot;201341983&quot;:0,&quot;335559739&quot;:160,&quot;335559740&quot;:259}\">\u00a0<\/span><\/p>\n<p>Pierwszym krokiem w rozwi\u0105zywaniu spor\u00f3w poprzez Arbitra\u017c jest mianowanie Arbitra. Powo\u0142anie mo\u017ce si\u0119 odby\u0107\u00a0przez\u00a0skontaktowanie si\u0119 z adwokatem.<span data-ccp-props=\"{&quot;201341983&quot;:0,&quot;335559739&quot;:160,&quot;335559740&quot;:259}\">\u00a0<\/span><\/p>\n<p>Arbitrem mo\u017ce by\u0107 mianowany\u00a0w nast\u0119puj\u0105cy spos\u00f3b:<span data-ccp-props=\"{&quot;201341983&quot;:0,&quot;335559739&quot;:160,&quot;335559740&quot;:259}\">\u00a0<\/span><\/p>\n<ul>\n<li data-listid=\"38\" aria-setsize=\"-1\" data-aria-posinset=\"1\" data-aria-level=\"1\">Je\u015bli sp\u00f3r powstanie na podstawie umowy zawieraj\u0105cej klauzul\u0119 arbitra\u017cow\u0105. W takim przypadku zwykle nale\u017cy przestrzega\u0107 postanowie\u0144 tej klauzuli, chyba \u017ce obie strony uzgodni\u0142y inaczej. Jest to obowi\u0105zkowe, a ka\u017cda ze stron mo\u017ce wszcz\u0105\u0107 post\u0119powanie.<span data-ccp-props=\"{&quot;134233279&quot;:true,&quot;201341983&quot;:0,&quot;335559739&quot;:160,&quot;335559740&quot;:259}\">\u00a0<\/span><\/li>\n<li data-listid=\"38\" aria-setsize=\"-1\" data-aria-posinset=\"2\" data-aria-level=\"1\">Obie strony mog\u0105 porozumie\u0107 si\u0119\u00a0mi\u0119dzy sob\u0105 o wyborze arbitra (chocia\u017c to rzadko wyst\u0119puje).<span data-ccp-props=\"{&quot;134233279&quot;:true,&quot;201341983&quot;:0,&quot;335559739&quot;:160,&quot;335559740&quot;:259}\">\u00a0<\/span><\/li>\n<li data-listid=\"38\" aria-setsize=\"-1\" data-aria-posinset=\"3\" data-aria-level=\"1\">Strony mog\u0105 wyst\u0105pi\u0107 do\u00a0Chartered\u00a0Institute\u00a0of\u00a0Arbitrators\u00a0znajduj\u0105cym si\u0119\u00a0na 8\u00a0Merrion\u00a0Square\u00a0Dublin 2, aby za\u017c\u0105da\u0107 nominacji Arbitra.<span data-ccp-props=\"{&quot;134233279&quot;:true,&quot;201341983&quot;:0,&quot;335559739&quot;:160,&quot;335559740&quot;:259}\">\u00a0<\/span><\/li>\n<li data-listid=\"38\" aria-setsize=\"-1\" data-aria-posinset=\"4\" data-aria-level=\"1\">Strony mog\u0105 wyst\u0105pi\u0107 bezpo\u015brednio do s\u0105du i za\u017c\u0105da\u0107 skierowania sporu na arbitra\u017c. Je\u015bli wniosek si\u0119 powiedzie, s\u0105d wyznaczy arbitra.<span data-ccp-props=\"{&quot;134233279&quot;:true,&quot;201341983&quot;:0,&quot;335559739&quot;:160,&quot;335559740&quot;:259}\">\u00a0<\/span><\/li>\n<\/ul>\n<p><span data-ccp-props=\"{&quot;201341983&quot;:0,&quot;335559739&quot;:160,&quot;335559740&quot;:259}\">\u00a0<\/span><\/p>\n<p><b>PO<\/b><b>ST\u0118POWANIE<\/b><span data-ccp-props=\"{&quot;201341983&quot;:0,&quot;335559739&quot;:160,&quot;335559740&quot;:259}\">\u00a0<\/span><\/p>\n<p>Po powo\u0142aniu arbitra przeprowadza on\u00a0wst\u0119pne spotkanie mi\u0119dzy nim a przedstawicielami stron sporu. W tym pierwszym spotkaniu okre\u015blana jest\u00a0procedura,\u00a0\u00a0kt\u00f3r\u0105\u00a0nale\u017cy przestrzega\u0107 podczas przes\u0142uchania, op\u0142aty pobierane przez arbitra oraz ramy czasowe rozprawy. Strony mog\u0105 swobodnie reprezentowa\u0107 siebie lub mie\u0107 w swoim\u00a0imieniu prawnika lub adwokata.<span data-ccp-props=\"{&quot;201341983&quot;:0,&quot;335559739&quot;:160,&quot;335559740&quot;:259}\">\u00a0<\/span><\/p>\n<p>Czas potrzebny na\u00a0przeprowadzenie procedury\u00a0r\u00f3\u017cni si\u0119 w przypadku r\u00f3\u017cnych spor\u00f3w, ale zazwyczaj proces powinien zosta\u0107 zako\u0144czony w ci\u0105gu 2 do 3 miesi\u0119cy.<span data-ccp-props=\"{&quot;201341983&quot;:0,&quot;335559739&quot;:160,&quot;335559740&quot;:259}\">\u00a0<\/span><\/p>\n<p><b>PRZYZNANE ODSZKODOWANIE\u00a0<\/b><span data-ccp-props=\"{&quot;201341983&quot;:0,&quot;335559739&quot;:160,&quot;335559740&quot;:259}\">\u00a0<\/span><\/p>\n<p>Arbiter zwykle wyznaczy kr\u00f3tk\u0105 deklaracj\u0119 okre\u015blaj\u0105c\u0105 zap\u0142at\u0119 odszkodowania i koszt\u00f3w itp. W razie konieczno\u015bci orzeczenie takie mo\u017ce by\u0107\u00a0egzekwowane przez s\u0105dy. Odszkodowanie jest zwykle wydawane\u00a0po uiszczeniu op\u0142at\u00a0do Arbitra za\u00a0us\u0142ugi.<span data-ccp-props=\"{&quot;201341983&quot;:0,&quot;335559739&quot;:160,&quot;335559740&quot;:259}\">\u00a0<\/span><\/p>\n","protected":false},"excerpt":{"rendered":"<p>Arbitra\u017c jest definiowany jako &#8220;rozstrzygni\u0119cie sporu mi\u0119dzy dwiema stronami za pomoc\u0105 jednej lub wi\u0119cej niezale\u017cnych os\u00f3b trzecich&#8221;. Ustawa o arbitra\u017cu w Irlandii jest regulowana przez Akty Arbitra\u017cowe z 1954, 1980 i 2010 r.\u00a0 \u00a0 JAKIE JEST ZALETY ARBITRACJI?\u00a0 Mo\u017cna u\u017cy\u0107 Arbitra\u017cu do rozstrzygni\u0119cia sporu, poniewa\u017c post\u0119powanie to odbywa si\u0119 w trybie prywatnym.\u00a0Sprawy te nie s\u0105 [&hellip;]<\/p>\n","protected":false},"author":2,"featured_media":0,"parent":11,"menu_order":29,"comment_status":"closed","ping_status":"closed","template":"single-practice.php","meta":[],"yoast_head":"<!-- This site is optimized with the Yoast SEO plugin v14.9 - https:\/\/yoast.com\/wordpress\/plugins\/seo\/ -->\n<title>ARBITRA\u017b - Houlihan Solicitors<\/title>\n<meta name=\"robots\" content=\"index, follow, max-snippet:-1, max-image-preview:large, max-video-preview:-1\" \/>\n<link rel=\"canonical\" href=\"https:\/\/www.houlihansolicitors.ie\/polskie\/zakres-dzialan\/arbitraz\/\" \/>\n<meta property=\"og:locale\" content=\"en_GB\" \/>\n<meta property=\"og:type\" content=\"article\" \/>\n<meta property=\"og:title\" content=\"ARBITRA\u017b - Houlihan Solicitors\" \/>\n<meta property=\"og:description\" content=\"Arbitra\u017c jest definiowany jako &#8220;rozstrzygni\u0119cie sporu mi\u0119dzy dwiema stronami za pomoc\u0105 jednej lub wi\u0119cej niezale\u017cnych os\u00f3b trzecich&#8221;. Ustawa o arbitra\u017cu w Irlandii jest regulowana przez Akty Arbitra\u017cowe z 1954, 1980 i 2010 r.\u00a0 \u00a0 JAKIE JEST ZALETY ARBITRACJI?\u00a0 Mo\u017cna u\u017cy\u0107 Arbitra\u017cu do rozstrzygni\u0119cia sporu, poniewa\u017c post\u0119powanie to odbywa si\u0119 w trybie prywatnym.\u00a0Sprawy te nie s\u0105 [&hellip;]\" \/>\n<meta property=\"og:url\" content=\"https:\/\/www.houlihansolicitors.ie\/polskie\/zakres-dzialan\/arbitraz\/\" \/>\n<meta property=\"og:site_name\" content=\"Houlihan Solicitors\" \/>\n<meta property=\"article:modified_time\" content=\"2017-09-29T14:01:58+00:00\" \/>\n<meta name=\"twitter:card\" content=\"summary\" \/>\n<script type=\"application\/ld+json\" class=\"yoast-schema-graph\">{\"@context\":\"https:\/\/schema.org\",\"@graph\":[{\"@type\":\"WebSite\",\"@id\":\"https:\/\/www.houlihansolicitors.ie\/polskie\/#website\",\"url\":\"https:\/\/www.houlihansolicitors.ie\/polskie\/\",\"name\":\"Houlihan Solicitors\",\"description\":\"\",\"potentialAction\":[{\"@type\":\"SearchAction\",\"target\":\"https:\/\/www.houlihansolicitors.ie\/polskie\/?s={search_term_string}\",\"query-input\":\"required name=search_term_string\"}],\"inLanguage\":\"en-GB\"},{\"@type\":\"WebPage\",\"@id\":\"https:\/\/www.houlihansolicitors.ie\/polskie\/zakres-dzialan\/arbitraz\/#webpage\",\"url\":\"https:\/\/www.houlihansolicitors.ie\/polskie\/zakres-dzialan\/arbitraz\/\",\"name\":\"ARBITRA\\u017b - Houlihan Solicitors\",\"isPartOf\":{\"@id\":\"https:\/\/www.houlihansolicitors.ie\/polskie\/#website\"},\"datePublished\":\"2016-10-12T15:53:07+00:00\",\"dateModified\":\"2017-09-29T14:01:58+00:00\",\"inLanguage\":\"en-GB\",\"potentialAction\":[{\"@type\":\"ReadAction\",\"target\":[\"https:\/\/www.houlihansolicitors.ie\/polskie\/zakres-dzialan\/arbitraz\/\"]}]}]}<\/script>\n<!-- \/ Yoast SEO plugin. -->","_links":{"self":[{"href":"https:\/\/www.houlihansolicitors.ie\/polskie\/wp-json\/wp\/v2\/pages\/107"}],"collection":[{"href":"https:\/\/www.houlihansolicitors.ie\/polskie\/wp-json\/wp\/v2\/pages"}],"about":[{"href":"https:\/\/www.houlihansolicitors.ie\/polskie\/wp-json\/wp\/v2\/types\/page"}],"author":[{"embeddable":true,"href":"https:\/\/www.houlihansolicitors.ie\/polskie\/wp-json\/wp\/v2\/users\/2"}],"replies":[{"embeddable":true,"href":"https:\/\/www.houlihansolicitors.ie\/polskie\/wp-json\/wp\/v2\/comments?post=107"}],"version-history":[{"count":6,"href":"https:\/\/www.houlihansolicitors.ie\/polskie\/wp-json\/wp\/v2\/pages\/107\/revisions"}],"predecessor-version":[{"id":512,"href":"https:\/\/www.houlihansolicitors.ie\/polskie\/wp-json\/wp\/v2\/pages\/107\/revisions\/512"}],"up":[{"embeddable":true,"href":"https:\/\/www.houlihansolicitors.ie\/polskie\/wp-json\/wp\/v2\/pages\/11"}],"wp:attachment":[{"href":"https:\/\/www.houlihansolicitors.ie\/polskie\/wp-json\/wp\/v2\/media?parent=107"}],"curies":[{"name":"wp","href":"https:\/\/api.w.org\/{rel}","templated":true}]}}