{"id":109,"date":"2016-10-12T16:53:50","date_gmt":"2016-10-12T15:53:50","guid":{"rendered":"http:\/\/www.houlihansolicitors.ie\/polskie\/?page_id=109"},"modified":"2017-09-29T14:58:34","modified_gmt":"2017-09-29T13:58:34","slug":"restrukturyzacja-dlugu","status":"publish","type":"page","link":"https:\/\/www.houlihansolicitors.ie\/polskie\/zakres-dzialan\/restrukturyzacja-dlugu\/","title":{"rendered":"RESTRUKTURYZACJA D\u0141UGU"},"content":{"rendered":"<p>Od czasu\u00a0kryzysu ekonomicznego w\u00a0Irlandii wiele os\u00f3b uzna\u0142o, \u017ce nie\u00a0s\u0105 w stanie nad\u0105\u017cy\u0107 za sp\u0142acaniem\u00a0kredyt\u00f3w hipotecznych. Przy rosn\u0105cym nacisku bank\u00f3w o sp\u0142aty,\u00a0wiele os\u00f3b znalaz\u0142o si\u0119 w obliczu\u00a0upad\u0142o\u015bci finansowej.\u00a0<span data-ccp-props=\"{&quot;201341983&quot;:0,&quot;335559739&quot;:160,&quot;335559740&quot;:259}\">\u00a0<\/span><\/p>\n<p>My, w\u00a0Houlihan\u00a0Solicitors, dysponujemy bogatym do\u015bwiadczeniem w negocjacjach z instytucjami udzielaj\u0105cymi kredytu, kt\u00f3re pozwala na znalezienie alternatywnego sposobu sp\u0142aty d\u0142ugu.\u00a0\u00a0Aktualnie \u015bledzimy post\u0119py w zakresie prawodawstwa dotycz\u0105cego niewyp\u0142acalno\u015bci os\u00f3b poprzez House of\u00a0Oireachtas, kt\u00f3re\u00a0pod koniec roku\u00a0powiny\u00a0zosta\u0107\u00a0wprowadzone w \u017cycie. Mo\u017cemy doradzi\u0107\u00a0Ci\u00a0<b>w s<\/b>prawie znacz\u0105cych zmian w prawie dotycz\u0105cych\u00a0niewyp\u0142acalno\u015bci proponowanych w projekcie<\/p>\n","protected":false},"excerpt":{"rendered":"<p>Od czasu\u00a0kryzysu ekonomicznego w\u00a0Irlandii wiele os\u00f3b uzna\u0142o, \u017ce nie\u00a0s\u0105 w stanie nad\u0105\u017cy\u0107 za sp\u0142acaniem\u00a0kredyt\u00f3w hipotecznych. Przy rosn\u0105cym nacisku bank\u00f3w o sp\u0142aty,\u00a0wiele os\u00f3b znalaz\u0142o si\u0119 w obliczu\u00a0upad\u0142o\u015bci finansowej.\u00a0\u00a0 My, w\u00a0Houlihan\u00a0Solicitors, dysponujemy bogatym do\u015bwiadczeniem w negocjacjach z instytucjami udzielaj\u0105cymi kredytu, kt\u00f3re pozwala na znalezienie alternatywnego sposobu sp\u0142aty d\u0142ugu.\u00a0\u00a0Aktualnie \u015bledzimy post\u0119py w zakresie prawodawstwa dotycz\u0105cego niewyp\u0142acalno\u015bci os\u00f3b poprzez [&hellip;]<\/p>\n","protected":false},"author":2,"featured_media":0,"parent":11,"menu_order":30,"comment_status":"closed","ping_status":"closed","template":"single-practice.php","meta":[],"yoast_head":"<!-- This site is optimized with the Yoast SEO plugin v14.9 - https:\/\/yoast.com\/wordpress\/plugins\/seo\/ -->\n<title>RESTRUKTURYZACJA D\u0141UGU - Houlihan Solicitors<\/title>\n<meta name=\"robots\" content=\"index, follow, max-snippet:-1, max-image-preview:large, max-video-preview:-1\" \/>\n<link rel=\"canonical\" href=\"https:\/\/www.houlihansolicitors.ie\/polskie\/zakres-dzialan\/restrukturyzacja-dlugu\/\" \/>\n<meta property=\"og:locale\" content=\"en_GB\" \/>\n<meta property=\"og:type\" content=\"article\" \/>\n<meta property=\"og:title\" content=\"RESTRUKTURYZACJA D\u0141UGU - Houlihan Solicitors\" \/>\n<meta property=\"og:description\" content=\"Od czasu\u00a0kryzysu ekonomicznego w\u00a0Irlandii wiele os\u00f3b uzna\u0142o, \u017ce nie\u00a0s\u0105 w stanie nad\u0105\u017cy\u0107 za sp\u0142acaniem\u00a0kredyt\u00f3w hipotecznych. Przy rosn\u0105cym nacisku bank\u00f3w o sp\u0142aty,\u00a0wiele os\u00f3b znalaz\u0142o si\u0119 w obliczu\u00a0upad\u0142o\u015bci finansowej.\u00a0\u00a0 My, w\u00a0Houlihan\u00a0Solicitors, dysponujemy bogatym do\u015bwiadczeniem w negocjacjach z instytucjami udzielaj\u0105cymi kredytu, kt\u00f3re pozwala na znalezienie alternatywnego sposobu sp\u0142aty d\u0142ugu.\u00a0\u00a0Aktualnie \u015bledzimy post\u0119py w zakresie prawodawstwa dotycz\u0105cego niewyp\u0142acalno\u015bci os\u00f3b poprzez [&hellip;]\" \/>\n<meta property=\"og:url\" content=\"https:\/\/www.houlihansolicitors.ie\/polskie\/zakres-dzialan\/restrukturyzacja-dlugu\/\" \/>\n<meta property=\"og:site_name\" content=\"Houlihan Solicitors\" \/>\n<meta property=\"article:modified_time\" content=\"2017-09-29T13:58:34+00:00\" \/>\n<meta name=\"twitter:card\" content=\"summary\" \/>\n<script type=\"application\/ld+json\" class=\"yoast-schema-graph\">{\"@context\":\"https:\/\/schema.org\",\"@graph\":[{\"@type\":\"WebSite\",\"@id\":\"https:\/\/www.houlihansolicitors.ie\/polskie\/#website\",\"url\":\"https:\/\/www.houlihansolicitors.ie\/polskie\/\",\"name\":\"Houlihan Solicitors\",\"description\":\"\",\"potentialAction\":[{\"@type\":\"SearchAction\",\"target\":\"https:\/\/www.houlihansolicitors.ie\/polskie\/?s={search_term_string}\",\"query-input\":\"required name=search_term_string\"}],\"inLanguage\":\"en-GB\"},{\"@type\":\"WebPage\",\"@id\":\"https:\/\/www.houlihansolicitors.ie\/polskie\/zakres-dzialan\/restrukturyzacja-dlugu\/#webpage\",\"url\":\"https:\/\/www.houlihansolicitors.ie\/polskie\/zakres-dzialan\/restrukturyzacja-dlugu\/\",\"name\":\"RESTRUKTURYZACJA D\\u0141UGU - Houlihan Solicitors\",\"isPartOf\":{\"@id\":\"https:\/\/www.houlihansolicitors.ie\/polskie\/#website\"},\"datePublished\":\"2016-10-12T15:53:50+00:00\",\"dateModified\":\"2017-09-29T13:58:34+00:00\",\"inLanguage\":\"en-GB\",\"potentialAction\":[{\"@type\":\"ReadAction\",\"target\":[\"https:\/\/www.houlihansolicitors.ie\/polskie\/zakres-dzialan\/restrukturyzacja-dlugu\/\"]}]}]}<\/script>\n<!-- \/ Yoast SEO plugin. -->","_links":{"self":[{"href":"https:\/\/www.houlihansolicitors.ie\/polskie\/wp-json\/wp\/v2\/pages\/109"}],"collection":[{"href":"https:\/\/www.houlihansolicitors.ie\/polskie\/wp-json\/wp\/v2\/pages"}],"about":[{"href":"https:\/\/www.houlihansolicitors.ie\/polskie\/wp-json\/wp\/v2\/types\/page"}],"author":[{"embeddable":true,"href":"https:\/\/www.houlihansolicitors.ie\/polskie\/wp-json\/wp\/v2\/users\/2"}],"replies":[{"embeddable":true,"href":"https:\/\/www.houlihansolicitors.ie\/polskie\/wp-json\/wp\/v2\/comments?post=109"}],"version-history":[{"count":4,"href":"https:\/\/www.houlihansolicitors.ie\/polskie\/wp-json\/wp\/v2\/pages\/109\/revisions"}],"predecessor-version":[{"id":513,"href":"https:\/\/www.houlihansolicitors.ie\/polskie\/wp-json\/wp\/v2\/pages\/109\/revisions\/513"}],"up":[{"embeddable":true,"href":"https:\/\/www.houlihansolicitors.ie\/polskie\/wp-json\/wp\/v2\/pages\/11"}],"wp:attachment":[{"href":"https:\/\/www.houlihansolicitors.ie\/polskie\/wp-json\/wp\/v2\/media?parent=109"}],"curies":[{"name":"wp","href":"https:\/\/api.w.org\/{rel}","templated":true}]}}