{"id":111,"date":"2016-10-12T16:54:45","date_gmt":"2016-10-12T15:54:45","guid":{"rendered":"http:\/\/www.houlihansolicitors.ie\/polskie\/?page_id=111"},"modified":"2018-09-19T16:05:39","modified_gmt":"2018-09-19T15:05:39","slug":"zaniedbania-lekarskie","status":"publish","type":"page","link":"https:\/\/www.houlihansolicitors.ie\/polskie\/zakres-dzialan\/zaniedbania-lekarskie\/","title":{"rendered":"Zaniedbania Lekarskie"},"content":{"rendered":"<div>ZANIEDBANIE ZAWODOWE<\/div>\n<div class=\"paragraph_break\"><\/div>\n<div>Je\u015bli do\u015bwiadczy\u0142e\u015b straty z powodu b\u0142\u0119du lub z\u0142ego prowadzenia przez kt\u00f3rego\u015b z poni\u017cej wymienionych profesjonalist\u00f3w, mo\u017cesz mie\u0107 prawo do odszkodowania z tytu\u0142u Twojej straty. Przyk\u0142adami zawodowc\u00f3w, kt\u00f3rzy s\u0105 zobowi\u0105zani do opieki nad klientem, s\u0105:<\/div>\n<ul>\n<li>Radca Prawny<\/li>\n<li>Adwokat<\/li>\n<li>Personel Medyczny<\/li>\n<li>Agencje nieruchomo\u015bci \/ licytatorzy<\/li>\n<li>In\u017cynierzy<\/li>\n<li>Inni profesjonali\u015bci \/ eksperci.<\/li>\n<\/ul>\n<div class=\"paragraph_break\"><\/div>\n<div>Je\u015bli uwa\u017casz, \u017ce dozna\u0142e\u015b uszczerbku na zdrowiu lub dozna\u0142e\u015b obra\u017ce\u0144 na skutek zaniedbania w wykonywanym zawodzie, skontaktuj si\u0119 z Nami juz dzi\u015b. Prawnicy Houlihan maj\u0105 du\u017ce do\u015bwiadczenie w zajmowaniu si\u0119 roszczeniami z tytu\u0142u zawodowych zaniedba\u0144 jak r\u00f3wnie\u017c zaniedba\u0144 firm ubezpieczeniowych. Z przyjemno\u015bci\u0105 pomo\u017cemy Ci w Twojej sprawie.<\/div>\n<p>&nbsp;<\/p>\n","protected":false},"excerpt":{"rendered":"<p>ZANIEDBANIE ZAWODOWE Je\u015bli do\u015bwiadczy\u0142e\u015b straty z powodu b\u0142\u0119du lub z\u0142ego prowadzenia przez kt\u00f3rego\u015b z poni\u017cej wymienionych profesjonalist\u00f3w, mo\u017cesz mie\u0107 prawo do odszkodowania z tytu\u0142u Twojej straty. Przyk\u0142adami zawodowc\u00f3w, kt\u00f3rzy s\u0105 zobowi\u0105zani do opieki nad klientem, s\u0105: Radca Prawny Adwokat Personel Medyczny Agencje nieruchomo\u015bci \/ licytatorzy In\u017cynierzy Inni profesjonali\u015bci \/ eksperci. Je\u015bli uwa\u017casz, \u017ce dozna\u0142e\u015b uszczerbku [&hellip;]<\/p>\n","protected":false},"author":2,"featured_media":0,"parent":11,"menu_order":32,"comment_status":"closed","ping_status":"closed","template":"single-practice.php","meta":[],"yoast_head":"<!-- This site is optimized with the Yoast SEO plugin v14.9 - https:\/\/yoast.com\/wordpress\/plugins\/seo\/ -->\n<title>Zaniedbania Lekarskie - Houlihan Solicitors<\/title>\n<meta name=\"robots\" content=\"index, follow, max-snippet:-1, max-image-preview:large, max-video-preview:-1\" \/>\n<link rel=\"canonical\" href=\"https:\/\/www.houlihansolicitors.ie\/polskie\/zakres-dzialan\/zaniedbania-lekarskie\/\" \/>\n<meta property=\"og:locale\" content=\"en_GB\" \/>\n<meta property=\"og:type\" content=\"article\" \/>\n<meta property=\"og:title\" content=\"Zaniedbania Lekarskie - Houlihan Solicitors\" \/>\n<meta property=\"og:description\" content=\"ZANIEDBANIE ZAWODOWE Je\u015bli do\u015bwiadczy\u0142e\u015b straty z powodu b\u0142\u0119du lub z\u0142ego prowadzenia przez kt\u00f3rego\u015b z poni\u017cej wymienionych profesjonalist\u00f3w, mo\u017cesz mie\u0107 prawo do odszkodowania z tytu\u0142u Twojej straty. Przyk\u0142adami zawodowc\u00f3w, kt\u00f3rzy s\u0105 zobowi\u0105zani do opieki nad klientem, s\u0105: Radca Prawny Adwokat Personel Medyczny Agencje nieruchomo\u015bci \/ licytatorzy In\u017cynierzy Inni profesjonali\u015bci \/ eksperci. Je\u015bli uwa\u017casz, \u017ce dozna\u0142e\u015b uszczerbku [&hellip;]\" \/>\n<meta property=\"og:url\" content=\"https:\/\/www.houlihansolicitors.ie\/polskie\/zakres-dzialan\/zaniedbania-lekarskie\/\" \/>\n<meta property=\"og:site_name\" content=\"Houlihan Solicitors\" \/>\n<meta property=\"article:modified_time\" content=\"2018-09-19T15:05:39+00:00\" \/>\n<meta name=\"twitter:card\" content=\"summary\" \/>\n<script type=\"application\/ld+json\" class=\"yoast-schema-graph\">{\"@context\":\"https:\/\/schema.org\",\"@graph\":[{\"@type\":\"WebSite\",\"@id\":\"https:\/\/www.houlihansolicitors.ie\/polskie\/#website\",\"url\":\"https:\/\/www.houlihansolicitors.ie\/polskie\/\",\"name\":\"Houlihan Solicitors\",\"description\":\"\",\"potentialAction\":[{\"@type\":\"SearchAction\",\"target\":\"https:\/\/www.houlihansolicitors.ie\/polskie\/?s={search_term_string}\",\"query-input\":\"required name=search_term_string\"}],\"inLanguage\":\"en-GB\"},{\"@type\":\"WebPage\",\"@id\":\"https:\/\/www.houlihansolicitors.ie\/polskie\/zakres-dzialan\/zaniedbania-lekarskie\/#webpage\",\"url\":\"https:\/\/www.houlihansolicitors.ie\/polskie\/zakres-dzialan\/zaniedbania-lekarskie\/\",\"name\":\"Zaniedbania Lekarskie - Houlihan Solicitors\",\"isPartOf\":{\"@id\":\"https:\/\/www.houlihansolicitors.ie\/polskie\/#website\"},\"datePublished\":\"2016-10-12T15:54:45+00:00\",\"dateModified\":\"2018-09-19T15:05:39+00:00\",\"inLanguage\":\"en-GB\",\"potentialAction\":[{\"@type\":\"ReadAction\",\"target\":[\"https:\/\/www.houlihansolicitors.ie\/polskie\/zakres-dzialan\/zaniedbania-lekarskie\/\"]}]}]}<\/script>\n<!-- \/ Yoast SEO plugin. -->","_links":{"self":[{"href":"https:\/\/www.houlihansolicitors.ie\/polskie\/wp-json\/wp\/v2\/pages\/111"}],"collection":[{"href":"https:\/\/www.houlihansolicitors.ie\/polskie\/wp-json\/wp\/v2\/pages"}],"about":[{"href":"https:\/\/www.houlihansolicitors.ie\/polskie\/wp-json\/wp\/v2\/types\/page"}],"author":[{"embeddable":true,"href":"https:\/\/www.houlihansolicitors.ie\/polskie\/wp-json\/wp\/v2\/users\/2"}],"replies":[{"embeddable":true,"href":"https:\/\/www.houlihansolicitors.ie\/polskie\/wp-json\/wp\/v2\/comments?post=111"}],"version-history":[{"count":7,"href":"https:\/\/www.houlihansolicitors.ie\/polskie\/wp-json\/wp\/v2\/pages\/111\/revisions"}],"predecessor-version":[{"id":595,"href":"https:\/\/www.houlihansolicitors.ie\/polskie\/wp-json\/wp\/v2\/pages\/111\/revisions\/595"}],"up":[{"embeddable":true,"href":"https:\/\/www.houlihansolicitors.ie\/polskie\/wp-json\/wp\/v2\/pages\/11"}],"wp:attachment":[{"href":"https:\/\/www.houlihansolicitors.ie\/polskie\/wp-json\/wp\/v2\/media?parent=111"}],"curies":[{"name":"wp","href":"https:\/\/api.w.org\/{rel}","templated":true}]}}