{"id":113,"date":"2016-10-12T16:55:25","date_gmt":"2016-10-12T15:55:25","guid":{"rendered":"http:\/\/www.houlihansolicitors.ie\/polskie\/?page_id=113"},"modified":"2017-09-29T14:56:59","modified_gmt":"2017-09-29T13:56:59","slug":"znieslawienia","status":"publish","type":"page","link":"https:\/\/www.houlihansolicitors.ie\/polskie\/zakres-dzialan\/znieslawienia\/","title":{"rendered":"ZNIES\u0141AWIENIA"},"content":{"rendered":"<p>Zgodnie z konstytucj\u0105 irlandzk\u0105 (Bunreacht\u00a0na\u00a0h\u00c9ireann), ka\u017cdy obywatel Irlandii ma prawo &#8220;chroni\u0107 swoje dobre imi\u0119\u00a0i reputacj\u0119&#8221;.\u00a0Jednak\u017ce, wedle\u00a0Konstytucji,\u00a0ka\u017cdy obywatel ma r\u00f3wnie\u017c prawo do wolno\u015bci s\u0142owa. Dlatego rozr\u00f3\u017cnienie\u00a0pomi\u0119dzy stwierdzeniem o charakterze\u00a0kalumni\u00a0a\u00a0zwyk\u0142ym wyra\u017ceniem swojej opinii\u00a0pozostawia si\u0119 s\u0105dom do\u00a0roztrzygni\u0119cia.\u00a0<span data-ccp-props=\"{&quot;201341983&quot;:0,&quot;335559739&quot;:160,&quot;335559740&quot;:259}\">\u00a0<\/span><\/p>\n<p><span data-ccp-props=\"{&quot;201341983&quot;:0,&quot;335559739&quot;:160,&quot;335559740&quot;:259}\">\u00a0<\/span><\/p>\n<p><b>Aby udowodni\u0107 Znies\u0142awienie, musz\u0105\u00a0mi\u0119c\u00a0miejsce nast\u0119puj\u0105ce czynniki:<\/b><span data-ccp-props=\"{&quot;201341983&quot;:0,&quot;335559739&quot;:160,&quot;335559740&quot;:259}\">\u00a0<\/span><\/p>\n<ul>\n<li data-listid=\"39\" aria-setsize=\"-1\" data-aria-posinset=\"1\" data-aria-level=\"1\">Znies\u0142awiaj\u0105ce\u00a0o\u015bwiadczenie\u00a0musi by\u0107 opublikowane, wys\u0142uchane lub przeczytane przez osob\u0119 trzeci\u0105.<span data-ccp-props=\"{&quot;134233279&quot;:true,&quot;201341983&quot;:0,&quot;335559739&quot;:160,&quot;335559740&quot;:259}\">\u00a0<\/span><\/li>\n<\/ul>\n<ul>\n<li data-listid=\"39\" aria-setsize=\"-1\" data-aria-posinset=\"1\" data-aria-level=\"1\">O\u015bwiadczenie musi dotyczy\u0107\u00a0danej osoby bezpo\u015brednio\u00a0lub w spos\u00f3b\u00a0domniemany.\u00a0<span data-ccp-props=\"{&quot;134233279&quot;:true,&quot;201341983&quot;:0,&quot;335559739&quot;:160,&quot;335559740&quot;:259}\">\u00a0<\/span><\/li>\n<li data-listid=\"39\" aria-setsize=\"-1\" data-aria-posinset=\"2\" data-aria-level=\"1\">\u00a0O\u015bwiadczenie musi by\u0107 fa\u0142szywe.<span data-ccp-props=\"{&quot;134233279&quot;:true,&quot;201341983&quot;:0,&quot;335559739&quot;:160,&quot;335559740&quot;:259}\">\u00a0<\/span><\/li>\n<\/ul>\n<p>Ustawa w Irlandii,\u00a0zgodnie z ustaw\u0105 o znies\u0142awieniu z 2009 r.\u00a0pozwala\u00a0pozwa\u0107 o Znies\u0142awienie\u00a0osob\u0119, kt\u00f3ra\u00a0rozpowszechnia &#8220;fa\u0142szywe o\u015bwiadczenie, ustnie, pisemnie,\u00a0emituje\u00a0je\u00a0w telewizji lub w radiu czy\u00a0te\u017c\u00a0publikuje w\u00a0internecie&#8221;. Je\u015bli kto\u015b chce wnie\u015b\u0107 spraw\u0119 przeciwko osobie o znies\u0142awienie,\u00a0takie postepowanie musi by\u0107 podj\u0119te w przeci\u0105gu roku od daty owego\u00a0o\u015bwiadczenia traktowanego jako znies\u0142awienie.\u00a0\u00a0\u00a0<span data-ccp-props=\"{&quot;201341983&quot;:0,&quot;335559739&quot;:160,&quot;335559740&quot;:259}\">\u00a0<\/span><\/p>\n<p><span data-ccp-props=\"{&quot;201341983&quot;:0,&quot;335559739&quot;:160,&quot;335559740&quot;:259}\">\u00a0<\/span><\/p>\n<p>Je\u015bli uwa\u017casz, \u017ce zosta\u0142e\u015b\u00a0pom\u00f3wiony\u00a0przez\u00a0z\u0142o\u017cenie przez kogo\u015b\u00a0fa\u0142szywego\u00a0o\u015bwiadczenia\u00a0\u00a0skontaktuj\u00a0si\u0119 z\u00a0Houlihan\u00a0Solicitors\u00a0w celu uzyskania profesjonalnej porady prawnej.<span data-ccp-props=\"{&quot;201341983&quot;:0,&quot;335559739&quot;:160,&quot;335559740&quot;:259}\">\u00a0<\/span><\/p>\n","protected":false},"excerpt":{"rendered":"<p>Zgodnie z konstytucj\u0105 irlandzk\u0105 (Bunreacht\u00a0na\u00a0h\u00c9ireann), ka\u017cdy obywatel Irlandii ma prawo &#8220;chroni\u0107 swoje dobre imi\u0119\u00a0i reputacj\u0119&#8221;.\u00a0Jednak\u017ce, wedle\u00a0Konstytucji,\u00a0ka\u017cdy obywatel ma r\u00f3wnie\u017c prawo do wolno\u015bci s\u0142owa. Dlatego rozr\u00f3\u017cnienie\u00a0pomi\u0119dzy stwierdzeniem o charakterze\u00a0kalumni\u00a0a\u00a0zwyk\u0142ym wyra\u017ceniem swojej opinii\u00a0pozostawia si\u0119 s\u0105dom do\u00a0roztrzygni\u0119cia.\u00a0\u00a0 \u00a0 Aby udowodni\u0107 Znies\u0142awienie, musz\u0105\u00a0mi\u0119c\u00a0miejsce nast\u0119puj\u0105ce czynniki:\u00a0 Znies\u0142awiaj\u0105ce\u00a0o\u015bwiadczenie\u00a0musi by\u0107 opublikowane, wys\u0142uchane lub przeczytane przez osob\u0119 trzeci\u0105.\u00a0 O\u015bwiadczenie musi dotyczy\u0107\u00a0danej osoby bezpo\u015brednio\u00a0lub [&hellip;]<\/p>\n","protected":false},"author":2,"featured_media":0,"parent":11,"menu_order":31,"comment_status":"closed","ping_status":"closed","template":"single-practice.php","meta":[],"yoast_head":"<!-- This site is optimized with the Yoast SEO plugin v14.9 - https:\/\/yoast.com\/wordpress\/plugins\/seo\/ -->\n<title>ZNIES\u0141AWIENIA - Houlihan Solicitors<\/title>\n<meta name=\"robots\" content=\"index, follow, max-snippet:-1, max-image-preview:large, max-video-preview:-1\" \/>\n<link rel=\"canonical\" href=\"https:\/\/www.houlihansolicitors.ie\/polskie\/zakres-dzialan\/znieslawienia\/\" \/>\n<meta property=\"og:locale\" content=\"en_GB\" \/>\n<meta property=\"og:type\" content=\"article\" \/>\n<meta property=\"og:title\" content=\"ZNIES\u0141AWIENIA - Houlihan Solicitors\" \/>\n<meta property=\"og:description\" content=\"Zgodnie z konstytucj\u0105 irlandzk\u0105 (Bunreacht\u00a0na\u00a0h\u00c9ireann), ka\u017cdy obywatel Irlandii ma prawo &#8220;chroni\u0107 swoje dobre imi\u0119\u00a0i reputacj\u0119&#8221;.\u00a0Jednak\u017ce, wedle\u00a0Konstytucji,\u00a0ka\u017cdy obywatel ma r\u00f3wnie\u017c prawo do wolno\u015bci s\u0142owa. Dlatego rozr\u00f3\u017cnienie\u00a0pomi\u0119dzy stwierdzeniem o charakterze\u00a0kalumni\u00a0a\u00a0zwyk\u0142ym wyra\u017ceniem swojej opinii\u00a0pozostawia si\u0119 s\u0105dom do\u00a0roztrzygni\u0119cia.\u00a0\u00a0 \u00a0 Aby udowodni\u0107 Znies\u0142awienie, musz\u0105\u00a0mi\u0119c\u00a0miejsce nast\u0119puj\u0105ce czynniki:\u00a0 Znies\u0142awiaj\u0105ce\u00a0o\u015bwiadczenie\u00a0musi by\u0107 opublikowane, wys\u0142uchane lub przeczytane przez osob\u0119 trzeci\u0105.\u00a0 O\u015bwiadczenie musi dotyczy\u0107\u00a0danej osoby bezpo\u015brednio\u00a0lub [&hellip;]\" \/>\n<meta property=\"og:url\" content=\"https:\/\/www.houlihansolicitors.ie\/polskie\/zakres-dzialan\/znieslawienia\/\" \/>\n<meta property=\"og:site_name\" content=\"Houlihan Solicitors\" \/>\n<meta property=\"article:modified_time\" content=\"2017-09-29T13:56:59+00:00\" \/>\n<meta name=\"twitter:card\" content=\"summary\" \/>\n<script type=\"application\/ld+json\" class=\"yoast-schema-graph\">{\"@context\":\"https:\/\/schema.org\",\"@graph\":[{\"@type\":\"WebSite\",\"@id\":\"https:\/\/www.houlihansolicitors.ie\/polskie\/#website\",\"url\":\"https:\/\/www.houlihansolicitors.ie\/polskie\/\",\"name\":\"Houlihan Solicitors\",\"description\":\"\",\"potentialAction\":[{\"@type\":\"SearchAction\",\"target\":\"https:\/\/www.houlihansolicitors.ie\/polskie\/?s={search_term_string}\",\"query-input\":\"required name=search_term_string\"}],\"inLanguage\":\"en-GB\"},{\"@type\":\"WebPage\",\"@id\":\"https:\/\/www.houlihansolicitors.ie\/polskie\/zakres-dzialan\/znieslawienia\/#webpage\",\"url\":\"https:\/\/www.houlihansolicitors.ie\/polskie\/zakres-dzialan\/znieslawienia\/\",\"name\":\"ZNIES\\u0141AWIENIA - Houlihan Solicitors\",\"isPartOf\":{\"@id\":\"https:\/\/www.houlihansolicitors.ie\/polskie\/#website\"},\"datePublished\":\"2016-10-12T15:55:25+00:00\",\"dateModified\":\"2017-09-29T13:56:59+00:00\",\"inLanguage\":\"en-GB\",\"potentialAction\":[{\"@type\":\"ReadAction\",\"target\":[\"https:\/\/www.houlihansolicitors.ie\/polskie\/zakres-dzialan\/znieslawienia\/\"]}]}]}<\/script>\n<!-- \/ Yoast SEO plugin. -->","_links":{"self":[{"href":"https:\/\/www.houlihansolicitors.ie\/polskie\/wp-json\/wp\/v2\/pages\/113"}],"collection":[{"href":"https:\/\/www.houlihansolicitors.ie\/polskie\/wp-json\/wp\/v2\/pages"}],"about":[{"href":"https:\/\/www.houlihansolicitors.ie\/polskie\/wp-json\/wp\/v2\/types\/page"}],"author":[{"embeddable":true,"href":"https:\/\/www.houlihansolicitors.ie\/polskie\/wp-json\/wp\/v2\/users\/2"}],"replies":[{"embeddable":true,"href":"https:\/\/www.houlihansolicitors.ie\/polskie\/wp-json\/wp\/v2\/comments?post=113"}],"version-history":[{"count":5,"href":"https:\/\/www.houlihansolicitors.ie\/polskie\/wp-json\/wp\/v2\/pages\/113\/revisions"}],"predecessor-version":[{"id":514,"href":"https:\/\/www.houlihansolicitors.ie\/polskie\/wp-json\/wp\/v2\/pages\/113\/revisions\/514"}],"up":[{"embeddable":true,"href":"https:\/\/www.houlihansolicitors.ie\/polskie\/wp-json\/wp\/v2\/pages\/11"}],"wp:attachment":[{"href":"https:\/\/www.houlihansolicitors.ie\/polskie\/wp-json\/wp\/v2\/media?parent=113"}],"curies":[{"name":"wp","href":"https:\/\/api.w.org\/{rel}","templated":true}]}}