{"id":13,"date":"2016-10-10T14:33:22","date_gmt":"2016-10-10T13:33:22","guid":{"rendered":"http:\/\/www.houlihansolicitors.ie\/polskie\/?page_id=13"},"modified":"2020-09-02T12:09:38","modified_gmt":"2020-09-02T11:09:38","slug":"opnie-o-nas","status":"publish","type":"page","link":"https:\/\/www.houlihansolicitors.ie\/polskie\/opnie-o-nas\/","title":{"rendered":"OPNIE O NAS"},"content":{"rendered":"<p><div class=\"fusion-fullwidth fullwidth-box fusion-builder-row-1 nonhundred-percent-fullwidth non-hundred-percent-height-scrolling\" style=\"background-color: rgba(255,255,255,0);background-position: left top;background-repeat: no-repeat;padding-top:20px;padding-right:0px;padding-bottom:20px;padding-left:0px;margin-bottom: 0px;margin-top: 0px;border-width: 0px 0px 0px 0px;border-color:#eae9e9;border-style:solid;\" ><div class=\"fusion-builder-row fusion-row\"><div class=\"fusion-layout-column fusion_builder_column fusion-builder-column-0 fusion_builder_column_1_1 1_1 fusion-one-full fusion-column-first fusion-column-last fusion-column-no-min-height\" style=\"margin-top:0px;margin-bottom:0px;\"><div class=\"fusion-column-wrapper fusion-flex-column-wrapper-legacy\" style=\"background-position:left top;background-repeat:no-repeat;-webkit-background-size:cover;-moz-background-size:cover;-o-background-size:cover;background-size:cover;\"><div class=\"fusion-text fusion-text-1\"><h2 style=\"text-align: center;\"><span class=\"TextRun SCXW257312961\" lang=\"PL-PL\" xml:lang=\"PL-PL\"><span class=\"NormalTextRun SCXW257312961\">Co m\u00f3wi\u0105 o nas nasi klienci\u2026<\/span><\/span><\/h2>\n<\/div><div class=\"fusion-clearfix\"><\/div><\/div><\/div><\/div><\/div><div class=\"fusion-fullwidth fullwidth-box fusion-builder-row-2 nonhundred-percent-fullwidth non-hundred-percent-height-scrolling\" style=\"background-color: rgba(255,255,255,0);background-position: left top;background-repeat: no-repeat;padding-top:20px;padding-right:0px;padding-bottom:20px;padding-left:0px;margin-bottom: 0px;margin-top: 0px;border-width: 0px 0px 0px 0px;border-color:#eae9e9;border-style:solid;\" ><div class=\"fusion-builder-row fusion-row\"><div class=\"fusion-layout-column fusion_builder_column fusion-builder-column-1 fusion_builder_column_1_1 1_1 fusion-one-full fusion-column-first fusion-column-last fusion-column-no-min-height\" style=\"margin-top:0px;margin-bottom:0px;\"><div class=\"fusion-column-wrapper fusion-flex-column-wrapper-legacy\" style=\"background-position:left top;background-repeat:no-repeat;-webkit-background-size:cover;-moz-background-size:cover;-o-background-size:cover;background-size:cover;\"><div class=\"fusion-text fusion-text-2\">\t\t\t\t<div class=\"testimonial-list\">\n\t\t\t\t\t<div class=\"fusion-row\">\n\n\t\t\t\t\t\n\t\t\t\t\t\t\n\t\t\t\t\t\t\t<div class=\"thumbnail fusion-one-fifth one_fifth fusion-layout-column fusion-spacing-yes\">\n\t\t\t\t\t\t\t\t\t\t\t\t\t\t\t<\/div>\n\t\t\t\t\t\t\t\n\t\t\t\t\t\t\t<div class=\"fusion-four-fifth four-fifth fusion-layout-column fusion-spacing-yes fusion-column-last\">\n\t\t\t\t\t\t\t\t\t<blockquote>\n\t\t\t\t\t\t\t\t\t\t<q>Zwr\u00f3ci\u0142am si\u0119 do Houlihan Solicitors z pozwem o obra\u017cenia cielesne i jestem bardzo zadowolona. Zaje\u0142o to prawie 3 lata aby roztrzygn\u0105\u0107 moj\u0105 spraw\u0119, aczkolwiek Donal i jego zesp\u00f3\u0142 zadbali o to aby rezultat odzwierciedla\u0142 moje obra\u017cenia. Jestem zachwycona z wyniku mojej sprawy i jestem pewna \u017ce Houlihan Solicitors osi\u0105gneli to dzi\u0119ki ich zaanga\u017cowaniem i zawzi\u0119ciem aby wynik mojej sprawy by\u0142 jak najbardziej korzystny.<\/q>\n\t\t\t\t\t\t\t\t\t<\/blockquote>\t\n\t\t\t\t\t\t\t\t\t<div class=\"author\">\n\t\t\t\t\t\t\t\t\t\t<span class=\"company-name\"><strong>Jeanne Preece<\/strong><\/span>\n\t\t\t\t\t\t\t\t\t<\/div>\n\t\t\t\t\t\t\t\t\t\t\t\t\t\t\t\t\t\t\t\t\n\t\t\t\t\t\t\t<\/div>\n\t\t\t\t\t\t\t<div style=\"clear: both;margin-bottom:20px;\">&nbsp;<\/div>\t\n\n\t\t\t\t\t\t\n\t\t\t\t\t\t\t<div class=\"thumbnail fusion-one-fifth one_fifth fusion-layout-column fusion-spacing-yes\">\n\t\t\t\t\t\t\t\t\t\t\t\t\t\t\t<\/div>\n\t\t\t\t\t\t\t\n\t\t\t\t\t\t\t<div class=\"fusion-four-fifth four-fifth fusion-layout-column fusion-spacing-yes fusion-column-last\">\n\t\t\t\t\t\t\t\t\t<blockquote>\n\t\t\t\t\t\t\t\t\t\t<q>Moje do\u015bwiadczenie z Houlihan Solicitors jest super \u2013 Byli dla mnie ogromnie pomocni i efektywni. Moje odszkodowanie si\u0119gne\u0142o ponad moje oczekiwania. Dosta\u0142am prawie 4 razy wi\u0119cej ni\u017c oferta kt\u00f3r\u0105 proponowa\u0142a mi komisja (Injuries Board). Nie wyobra\u017cam sobie abym da\u0142a rad\u0119 osi\u0105gn\u0105\u0107 lepszy rezultat gdyby nie Kancelaria Prawna Houlihan.<\/q>\n\t\t\t\t\t\t\t\t\t<\/blockquote>\t\n\t\t\t\t\t\t\t\t\t<div class=\"author\">\n\t\t\t\t\t\t\t\t\t\t<span class=\"company-name\"><strong>Aneta Dyszko, Dublin<\/strong><\/span>\n\t\t\t\t\t\t\t\t\t<\/div>\n\t\t\t\t\t\t\t\t\t\t\t\t\t\t\t\t\t\t\t\t\n\t\t\t\t\t\t\t<\/div>\n\t\t\t\t\t\t\t<div style=\"clear: both;margin-bottom:20px;\">&nbsp;<\/div>\t\n\n\t\t\t\t\t\t\n\t\t\t\t\t\t\t<div class=\"thumbnail fusion-one-fifth one_fifth fusion-layout-column fusion-spacing-yes\">\n\t\t\t\t\t\t\t\t\t\t\t\t\t\t\t<\/div>\n\t\t\t\t\t\t\t\n\t\t\t\t\t\t\t<div class=\"fusion-four-fifth four-fifth fusion-layout-column fusion-spacing-yes fusion-column-last\">\n\t\t\t\t\t\t\t\t\t<blockquote>\n\t\t\t\t\t\t\t\t\t\t<q>Kancelaria Houlihan jest na pewno jedn\u0105 z najlepszych. Zesp\u00f3\u0142 jest uwa\u017cny i bardzo pomocny. Ich zadaniem by\u0142o dobrze poprowadzi\u0107 moj\u0105 spraw\u0119 i wierz\u0119 \u017ce tak zrobili poniewa\u017c otrzyma\u0142em najlepszy wynik.<\/q>\n\t\t\t\t\t\t\t\t\t<\/blockquote>\t\n\t\t\t\t\t\t\t\t\t<div class=\"author\">\n\t\t\t\t\t\t\t\t\t\t<span class=\"company-name\"><strong>Patrick Walsh, Galway<\/strong><\/span>\n\t\t\t\t\t\t\t\t\t<\/div>\n\t\t\t\t\t\t\t\t\t\t\t\t\t\t\t\t\t\t\t\t\n\t\t\t\t\t\t\t<\/div>\n\t\t\t\t\t\t\t<div style=\"clear: both;margin-bottom:20px;\">&nbsp;<\/div>\t\n\n\t\t\t\t\t\t\n\t\t\t\t\t\t\t<div class=\"thumbnail fusion-one-fifth one_fifth fusion-layout-column fusion-spacing-yes\">\n\t\t\t\t\t\t\t\t\t\t\t\t\t\t\t<\/div>\n\t\t\t\t\t\t\t\n\t\t\t\t\t\t\t<div class=\"fusion-four-fifth four-fifth fusion-layout-column fusion-spacing-yes fusion-column-last\">\n\t\t\t\t\t\t\t\t\t<blockquote>\n\t\t\t\t\t\t\t\t\t\t<q>Dla mnie aplikacja mojego pozwu do komisji obra\u017ce\u0144 (Injuries Board) i ca\u0142y proces s\u0105dowy okaza\u0142 si\u0119 bezstresowy dzi\u0119ki Houlihan Solicitors. Zdecydowanie polecam zadzwoni\u0107 po porade lub konsultacje.<\/q>\n\t\t\t\t\t\t\t\t\t<\/blockquote>\t\n\t\t\t\t\t\t\t\t\t<div class=\"author\">\n\t\t\t\t\t\t\t\t\t\t<span class=\"company-name\"><strong>Powel Slowinski, Limerick<\/strong><\/span>\n\t\t\t\t\t\t\t\t\t<\/div>\n\t\t\t\t\t\t\t\t\t\t\t\t\t\t\t\t\t\t\t\t\n\t\t\t\t\t\t\t<\/div>\n\t\t\t\t\t\t\t<div style=\"clear: both;margin-bottom:20px;\">&nbsp;<\/div>\t\n\n\t\t\t\t\t\t\n\t\t\t\t\t\t\t<div class=\"thumbnail fusion-one-fifth one_fifth fusion-layout-column fusion-spacing-yes\">\n\t\t\t\t\t\t\t\t\t\t\t\t\t\t\t<\/div>\n\t\t\t\t\t\t\t\n\t\t\t\t\t\t\t<div class=\"fusion-four-fifth four-fifth fusion-layout-column fusion-spacing-yes fusion-column-last\">\n\t\t\t\t\t\t\t\t\t<blockquote>\n\t\t\t\t\t\t\t\t\t\t<q>Kiedy uleg\u0142em powa\u017cnemu wypadkowi, nie wiedzia\u0142em do kogo mam si\u0119 zwr\u00f3ci\u0107 po pomoc. W trudnej sytuacji zwr\u00f3ci\u0142em si\u0119 do Houlihan Solcitors i dosta\u0142em najlepsz\u0105 porade. Zesp\u00f3\u0142 Houlihan dok\u0142adnie wyt\u0142umaczy\u0142 mi procedur\u0119 zwi\u0105zan\u0105 z moj\u0105 spraw\u0105 i upewni\u0142 si\u0119 \u017ce wszystko jest dla mnie zrozumia\u0142e. Zdecydowanie polecam t\u0105 firm\u0119.<\/q>\n\t\t\t\t\t\t\t\t\t<\/blockquote>\t\n\t\t\t\t\t\t\t\t\t<div class=\"author\">\n\t\t\t\t\t\t\t\t\t\t<span class=\"company-name\"><strong>Leonard Earls, Limerick<\/strong><\/span>\n\t\t\t\t\t\t\t\t\t<\/div>\n\t\t\t\t\t\t\t\t\t\t\t\t\t\t\t\t\t\t\t\t\n\t\t\t\t\t\t\t<\/div>\n\t\t\t\t\t\t\t<div style=\"clear: both;margin-bottom:20px;\">&nbsp;<\/div>\t\n\n\t\t\t\t\t\t\n\n\t\t\t\t\t<\/div><!-- row -->\n\t\t\t\t\t\n\t\t\t\t<\/div> <!-- testimonials -->\t\t\t\t\n\t\t\t\t\t\t\t\t<div style=\"clear: both;margin-bottom:20px;\">&nbsp;<\/div>\t\n\n<\/div><div class=\"fusion-clearfix\"><\/div><\/div><\/div><\/div><\/div><\/p>\n","protected":false},"excerpt":{"rendered":"","protected":false},"author":2,"featured_media":0,"parent":0,"menu_order":44,"comment_status":"closed","ping_status":"closed","template":"","meta":[],"yoast_head":"<!-- This site is optimized with the Yoast SEO plugin v14.9 - https:\/\/yoast.com\/wordpress\/plugins\/seo\/ -->\n<title>OPNIE O NAS - Houlihan Solicitors<\/title>\n<meta name=\"robots\" content=\"index, follow, max-snippet:-1, max-image-preview:large, max-video-preview:-1\" \/>\n<link rel=\"canonical\" href=\"https:\/\/www.houlihansolicitors.ie\/polskie\/opnie-o-nas\/\" \/>\n<meta property=\"og:locale\" content=\"en_GB\" \/>\n<meta property=\"og:type\" content=\"article\" \/>\n<meta property=\"og:title\" content=\"OPNIE O NAS - Houlihan Solicitors\" \/>\n<meta property=\"og:url\" content=\"https:\/\/www.houlihansolicitors.ie\/polskie\/opnie-o-nas\/\" \/>\n<meta property=\"og:site_name\" content=\"Houlihan Solicitors\" \/>\n<meta property=\"article:modified_time\" content=\"2020-09-02T11:09:38+00:00\" \/>\n<meta name=\"twitter:card\" content=\"summary\" \/>\n<script type=\"application\/ld+json\" class=\"yoast-schema-graph\">{\"@context\":\"https:\/\/schema.org\",\"@graph\":[{\"@type\":\"WebSite\",\"@id\":\"https:\/\/www.houlihansolicitors.ie\/polskie\/#website\",\"url\":\"https:\/\/www.houlihansolicitors.ie\/polskie\/\",\"name\":\"Houlihan Solicitors\",\"description\":\"\",\"potentialAction\":[{\"@type\":\"SearchAction\",\"target\":\"https:\/\/www.houlihansolicitors.ie\/polskie\/?s={search_term_string}\",\"query-input\":\"required name=search_term_string\"}],\"inLanguage\":\"en-GB\"},{\"@type\":\"WebPage\",\"@id\":\"https:\/\/www.houlihansolicitors.ie\/polskie\/opnie-o-nas\/#webpage\",\"url\":\"https:\/\/www.houlihansolicitors.ie\/polskie\/opnie-o-nas\/\",\"name\":\"OPNIE O NAS - Houlihan Solicitors\",\"isPartOf\":{\"@id\":\"https:\/\/www.houlihansolicitors.ie\/polskie\/#website\"},\"datePublished\":\"2016-10-10T13:33:22+00:00\",\"dateModified\":\"2020-09-02T11:09:38+00:00\",\"inLanguage\":\"en-GB\",\"potentialAction\":[{\"@type\":\"ReadAction\",\"target\":[\"https:\/\/www.houlihansolicitors.ie\/polskie\/opnie-o-nas\/\"]}]}]}<\/script>\n<!-- \/ Yoast SEO plugin. -->","_links":{"self":[{"href":"https:\/\/www.houlihansolicitors.ie\/polskie\/wp-json\/wp\/v2\/pages\/13"}],"collection":[{"href":"https:\/\/www.houlihansolicitors.ie\/polskie\/wp-json\/wp\/v2\/pages"}],"about":[{"href":"https:\/\/www.houlihansolicitors.ie\/polskie\/wp-json\/wp\/v2\/types\/page"}],"author":[{"embeddable":true,"href":"https:\/\/www.houlihansolicitors.ie\/polskie\/wp-json\/wp\/v2\/users\/2"}],"replies":[{"embeddable":true,"href":"https:\/\/www.houlihansolicitors.ie\/polskie\/wp-json\/wp\/v2\/comments?post=13"}],"version-history":[{"count":7,"href":"https:\/\/www.houlihansolicitors.ie\/polskie\/wp-json\/wp\/v2\/pages\/13\/revisions"}],"predecessor-version":[{"id":618,"href":"https:\/\/www.houlihansolicitors.ie\/polskie\/wp-json\/wp\/v2\/pages\/13\/revisions\/618"}],"wp:attachment":[{"href":"https:\/\/www.houlihansolicitors.ie\/polskie\/wp-json\/wp\/v2\/media?parent=13"}],"curies":[{"name":"wp","href":"https:\/\/api.w.org\/{rel}","templated":true}]}}