{"id":137,"date":"2016-10-12T17:11:54","date_gmt":"2016-10-12T16:11:54","guid":{"rendered":"http:\/\/www.houlihansolicitors.ie\/polskie\/?page_id=137"},"modified":"2020-09-02T12:09:37","modified_gmt":"2020-09-02T11:09:37","slug":"wypadki-w-pracy","status":"publish","type":"page","link":"https:\/\/www.houlihansolicitors.ie\/polskie\/zakres-dzialan\/obrazenia-cielesne\/wypadki-w-pracy\/","title":{"rendered":"WYPADKI W PRACY"},"content":{"rendered":"<div class=\"fusion-fullwidth fullwidth-box fusion-builder-row-1 hundred-percent-fullwidth non-hundred-percent-height-scrolling\" style=\"background-color: rgba(255,255,255,0);background-position: center center;background-repeat: no-repeat;padding-top:0px;padding-right:0px;padding-bottom:0px;padding-left:0px;margin-bottom: 0px;margin-top: 0px;border-width: 0px 0px 0px 0px;border-color:#eae9e9;border-style:solid;\" ><div class=\"fusion-builder-row fusion-row\"><div class=\"fusion-layout-column fusion_builder_column fusion-builder-column-0 fusion_builder_column_1_1 1_1 fusion-one-full fusion-column-first fusion-column-last fusion-column-no-min-height\" style=\"margin-top:0px;margin-bottom:0px;\"><div class=\"fusion-column-wrapper fusion-flex-column-wrapper-legacy\" style=\"background-position:left top;background-repeat:no-repeat;-webkit-background-size:cover;-moz-background-size:cover;-o-background-size:cover;background-size:cover;\"><div class=\"fusion-text fusion-text-1\"><p>Tw\u00f3j pracodawca ma obowi\u0105zek prawny\u00a0przeprowadzenia\u00a0szkolen\u00a0i przestrzegania\u00a0pewnych procedur w celu zminimalizowania ryzyka nara\u017cenia\u00a0pracownika na wypadki w pracy. Do jego\u00a0obowi\u0105zk\u00f3w nale\u017cy zapewnienie odpowiedniego sprz\u0119tu i\u00a0odzie\u017cy ochronnej\u00a0jak\u00a0rowniez\u00a0zapewnienie bezpiecznego \u015brodowiska pracy utrzymanego na wysokim poziomie. Pracodawca musi r\u00f3wnie\u017c zapewni\u0107 odpowiednie szkolenia i\u00a0dostep\u00a0do apteczki\u00a0pierwszej pomocy\u00a0oraz\u00a0\u00a0oszacowa\u0107\u00a0wszystkie\u00a0zagro\u017cenia w miejscu pracy, aby\u00a0zapobiegac\u00a0wszelkim\u00a0wypadkom. Je\u015bli pracodawca nie\u00a0zapewnia Ci\u00a0ww\u00a0rzeczy i gdy ucierpisz w wyniku tego zaniedbania masz prawo\u00a0\u00a0starac\u00a0sie\u00a0o odszkodowanie.\u00a0<span data-ccp-props=\"{\">\u00a0<\/span><\/p>\n<p>Cz\u0119sto wyst\u0119puj\u0105ce wypadki w\u00a0pracy\u00a0to;<span data-ccp-props=\"{\">\u00a0<\/span><\/p>\n<ul>\n<li data-listid=\"15\" aria-setsize=\"-1\" data-aria-posinset=\"1\" data-aria-level=\"1\">Po\u015blizgni\u0119cia i upadki na pod\u0142og\u0119.<span data-ccp-props=\"{\">\u00a0<\/span><\/li>\n<\/ul>\n<ul>\n<li data-listid=\"15\" aria-setsize=\"-1\" data-aria-posinset=\"1\" data-aria-level=\"1\">Upadek z wysoko\u015bci, tj. ze schod\u00f3w, drabin lub rusztowa\u0144.<span data-ccp-props=\"{\">\u00a0<\/span><\/li>\n<li data-listid=\"15\" aria-setsize=\"-1\" data-aria-posinset=\"2\" data-aria-level=\"1\">Urazy\u00a0wynikaj\u0105ce z przygniecenia przez niezabezpieczone przedmioty.<span data-ccp-props=\"{\">\u00a0<\/span><\/li>\n<li data-listid=\"15\" aria-setsize=\"-1\" data-aria-posinset=\"3\" data-aria-level=\"1\">Urazy wynikaj\u0105ce z podnoszenia, przenoszenia, pchania,\u00a0ci\u0105gni\u0119cia\u00a0oraz skr\u0119cania i obracania\u00a0cia\u0142a.<span data-ccp-props=\"{\">\u00a0<\/span><\/li>\n<li data-listid=\"15\" aria-setsize=\"-1\" data-aria-posinset=\"4\" data-aria-level=\"1\">Obs\u0142uga maszyn, kt\u00f3re nie by\u0142y odpowiednie do wykonania zadania\u00a0lub nie by\u0142y prawid\u0142owo obs\u0142ugiwane.<span data-ccp-props=\"{\">\u00a0<\/span><\/li>\n<li data-listid=\"15\" aria-setsize=\"-1\" data-aria-posinset=\"5\" data-aria-level=\"1\">Niezapewnienie odpowiedniej odzie\u017cy ochronnej i sprz\u0119tu przez co wystawienie\u00a0pracownika\u00a0na\u00a0dzialanie\u00a0niebezpiecznych lub chemicznych\u00a0substancji.<span data-ccp-props=\"{\">\u00a0<\/span><\/li>\n<\/ul>\n<ul>\n<li data-listid=\"15\" aria-setsize=\"-1\" data-aria-posinset=\"1\" data-aria-level=\"1\">Zagro\u017cenia zwi\u0105zane z u\u017cywaniem i przemieszczaniem\u00a0sie\u00a0pojazd\u00f3w transportowych w miejscu pracy.<span data-ccp-props=\"{\">\u00a0<\/span><\/li>\n<\/ul>\n<p>Je\u015bli pracodawca nie wywi\u0105zuje si\u0119 ze swoich obowi\u0105zk\u00f3w prawnych, w wyniku czego\u00a0pracownik dozna uszczerbku na zdrowiu, ma on prawo\u00a0ubiegac\u00a0sie\u00a0o odszkodowanie\u00a0nie tylko za\u00a0poniesione\u00a0szkody, ale r\u00f3wnie\u017c za trwa\u0142y b\u00f3l i cierpienia oraz wydatki finansowe, takie jak:<span data-ccp-props=\"{\">\u00a0<\/span><\/p>\n<ul>\n<li data-listid=\"16\" aria-setsize=\"-1\" data-aria-posinset=\"2\" data-aria-level=\"1\">Utrata zarobk\u00f3w\u00a0<span data-ccp-props=\"{\">\u00a0<\/span><\/li>\n<li data-listid=\"16\" aria-setsize=\"-1\" data-aria-posinset=\"3\" data-aria-level=\"1\">Leczenie medyczne<span data-ccp-props=\"{\">\u00a0<\/span><\/li>\n<\/ul>\n<ul>\n<li data-listid=\"16\" aria-setsize=\"-1\" data-aria-posinset=\"1\" data-aria-level=\"1\">Urz\u0105dzenia i sprz\u0119t medyczny<span data-ccp-props=\"{\">\u00a0<\/span><\/li>\n<li data-listid=\"16\" aria-setsize=\"-1\" data-aria-posinset=\"2\" data-aria-level=\"1\">Us\u0142ugi rehabilitacyjne<span data-ccp-props=\"{\">\u00a0<\/span><\/li>\n<li data-listid=\"16\" aria-setsize=\"-1\" data-aria-posinset=\"3\" data-aria-level=\"1\">Leki na recept\u0119<span data-ccp-props=\"{\">\u00a0<\/span><\/li>\n<li data-listid=\"16\" aria-setsize=\"-1\" data-aria-posinset=\"4\" data-aria-level=\"1\">Dostosowanie\u00a0zakwaterowania i transportu<span data-ccp-props=\"{\">\u00a0<\/span><\/li>\n<li data-listid=\"16\" aria-setsize=\"-1\" data-aria-posinset=\"5\" data-aria-level=\"1\">Koszty podr\u00f3\u017cy<span data-ccp-props=\"{\">\u00a0<\/span><\/li>\n<\/ul>\n<p>Je\u015bli my\u015blisz o\u00a0wniesieniu sprawy\u00a0i staranie\u00a0sie\u00a0o odszkodowanie od swojego pracodawcy, mo\u017cesz zrobi\u0107 kilka rzeczy, kt\u00f3re pozwol\u0105 Ci\u00a0odniesc\u00a0jak najwi\u0119ksz\u0105 korzy\u015b\u0107. Jak najszybciej\u00a0powiadom\u00a0o wypadku swojego pracodawc\u0119.\u00a0\u00a0Pracodawca ma\u00a0obowiazek\u00a0wpisania incydentu do ksi\u0105\u017cki\u00a0wypadkow, co\u00a0bedzie\u00a0dowodemna\u00a0poparcie twojego wniosku. Je\u015bli nie jest to mo\u017cliwe, powiniene\u015b\u00a0zrobi\u0107 pisemn\u0105 notatk\u0119 o wypadku. Nale\u017cy r\u00f3wnie\u017c skontaktowa\u0107 si\u0119 z lekarzem, aby uzyska\u0107 dowody medyczne dotycz\u0105ce uszkodzenia cia\u0142a, nawet je\u015bli uwa\u017casz, \u017ce nie jest to powa\u017cne. Zapiski lekarskie z Twoich wizyt,\u00a0sa\u00a0dowodami w sprawie i na nich\u00a0opiera si\u0119 rekompensata.\u00a0 Wa\u017cne jest, aby\u00a0posiadac\u00a0aktualny rejestr wszystkich wizyt.\u00a0\u00a0<span data-ccp-props=\"{\">\u00a0<\/span><\/p>\n<p><span data-ccp-props=\"{\">\u00a0<\/span><\/p>\n<p>Je\u015bli by\u0142e\u015b zaanga\u017cowany w wypadek przy pracy i\u00a0myslisz, \u017ce masz prawo\u00a0ubiega\u0107\u00a0sie\u00a0o odszkodowanie, skontaktuj si\u0119 z\u00a0Houlihan\u00a0Solicitors\u00a0pod numerem 061 502 090 lub wy\u015blij e-mail na adres info@houlihansolicitors.ie, aby um\u00f3wi\u0107 si\u0119 na\u00a0darmowa\u00a0konsultacj\u0119\u00a0z jednym z naszych do\u015bwiadczonych\u00a0specjalist\u00f3w.<span data-ccp-props=\"{\">\u00a0<\/span><\/p>\n<p>&nbsp;<\/p>\n<p><span data-ccp-props=\"{\">\u00a0<\/span><\/p>\n<\/div><div class=\"fusion-sep-clear\"><\/div><div class=\"fusion-separator fusion-full-width-sep\" style=\"margin-left: auto;margin-right: auto;margin-top:20px;width:100%;\"><\/div><div class=\"fusion-sep-clear\"><\/div><div class=\"fusion-text fusion-text-2\"><p>* W spornych sprawach prawnicy nie mog\u0105 oblicza\u0107 swojego\u00a0hororarium\u00a0jako\u00a0procentu\u00a0od przyznanej kwoty.<span data-ccp-props=\"{\">\u00a0<\/span><\/p>\n<\/div><div class=\"fusion-clearfix\"><\/div><\/div><\/div><\/div><style type=\"text\/css\">.fusion-fullwidth.fusion-builder-row-1 { overflow:visible; }<\/style><\/div>\n","protected":false},"excerpt":{"rendered":"","protected":false},"author":2,"featured_media":0,"parent":80,"menu_order":16,"comment_status":"closed","ping_status":"closed","template":"single-practice.php","meta":[],"yoast_head":"<!-- This site is optimized with the Yoast SEO plugin v14.9 - https:\/\/yoast.com\/wordpress\/plugins\/seo\/ -->\n<title>WYPADKI W PRACY - Houlihan Solicitors<\/title>\n<meta name=\"robots\" content=\"index, follow, max-snippet:-1, max-image-preview:large, max-video-preview:-1\" \/>\n<link rel=\"canonical\" href=\"https:\/\/www.houlihansolicitors.ie\/polskie\/zakres-dzialan\/obrazenia-cielesne\/wypadki-w-pracy\/\" \/>\n<meta property=\"og:locale\" content=\"en_GB\" \/>\n<meta property=\"og:type\" content=\"article\" \/>\n<meta property=\"og:title\" content=\"WYPADKI W PRACY - Houlihan Solicitors\" \/>\n<meta property=\"og:url\" content=\"https:\/\/www.houlihansolicitors.ie\/polskie\/zakres-dzialan\/obrazenia-cielesne\/wypadki-w-pracy\/\" \/>\n<meta property=\"og:site_name\" content=\"Houlihan Solicitors\" \/>\n<meta property=\"article:modified_time\" content=\"2020-09-02T11:09:37+00:00\" \/>\n<meta name=\"twitter:card\" content=\"summary\" \/>\n<script type=\"application\/ld+json\" class=\"yoast-schema-graph\">{\"@context\":\"https:\/\/schema.org\",\"@graph\":[{\"@type\":\"WebSite\",\"@id\":\"https:\/\/www.houlihansolicitors.ie\/polskie\/#website\",\"url\":\"https:\/\/www.houlihansolicitors.ie\/polskie\/\",\"name\":\"Houlihan Solicitors\",\"description\":\"\",\"potentialAction\":[{\"@type\":\"SearchAction\",\"target\":\"https:\/\/www.houlihansolicitors.ie\/polskie\/?s={search_term_string}\",\"query-input\":\"required name=search_term_string\"}],\"inLanguage\":\"en-GB\"},{\"@type\":\"WebPage\",\"@id\":\"https:\/\/www.houlihansolicitors.ie\/polskie\/zakres-dzialan\/obrazenia-cielesne\/wypadki-w-pracy\/#webpage\",\"url\":\"https:\/\/www.houlihansolicitors.ie\/polskie\/zakres-dzialan\/obrazenia-cielesne\/wypadki-w-pracy\/\",\"name\":\"WYPADKI W PRACY - Houlihan Solicitors\",\"isPartOf\":{\"@id\":\"https:\/\/www.houlihansolicitors.ie\/polskie\/#website\"},\"datePublished\":\"2016-10-12T16:11:54+00:00\",\"dateModified\":\"2020-09-02T11:09:37+00:00\",\"inLanguage\":\"en-GB\",\"potentialAction\":[{\"@type\":\"ReadAction\",\"target\":[\"https:\/\/www.houlihansolicitors.ie\/polskie\/zakres-dzialan\/obrazenia-cielesne\/wypadki-w-pracy\/\"]}]}]}<\/script>\n<!-- \/ Yoast SEO plugin. -->","_links":{"self":[{"href":"https:\/\/www.houlihansolicitors.ie\/polskie\/wp-json\/wp\/v2\/pages\/137"}],"collection":[{"href":"https:\/\/www.houlihansolicitors.ie\/polskie\/wp-json\/wp\/v2\/pages"}],"about":[{"href":"https:\/\/www.houlihansolicitors.ie\/polskie\/wp-json\/wp\/v2\/types\/page"}],"author":[{"embeddable":true,"href":"https:\/\/www.houlihansolicitors.ie\/polskie\/wp-json\/wp\/v2\/users\/2"}],"replies":[{"embeddable":true,"href":"https:\/\/www.houlihansolicitors.ie\/polskie\/wp-json\/wp\/v2\/comments?post=137"}],"version-history":[{"count":8,"href":"https:\/\/www.houlihansolicitors.ie\/polskie\/wp-json\/wp\/v2\/pages\/137\/revisions"}],"predecessor-version":[{"id":613,"href":"https:\/\/www.houlihansolicitors.ie\/polskie\/wp-json\/wp\/v2\/pages\/137\/revisions\/613"}],"up":[{"embeddable":true,"href":"https:\/\/www.houlihansolicitors.ie\/polskie\/wp-json\/wp\/v2\/pages\/80"}],"wp:attachment":[{"href":"https:\/\/www.houlihansolicitors.ie\/polskie\/wp-json\/wp\/v2\/media?parent=137"}],"curies":[{"name":"wp","href":"https:\/\/api.w.org\/{rel}","templated":true}]}}