{"id":141,"date":"2016-10-12T17:13:43","date_gmt":"2016-10-12T16:13:43","guid":{"rendered":"http:\/\/www.houlihansolicitors.ie\/polskie\/?page_id=141"},"modified":"2020-09-02T12:09:37","modified_gmt":"2020-09-02T11:09:37","slug":"wypadki-w-miejscu-publicznym-prywatnym","status":"publish","type":"page","link":"https:\/\/www.houlihansolicitors.ie\/polskie\/zakres-dzialan\/obrazenia-cielesne\/wypadki-w-miejscu-publicznym-prywatnym\/","title":{"rendered":"WYPADKI W MIEJSCU PUBLICZNYM\/ PRYWATNYM"},"content":{"rendered":"<div class=\"fusion-fullwidth fullwidth-box fusion-builder-row-1 hundred-percent-fullwidth non-hundred-percent-height-scrolling\" style=\"background-color: rgba(255,255,255,0);background-position: center center;background-repeat: no-repeat;padding-top:0px;padding-right:0px;padding-bottom:0px;padding-left:0px;margin-bottom: 0px;margin-top: 0px;border-width: 0px 0px 0px 0px;border-color:#eae9e9;border-style:solid;\" ><div class=\"fusion-builder-row fusion-row\"><div class=\"fusion-layout-column fusion_builder_column fusion-builder-column-0 fusion_builder_column_1_1 1_1 fusion-one-full fusion-column-first fusion-column-last fusion-column-no-min-height\" style=\"margin-top:0px;margin-bottom:0px;\"><div class=\"fusion-column-wrapper fusion-flex-column-wrapper-legacy\" style=\"background-position:left top;background-repeat:no-repeat;-webkit-background-size:cover;-moz-background-size:cover;-o-background-size:cover;background-size:cover;\"><div class=\"fusion-text fusion-text-1\"><p>Wszyscy w\u0142a\u015bciciele nieruchomo\u015bci, niezale\u017cnie od tego, czy maj\u0105 do czynienia z nieruchomo\u015bciami publicznymi czy prywatnymi, maj\u0105 obowi\u0105zek zachowania czysto\u015bci i bezpiecze\u0144stwa w pomieszczeniach, a wielu\u00a0z nich posiada ubezpieczenie\u00a0od po\u015blizg\u00f3w i upadk\u00f3w. Oznacza to, \u017ce je\u015bli odnios\u0142e\u015b uraz\u00a0z powodu niebezpiecznego stanu\u00a0nieruchomosci\u00a0z winy w\u0142a\u015bciciela lub jego\u00a0pracownika,\u00a0mozesz\u00a0wniesc\u00a0roszczenie przeciw w\u0142a\u015bcicielowi.<span data-ccp-props=\"{&quot;201341983&quot;:0,&quot;335559739&quot;:160,&quot;335559740&quot;:259}\">\u00a0<\/span><\/p>\n<p>Je\u015bli potkn\u0105\u0142e\u015b si\u0119 o co\u015b, co\u00a0powinno\u00a0tam\u00a0by\u0107, np.\u00a0kraw\u0119\u017cnik, to prawdopodobnie\u00a0jest to Twoja wina. Je\u015bli jednak\u00a0sie\u00a0po\u015blizgniesz\u00a0i wpadniesz na co\u015b, czego\u00a0nie powinno\u00a0tam by\u0107, np. na mokrej pod\u0142odze, mo\u017ce to by\u0107 wina innej osoby. Wypadki w miejscach publicznych mog\u0105 si\u0119 zdarzy\u0107 w dowolnym miejscu, np.\u00a0<span data-ccp-props=\"{&quot;201341983&quot;:0,&quot;335559739&quot;:160,&quot;335559740&quot;:259}\">\u00a0<\/span><\/p>\n<ul>\n<li data-listid=\"17\" aria-setsize=\"-1\" data-aria-posinset=\"1\" data-aria-level=\"1\">na chodnikach\u00a0<span data-ccp-props=\"{&quot;134233279&quot;:true,&quot;201341983&quot;:0,&quot;335559739&quot;:160,&quot;335559740&quot;:259}\">\u00a0<\/span><\/li>\n<li data-listid=\"17\" aria-setsize=\"-1\" data-aria-posinset=\"2\" data-aria-level=\"1\">na\u00a0placach zabaw,<span data-ccp-props=\"{&quot;134233279&quot;:true,&quot;201341983&quot;:0,&quot;335559739&quot;:160,&quot;335559740&quot;:259}\">\u00a0<\/span><\/li>\n<li data-listid=\"17\" aria-setsize=\"-1\" data-aria-posinset=\"3\" data-aria-level=\"1\">w sklepach lub restauracjach,<span data-ccp-props=\"{&quot;134233279&quot;:true,&quot;201341983&quot;:0,&quot;335559739&quot;:160,&quot;335559740&quot;:259}\">\u00a0<\/span><\/li>\n<li data-listid=\"17\" aria-setsize=\"-1\" data-aria-posinset=\"4\" data-aria-level=\"1\">parkingach itp.<span data-ccp-props=\"{&quot;134233279&quot;:true,&quot;201341983&quot;:0,&quot;335559739&quot;:160,&quot;335559740&quot;:259}\">\u00a0<\/span><\/li>\n<\/ul>\n<p>Wi\u0119kszo\u015b\u0107 wypadk\u00f3w w miejscach publicznych w Irlandii jest wynikiem:<span data-ccp-props=\"{&quot;201341983&quot;:0,&quot;335559739&quot;:160,&quot;335559740&quot;:259}\">\u00a0<\/span><\/p>\n<ul>\n<li data-listid=\"18\" aria-setsize=\"-1\" data-aria-posinset=\"1\" data-aria-level=\"1\">\u00a0Po\u015blizgni\u0119cia si\u0119 i\u00a0opadku\u00a0na mokr\u0105 pod\u0142og\u0119.<span data-ccp-props=\"{&quot;134233279&quot;:true,&quot;201341983&quot;:0,&quot;335559739&quot;:160,&quot;335559740&quot;:259}\">\u00a0<\/span><\/li>\n<li data-listid=\"18\" aria-setsize=\"-1\" data-aria-posinset=\"2\" data-aria-level=\"1\">Przewrocenia\u00a0sie\u00a0na\u00a0nier\u00f3wnej powierzchni.<span data-ccp-props=\"{&quot;134233279&quot;:true,&quot;201341983&quot;:0,&quot;335559739&quot;:160,&quot;335559740&quot;:259}\">\u00a0<\/span><\/li>\n<li data-listid=\"18\" aria-setsize=\"-1\" data-aria-posinset=\"3\" data-aria-level=\"1\">\u00a0Co\u015b spad\u0142o na Ciebie\u00a0<span data-ccp-props=\"{&quot;134233279&quot;:true,&quot;201341983&quot;:0,&quot;335559739&quot;:160,&quot;335559740&quot;:259}\">\u00a0<\/span><\/li>\n<\/ul>\n<ul>\n<li data-listid=\"18\" aria-setsize=\"-1\" data-aria-posinset=\"1\" data-aria-level=\"1\">\u00a0Ataku\u00a0zwierz\u0119cia,\u00a0np. Psa.<span data-ccp-props=\"{&quot;134233279&quot;:true,&quot;201341983&quot;:0,&quot;335559739&quot;:160,&quot;335559740&quot;:259}\">\u00a0<\/span><\/li>\n<li data-listid=\"18\" aria-setsize=\"-1\" data-aria-posinset=\"2\" data-aria-level=\"1\">Wypadku w czasie\u00a0wakacji.<span data-ccp-props=\"{&quot;134233279&quot;:true,&quot;201341983&quot;:0,&quot;335559739&quot;:160,&quot;335559740&quot;:259}\">\u00a0<\/span><\/li>\n<\/ul>\n<p>Je\u015bli dozna\u0142e\u015b urazu w kt\u00f3rejkolwiek z tych okoliczno\u015bci lub w jakiejkolwiek innej sytuacji, skontaktuj si\u0119 z\u00a0Houlihan\u00a0Solicitors\u00a0pod numerem telefonu 061 502 090 lub wy\u015blij\u00a0info@houlihansolicitors.ie ,a\u00a0 my\u00a0ch\u0119tnie pomo\u017cemy Ci w uzyskaniu odszkodowania za poniesione\u00a0szkody.<span data-ccp-props=\"{&quot;201341983&quot;:0,&quot;335559739&quot;:160,&quot;335559740&quot;:259}\">\u00a0<\/span><\/p>\n<\/div><div class=\"fusion-sep-clear\"><\/div><div class=\"fusion-separator fusion-full-width-sep\" style=\"margin-left: auto;margin-right: auto;margin-top:20px;width:100%;\"><\/div><div class=\"fusion-sep-clear\"><\/div><div class=\"fusion-text fusion-text-2\"><p><span class=\"TextRun SCXW46362685\" lang=\"PL-PL\" xml:lang=\"PL-PL\"><span class=\"NormalTextRun SCXW46362685\">* W spornych sprawach prawnicy nie mog\u0105 oblicza\u0107 swojego\u00a0<\/span><span class=\"SpellingError SCXW46362685\">hororarium<\/span><span class=\"NormalTextRun SCXW46362685\">\u00a0jako\u00a0<\/span><\/span><span class=\"TextRun SCXW46362685\" lang=\"PL-PL\" xml:lang=\"PL-PL\"><span class=\"NormalTextRun SCXW46362685\">procent<\/span><\/span><span class=\"TextRun SCXW46362685\" lang=\"PL-PL\" xml:lang=\"PL-PL\"><span class=\"NormalTextRun SCXW46362685\">u<\/span><\/span><span class=\"TextRun SCXW46362685\" lang=\"PL-PL\" xml:lang=\"PL-PL\"><span class=\"NormalTextRun SCXW46362685\">\u00a0<\/span><\/span><span class=\"TextRun SCXW46362685\" lang=\"PL-PL\" xml:lang=\"PL-PL\"><span class=\"NormalTextRun SCXW46362685\">od przyznanej kwoty.<\/span><\/span><span class=\"EOP SCXW46362685\" data-ccp-props=\"{&quot;201341983&quot;:0,&quot;335559739&quot;:160,&quot;335559740&quot;:259}\">\u00a0<\/span><\/p>\n<\/div><div class=\"fusion-clearfix\"><\/div><\/div><\/div><\/div><style type=\"text\/css\">.fusion-fullwidth.fusion-builder-row-1 { overflow:visible; }<\/style><\/div>\n","protected":false},"excerpt":{"rendered":"","protected":false},"author":2,"featured_media":0,"parent":80,"menu_order":18,"comment_status":"closed","ping_status":"closed","template":"single-practice.php","meta":[],"yoast_head":"<!-- This site is optimized with the Yoast SEO plugin v14.9 - https:\/\/yoast.com\/wordpress\/plugins\/seo\/ -->\n<title>WYPADKI W MIEJSCU PUBLICZNYM\/ PRYWATNYM - Houlihan Solicitors<\/title>\n<meta name=\"robots\" content=\"index, follow, max-snippet:-1, max-image-preview:large, max-video-preview:-1\" \/>\n<link rel=\"canonical\" href=\"https:\/\/www.houlihansolicitors.ie\/polskie\/zakres-dzialan\/obrazenia-cielesne\/wypadki-w-miejscu-publicznym-prywatnym\/\" \/>\n<meta property=\"og:locale\" content=\"en_GB\" \/>\n<meta property=\"og:type\" content=\"article\" \/>\n<meta property=\"og:title\" content=\"WYPADKI W MIEJSCU PUBLICZNYM\/ PRYWATNYM - Houlihan Solicitors\" \/>\n<meta property=\"og:url\" content=\"https:\/\/www.houlihansolicitors.ie\/polskie\/zakres-dzialan\/obrazenia-cielesne\/wypadki-w-miejscu-publicznym-prywatnym\/\" \/>\n<meta property=\"og:site_name\" content=\"Houlihan Solicitors\" \/>\n<meta property=\"article:modified_time\" content=\"2020-09-02T11:09:37+00:00\" \/>\n<meta name=\"twitter:card\" content=\"summary\" \/>\n<script type=\"application\/ld+json\" class=\"yoast-schema-graph\">{\"@context\":\"https:\/\/schema.org\",\"@graph\":[{\"@type\":\"WebSite\",\"@id\":\"https:\/\/www.houlihansolicitors.ie\/polskie\/#website\",\"url\":\"https:\/\/www.houlihansolicitors.ie\/polskie\/\",\"name\":\"Houlihan Solicitors\",\"description\":\"\",\"potentialAction\":[{\"@type\":\"SearchAction\",\"target\":\"https:\/\/www.houlihansolicitors.ie\/polskie\/?s={search_term_string}\",\"query-input\":\"required name=search_term_string\"}],\"inLanguage\":\"en-GB\"},{\"@type\":\"WebPage\",\"@id\":\"https:\/\/www.houlihansolicitors.ie\/polskie\/zakres-dzialan\/obrazenia-cielesne\/wypadki-w-miejscu-publicznym-prywatnym\/#webpage\",\"url\":\"https:\/\/www.houlihansolicitors.ie\/polskie\/zakres-dzialan\/obrazenia-cielesne\/wypadki-w-miejscu-publicznym-prywatnym\/\",\"name\":\"WYPADKI W MIEJSCU PUBLICZNYM\/ PRYWATNYM - Houlihan Solicitors\",\"isPartOf\":{\"@id\":\"https:\/\/www.houlihansolicitors.ie\/polskie\/#website\"},\"datePublished\":\"2016-10-12T16:13:43+00:00\",\"dateModified\":\"2020-09-02T11:09:37+00:00\",\"inLanguage\":\"en-GB\",\"potentialAction\":[{\"@type\":\"ReadAction\",\"target\":[\"https:\/\/www.houlihansolicitors.ie\/polskie\/zakres-dzialan\/obrazenia-cielesne\/wypadki-w-miejscu-publicznym-prywatnym\/\"]}]}]}<\/script>\n<!-- \/ Yoast SEO plugin. -->","_links":{"self":[{"href":"https:\/\/www.houlihansolicitors.ie\/polskie\/wp-json\/wp\/v2\/pages\/141"}],"collection":[{"href":"https:\/\/www.houlihansolicitors.ie\/polskie\/wp-json\/wp\/v2\/pages"}],"about":[{"href":"https:\/\/www.houlihansolicitors.ie\/polskie\/wp-json\/wp\/v2\/types\/page"}],"author":[{"embeddable":true,"href":"https:\/\/www.houlihansolicitors.ie\/polskie\/wp-json\/wp\/v2\/users\/2"}],"replies":[{"embeddable":true,"href":"https:\/\/www.houlihansolicitors.ie\/polskie\/wp-json\/wp\/v2\/comments?post=141"}],"version-history":[{"count":9,"href":"https:\/\/www.houlihansolicitors.ie\/polskie\/wp-json\/wp\/v2\/pages\/141\/revisions"}],"predecessor-version":[{"id":614,"href":"https:\/\/www.houlihansolicitors.ie\/polskie\/wp-json\/wp\/v2\/pages\/141\/revisions\/614"}],"up":[{"embeddable":true,"href":"https:\/\/www.houlihansolicitors.ie\/polskie\/wp-json\/wp\/v2\/pages\/80"}],"wp:attachment":[{"href":"https:\/\/www.houlihansolicitors.ie\/polskie\/wp-json\/wp\/v2\/media?parent=141"}],"curies":[{"name":"wp","href":"https:\/\/api.w.org\/{rel}","templated":true}]}}