{"id":147,"date":"2016-10-12T17:17:16","date_gmt":"2016-10-12T16:17:16","guid":{"rendered":"http:\/\/www.houlihansolicitors.ie\/polskie\/?page_id=147"},"modified":"2017-09-29T11:46:05","modified_gmt":"2017-09-29T10:46:05","slug":"odpowiedzialnosc-za-produkt","status":"publish","type":"page","link":"https:\/\/www.houlihansolicitors.ie\/polskie\/zakres-dzialan\/obrazenia-cielesne\/odpowiedzialnosc-za-produkt\/","title":{"rendered":"ODPOWIEDZIALNO\u015a\u0106 ZA PRODUKT"},"content":{"rendered":"<div class=\"fusion-text fusion-text-1\"><p>Naszym celem w\u00a0Houlihan\u00a0Solicitors\u00a0jest\u00a0pozywanie\u00a0producent\u00f3w, hurtownik\u00f3w i sprzedawc\u00f3w\u00a0odpowiedzialnych za ich wadliwe lub niebezpieczne produkty. Rodzaje produkt\u00f3w, kt\u00f3re mog\u0105 by\u0107 wadliwe lub niebezpieczne obejmuj\u0105;<span data-ccp-props=\"{\">\u00a0<\/span><\/p>\n<ul>\n<li>\u017bywno\u015b\u0107,<\/li>\n<li>Leki,<\/li>\n<li>Samochody,<\/li>\n<li>Kosmetyki,<\/li>\n<li>codzienne przedmioty domowe<\/li>\n<\/ul>\n<p>Je\u015bli dozna\u0142e\u015b uszczerbku z powodu wadliwego\u00a0produkt (a prawid\u0142owo go u\u017cytkowa\u0142e\u015b), masz prawo do wniesienia roszczenia\u00a0przeciwko osobie, kt\u00f3ra jest\u00a0za niego\u00a0odpowiedzialna. Skontaktuj\u00a0si\u0119 z\u00a0Houlihan\u00a0Solicitors\u00a0pod\u00a0numerel\u00a0telefonu\u00a0061 502090 lub napisz do nas na adres info@houlihansolicitors.ie,\u00a0w celu darmowej konsultacji.\u00a0<span data-ccp-props=\"{\">\u00a0<\/span><\/p>\n<p>&nbsp;<\/p>\n<p><em><span class=\"TextRun SCXW128019818\" lang=\"PL-PL\" xml:lang=\"PL-PL\"><span class=\"NormalTextRun SCXW128019818\">* W spornych sprawach prawnicy nie mog\u0105 oblicza\u0107 swojego\u00a0<\/span><span class=\"SpellingError SCXW128019818\">hororarium<\/span><span class=\"NormalTextRun SCXW128019818\">\u00a0jako\u00a0<\/span><\/span><span class=\"TextRun SCXW128019818\" lang=\"PL-PL\" xml:lang=\"PL-PL\"><span class=\"NormalTextRun SCXW128019818\">procent<\/span><\/span><span class=\"TextRun SCXW128019818\" lang=\"PL-PL\" xml:lang=\"PL-PL\"><span class=\"NormalTextRun SCXW128019818\">u<\/span><\/span><span class=\"TextRun SCXW128019818\" lang=\"PL-PL\" xml:lang=\"PL-PL\"><span class=\"NormalTextRun SCXW128019818\">\u00a0<\/span><\/span><span class=\"TextRun SCXW128019818\" lang=\"PL-PL\" xml:lang=\"PL-PL\"><span class=\"NormalTextRun SCXW128019818\">od przyznanej kwoty.<\/span><\/span><span class=\"EOP SCXW128019818\" data-ccp-props=\"{&quot;201341983&quot;:0,&quot;335559739&quot;:160,&quot;335559740&quot;:259}\">\u00a0<\/span><\/em><\/p>\n<\/div>\n","protected":false},"excerpt":{"rendered":"","protected":false},"author":2,"featured_media":0,"parent":80,"menu_order":20,"comment_status":"closed","ping_status":"closed","template":"single-practice.php","meta":[],"yoast_head":"<!-- This site is optimized with the Yoast SEO plugin v14.9 - https:\/\/yoast.com\/wordpress\/plugins\/seo\/ -->\n<title>ODPOWIEDZIALNO\u015a\u0106 ZA PRODUKT - Houlihan Solicitors<\/title>\n<meta name=\"robots\" content=\"index, follow, max-snippet:-1, max-image-preview:large, max-video-preview:-1\" \/>\n<link rel=\"canonical\" href=\"https:\/\/www.houlihansolicitors.ie\/polskie\/zakres-dzialan\/obrazenia-cielesne\/odpowiedzialnosc-za-produkt\/\" \/>\n<meta property=\"og:locale\" content=\"en_GB\" \/>\n<meta property=\"og:type\" content=\"article\" \/>\n<meta property=\"og:title\" content=\"ODPOWIEDZIALNO\u015a\u0106 ZA PRODUKT - Houlihan Solicitors\" \/>\n<meta property=\"og:url\" content=\"https:\/\/www.houlihansolicitors.ie\/polskie\/zakres-dzialan\/obrazenia-cielesne\/odpowiedzialnosc-za-produkt\/\" \/>\n<meta property=\"og:site_name\" content=\"Houlihan Solicitors\" \/>\n<meta property=\"article:modified_time\" content=\"2017-09-29T10:46:05+00:00\" \/>\n<meta name=\"twitter:card\" content=\"summary\" \/>\n<script type=\"application\/ld+json\" class=\"yoast-schema-graph\">{\"@context\":\"https:\/\/schema.org\",\"@graph\":[{\"@type\":\"WebSite\",\"@id\":\"https:\/\/www.houlihansolicitors.ie\/polskie\/#website\",\"url\":\"https:\/\/www.houlihansolicitors.ie\/polskie\/\",\"name\":\"Houlihan Solicitors\",\"description\":\"\",\"potentialAction\":[{\"@type\":\"SearchAction\",\"target\":\"https:\/\/www.houlihansolicitors.ie\/polskie\/?s={search_term_string}\",\"query-input\":\"required name=search_term_string\"}],\"inLanguage\":\"en-GB\"},{\"@type\":\"WebPage\",\"@id\":\"https:\/\/www.houlihansolicitors.ie\/polskie\/zakres-dzialan\/obrazenia-cielesne\/odpowiedzialnosc-za-produkt\/#webpage\",\"url\":\"https:\/\/www.houlihansolicitors.ie\/polskie\/zakres-dzialan\/obrazenia-cielesne\/odpowiedzialnosc-za-produkt\/\",\"name\":\"ODPOWIEDZIALNO\\u015a\\u0106 ZA PRODUKT - Houlihan Solicitors\",\"isPartOf\":{\"@id\":\"https:\/\/www.houlihansolicitors.ie\/polskie\/#website\"},\"datePublished\":\"2016-10-12T16:17:16+00:00\",\"dateModified\":\"2017-09-29T10:46:05+00:00\",\"inLanguage\":\"en-GB\",\"potentialAction\":[{\"@type\":\"ReadAction\",\"target\":[\"https:\/\/www.houlihansolicitors.ie\/polskie\/zakres-dzialan\/obrazenia-cielesne\/odpowiedzialnosc-za-produkt\/\"]}]}]}<\/script>\n<!-- \/ Yoast SEO plugin. -->","_links":{"self":[{"href":"https:\/\/www.houlihansolicitors.ie\/polskie\/wp-json\/wp\/v2\/pages\/147"}],"collection":[{"href":"https:\/\/www.houlihansolicitors.ie\/polskie\/wp-json\/wp\/v2\/pages"}],"about":[{"href":"https:\/\/www.houlihansolicitors.ie\/polskie\/wp-json\/wp\/v2\/types\/page"}],"author":[{"embeddable":true,"href":"https:\/\/www.houlihansolicitors.ie\/polskie\/wp-json\/wp\/v2\/users\/2"}],"replies":[{"embeddable":true,"href":"https:\/\/www.houlihansolicitors.ie\/polskie\/wp-json\/wp\/v2\/comments?post=147"}],"version-history":[{"count":7,"href":"https:\/\/www.houlihansolicitors.ie\/polskie\/wp-json\/wp\/v2\/pages\/147\/revisions"}],"predecessor-version":[{"id":497,"href":"https:\/\/www.houlihansolicitors.ie\/polskie\/wp-json\/wp\/v2\/pages\/147\/revisions\/497"}],"up":[{"embeddable":true,"href":"https:\/\/www.houlihansolicitors.ie\/polskie\/wp-json\/wp\/v2\/pages\/80"}],"wp:attachment":[{"href":"https:\/\/www.houlihansolicitors.ie\/polskie\/wp-json\/wp\/v2\/media?parent=147"}],"curies":[{"name":"wp","href":"https:\/\/api.w.org\/{rel}","templated":true}]}}