{"id":174,"date":"2016-10-13T16:22:35","date_gmt":"2016-10-13T15:22:35","guid":{"rendered":"http:\/\/www.houlihansolicitors.ie\/polskie\/?page_id=174"},"modified":"2017-09-29T11:47:42","modified_gmt":"2017-09-29T10:47:42","slug":"zle-zdiagnozowane-urazy-lub-choroby","status":"publish","type":"page","link":"https:\/\/www.houlihansolicitors.ie\/polskie\/zakres-dzialan\/zaniedbania-medyczne\/zle-zdiagnozowane-urazy-lub-choroby\/","title":{"rendered":"\u0179LE ZDIAGNOZOWANE URAZY LUB CHOROBY"},"content":{"rendered":"<p><span class=\"TextRun SCXW43102594\" lang=\"PL-PL\" xml:lang=\"PL-PL\"><span class=\"NormalTextRun SCXW43102594\">Mylna diagnoza oznacza wydanie\u00a0<\/span><\/span><span class=\"TextRun SCXW43102594\" lang=\"PL-PL\" xml:lang=\"PL-PL\"><span class=\"NormalTextRun SCXW43102594\">niep<\/span><\/span><span class=\"TextRun SCXW43102594\" lang=\"PL-PL\" xml:lang=\"PL-PL\"><span class=\"NormalTextRun SCXW43102594\">rawid\u0142owej diagnozy, np. gdy z\u0142amanie jest rozpoznane<\/span><\/span><span class=\"TextRun SCXW43102594\" lang=\"PL-PL\" xml:lang=\"PL-PL\"><span class=\"NormalTextRun SCXW43102594\">\u00a0jako zwichni\u0119cie lub osoba\u00a0<\/span><\/span><span class=\"TextRun SCXW43102594\" lang=\"PL-PL\" xml:lang=\"PL-PL\"><span class=\"NormalTextRun SCXW43102594\">jest poinformowana o diagnozie\u00a0<\/span><\/span><span class=\"TextRun SCXW43102594\" lang=\"PL-PL\" xml:lang=\"PL-PL\"><span class=\"SpellingError SCXW43102594\">raku<\/span><\/span><span class=\"TextRun SCXW43102594\" lang=\"PL-PL\" xml:lang=\"PL-PL\"><span class=\"SpellingError SCXW43102594\">a<\/span><\/span><span class=\"TextRun SCXW43102594\" lang=\"PL-PL\" xml:lang=\"PL-PL\"><span class=\"NormalTextRun SCXW43102594\">,<\/span><\/span><span class=\"TextRun SCXW43102594\" lang=\"PL-PL\" xml:lang=\"PL-PL\"><span class=\"NormalTextRun SCXW43102594\">\u00a0a\u00a0<\/span><span class=\"SpellingError SCXW43102594\">wrzeczysto<\/span><\/span><span class=\"TextRun SCXW43102594\" lang=\"PL-PL\" xml:lang=\"PL-PL\"><span class=\"SpellingError SCXW43102594\">\u015b<\/span><\/span><span class=\"TextRun SCXW43102594\" lang=\"PL-PL\" xml:lang=\"PL-PL\"><span class=\"SpellingError SCXW43102594\">ci<\/span><span class=\"NormalTextRun SCXW43102594\">\u00a0go nie ma.\u00a0\u00a0<\/span><\/span><span class=\"TextRun SCXW43102594\" lang=\"PL-PL\" xml:lang=\"PL-PL\"><span class=\"NormalTextRun SCXW43102594\">Wa\u017cne jest, aby skontaktowa\u0107 si\u0119 z\u00a0<\/span><\/span><span class=\"TextRun SCXW43102594\" lang=\"PL-PL\" xml:lang=\"PL-PL\"><span class=\"NormalTextRun SCXW43102594\">prawnikiem specjalizuj<\/span><\/span><span class=\"TextRun SCXW43102594\" lang=\"PL-PL\" xml:lang=\"PL-PL\"><span class=\"NormalTextRun SCXW43102594\">\u0105<\/span><\/span><span class=\"TextRun SCXW43102594\" lang=\"PL-PL\" xml:lang=\"PL-PL\"><span class=\"NormalTextRun SCXW43102594\">cym si\u0119 w tego typu sprawach, aby poradzi\u0107 si\u0119,\u00a0<\/span><span class=\"ContextualSpellingAndGrammarError SCXW43102594\">czy\u00a0 w<\/span><span class=\"NormalTextRun SCXW43102594\">\u00a0tej sprawie mo\u017cna si\u0119 stara\u0107<\/span><\/span><span class=\"TextRun SCXW43102594\" lang=\"PL-PL\" xml:lang=\"PL-PL\"><span class=\"NormalTextRun SCXW43102594\">\u00a0o odszkodowanie.\u00a0\u00a0<\/span><\/span><span class=\"EOP SCXW43102594\" data-ccp-props=\"{&quot;201341983&quot;:0,&quot;335559739&quot;:160,&quot;335559740&quot;:259}\">\u00a0<\/span><\/p>\n<p>&nbsp;<\/p>\n","protected":false},"excerpt":{"rendered":"<p>Mylna diagnoza oznacza wydanie\u00a0nieprawid\u0142owej diagnozy, np. gdy z\u0142amanie jest rozpoznane\u00a0jako zwichni\u0119cie lub osoba\u00a0jest poinformowana o diagnozie\u00a0rakua,\u00a0a\u00a0wrzeczysto\u015bci\u00a0go nie ma.\u00a0\u00a0Wa\u017cne jest, aby skontaktowa\u0107 si\u0119 z\u00a0prawnikiem specjalizuj\u0105cym si\u0119 w tego typu sprawach, aby poradzi\u0107 si\u0119,\u00a0czy\u00a0 w\u00a0tej sprawie mo\u017cna si\u0119 stara\u0107\u00a0o odszkodowanie.\u00a0\u00a0\u00a0 &nbsp;<\/p>\n","protected":false},"author":2,"featured_media":0,"parent":105,"menu_order":28,"comment_status":"closed","ping_status":"closed","template":"single-practice.php","meta":[],"yoast_head":"<!-- This site is optimized with the Yoast SEO plugin v14.9 - https:\/\/yoast.com\/wordpress\/plugins\/seo\/ -->\n<title>\u0179LE ZDIAGNOZOWANE URAZY LUB CHOROBY - Houlihan Solicitors<\/title>\n<meta name=\"robots\" content=\"index, follow, max-snippet:-1, max-image-preview:large, max-video-preview:-1\" \/>\n<link rel=\"canonical\" href=\"https:\/\/www.houlihansolicitors.ie\/polskie\/zakres-dzialan\/zaniedbania-medyczne\/zle-zdiagnozowane-urazy-lub-choroby\/\" \/>\n<meta property=\"og:locale\" content=\"en_GB\" \/>\n<meta property=\"og:type\" content=\"article\" \/>\n<meta property=\"og:title\" content=\"\u0179LE ZDIAGNOZOWANE URAZY LUB CHOROBY - Houlihan Solicitors\" \/>\n<meta property=\"og:description\" content=\"Mylna diagnoza oznacza wydanie\u00a0nieprawid\u0142owej diagnozy, np. gdy z\u0142amanie jest rozpoznane\u00a0jako zwichni\u0119cie lub osoba\u00a0jest poinformowana o diagnozie\u00a0rakua,\u00a0a\u00a0wrzeczysto\u015bci\u00a0go nie ma.\u00a0\u00a0Wa\u017cne jest, aby skontaktowa\u0107 si\u0119 z\u00a0prawnikiem specjalizuj\u0105cym si\u0119 w tego typu sprawach, aby poradzi\u0107 si\u0119,\u00a0czy\u00a0 w\u00a0tej sprawie mo\u017cna si\u0119 stara\u0107\u00a0o odszkodowanie.\u00a0\u00a0\u00a0 &nbsp;\" \/>\n<meta property=\"og:url\" content=\"https:\/\/www.houlihansolicitors.ie\/polskie\/zakres-dzialan\/zaniedbania-medyczne\/zle-zdiagnozowane-urazy-lub-choroby\/\" \/>\n<meta property=\"og:site_name\" content=\"Houlihan Solicitors\" \/>\n<meta property=\"article:modified_time\" content=\"2017-09-29T10:47:42+00:00\" \/>\n<meta name=\"twitter:card\" content=\"summary\" \/>\n<script type=\"application\/ld+json\" class=\"yoast-schema-graph\">{\"@context\":\"https:\/\/schema.org\",\"@graph\":[{\"@type\":\"WebSite\",\"@id\":\"https:\/\/www.houlihansolicitors.ie\/polskie\/#website\",\"url\":\"https:\/\/www.houlihansolicitors.ie\/polskie\/\",\"name\":\"Houlihan Solicitors\",\"description\":\"\",\"potentialAction\":[{\"@type\":\"SearchAction\",\"target\":\"https:\/\/www.houlihansolicitors.ie\/polskie\/?s={search_term_string}\",\"query-input\":\"required name=search_term_string\"}],\"inLanguage\":\"en-GB\"},{\"@type\":\"WebPage\",\"@id\":\"https:\/\/www.houlihansolicitors.ie\/polskie\/zakres-dzialan\/zaniedbania-medyczne\/zle-zdiagnozowane-urazy-lub-choroby\/#webpage\",\"url\":\"https:\/\/www.houlihansolicitors.ie\/polskie\/zakres-dzialan\/zaniedbania-medyczne\/zle-zdiagnozowane-urazy-lub-choroby\/\",\"name\":\"\\u0179LE ZDIAGNOZOWANE URAZY LUB CHOROBY - Houlihan Solicitors\",\"isPartOf\":{\"@id\":\"https:\/\/www.houlihansolicitors.ie\/polskie\/#website\"},\"datePublished\":\"2016-10-13T15:22:35+00:00\",\"dateModified\":\"2017-09-29T10:47:42+00:00\",\"inLanguage\":\"en-GB\",\"potentialAction\":[{\"@type\":\"ReadAction\",\"target\":[\"https:\/\/www.houlihansolicitors.ie\/polskie\/zakres-dzialan\/zaniedbania-medyczne\/zle-zdiagnozowane-urazy-lub-choroby\/\"]}]}]}<\/script>\n<!-- \/ Yoast SEO plugin. -->","_links":{"self":[{"href":"https:\/\/www.houlihansolicitors.ie\/polskie\/wp-json\/wp\/v2\/pages\/174"}],"collection":[{"href":"https:\/\/www.houlihansolicitors.ie\/polskie\/wp-json\/wp\/v2\/pages"}],"about":[{"href":"https:\/\/www.houlihansolicitors.ie\/polskie\/wp-json\/wp\/v2\/types\/page"}],"author":[{"embeddable":true,"href":"https:\/\/www.houlihansolicitors.ie\/polskie\/wp-json\/wp\/v2\/users\/2"}],"replies":[{"embeddable":true,"href":"https:\/\/www.houlihansolicitors.ie\/polskie\/wp-json\/wp\/v2\/comments?post=174"}],"version-history":[{"count":4,"href":"https:\/\/www.houlihansolicitors.ie\/polskie\/wp-json\/wp\/v2\/pages\/174\/revisions"}],"predecessor-version":[{"id":507,"href":"https:\/\/www.houlihansolicitors.ie\/polskie\/wp-json\/wp\/v2\/pages\/174\/revisions\/507"}],"up":[{"embeddable":true,"href":"https:\/\/www.houlihansolicitors.ie\/polskie\/wp-json\/wp\/v2\/pages\/105"}],"wp:attachment":[{"href":"https:\/\/www.houlihansolicitors.ie\/polskie\/wp-json\/wp\/v2\/media?parent=174"}],"curies":[{"name":"wp","href":"https:\/\/api.w.org\/{rel}","templated":true}]}}