{"id":176,"date":"2016-10-13T16:25:03","date_gmt":"2016-10-13T15:25:03","guid":{"rendered":"http:\/\/www.houlihansolicitors.ie\/polskie\/?page_id=176"},"modified":"2017-09-29T11:47:18","modified_gmt":"2017-09-29T10:47:18","slug":"niezdiagnozowane-urazy-lub-choroby","status":"publish","type":"page","link":"https:\/\/www.houlihansolicitors.ie\/polskie\/zakres-dzialan\/zaniedbania-medyczne\/niezdiagnozowane-urazy-lub-choroby\/","title":{"rendered":"NIEZDIAGNOZOWANE URAZY LUB CHOROBY"},"content":{"rendered":"<p><span class=\"TextRun SCXW266667449\" lang=\"PL-PL\" xml:lang=\"PL-PL\"><span class=\"NormalTextRun SCXW266667449\">Je\u015bli\u00a0<\/span><\/span><span class=\"TextRun SCXW266667449\" lang=\"PL-PL\" xml:lang=\"PL-PL\"><span class=\"NormalTextRun SCXW266667449\">cierpia\u0142<\/span><\/span><span class=\"TextRun SCXW266667449\" lang=\"PL-PL\" xml:lang=\"PL-PL\"><span class=\"NormalTextRun SCXW266667449\">e<\/span><\/span><span class=\"TextRun SCXW266667449\" lang=\"PL-PL\" xml:lang=\"PL-PL\"><span class=\"NormalTextRun SCXW266667449\">\u015b\/ &#8211;<\/span><span class=\"SpellingError SCXW266667449\">a\u015b<\/span><\/span><span class=\"TextRun SCXW266667449\" lang=\"PL-PL\" xml:lang=\"PL-PL\"><span class=\"NormalTextRun SCXW266667449\">\u00a0na chorob\u0119,\u00a0<\/span><\/span><span class=\"TextRun SCXW266667449\" lang=\"PL-PL\" xml:lang=\"PL-PL\"><span class=\"SpellingError SCXW266667449\">ktora<\/span><span class=\"NormalTextRun SCXW266667449\">\u00a0<\/span><span class=\"SpellingError SCXW266667449\">byla<\/span><span class=\"NormalTextRun SCXW266667449\">\u00a0przez\u00a0<\/span><span class=\"SpellingError SCXW266667449\">jakios<\/span><span class=\"NormalTextRun SCXW266667449\">\u00a0czas nie zdiagnozowana, np.\u00a0<\/span><span class=\"SpellingError SCXW266667449\">Chodziles<\/span><span class=\"NormalTextRun SCXW266667449\">\u00a0do\u00a0<\/span><\/span><span class=\"TextRun SCXW266667449\" lang=\"PL-PL\" xml:lang=\"PL-PL\"><span class=\"NormalTextRun SCXW266667449\">lekarza<\/span><\/span><span class=\"TextRun SCXW266667449\" lang=\"PL-PL\" xml:lang=\"PL-PL\"><span class=\"NormalTextRun SCXW266667449\">\u00a0rodzinnego lub szpitala, ci\u0105gle\u00a0<\/span><span class=\"SpellingError SCXW266667449\">narzekajac<\/span><\/span><span class=\"TextRun SCXW266667449\" lang=\"PL-PL\" xml:lang=\"PL-PL\"><span class=\"NormalTextRun SCXW266667449\">\u00a0na pr<\/span><\/span><span class=\"TextRun SCXW266667449\" lang=\"PL-PL\" xml:lang=\"PL-PL\"><span class=\"NormalTextRun SCXW266667449\">oblemy zdrowotne i nie zdo\u0142ali C<\/span><\/span><span class=\"TextRun SCXW266667449\" lang=\"PL-PL\" xml:lang=\"PL-PL\"><span class=\"NormalTextRun SCXW266667449\">i\u00a0<\/span><\/span><span class=\"TextRun SCXW266667449\" lang=\"PL-PL\" xml:lang=\"PL-PL\"><span class=\"NormalTextRun SCXW266667449\">tego zdiagnozowa\u0107, a w wyniku czego<\/span><\/span><span class=\"TextRun SCXW266667449\" lang=\"PL-PL\" xml:lang=\"PL-PL\"><span class=\"NormalTextRun SCXW266667449\">\u00a0do<\/span><\/span><span class=\"TextRun SCXW266667449\" lang=\"PL-PL\" xml:lang=\"PL-PL\"><span class=\"NormalTextRun SCXW266667449\">sz\u0142o do\u00a0<\/span><span class=\"SpellingError SCXW266667449\">suszczerbku<\/span><span class=\"NormalTextRun SCXW266667449\">,\u00a0<\/span><span class=\"ContextualSpellingAndGrammarError SCXW266667449\">to\u00a0 m<\/span><\/span><span class=\"TextRun SCXW266667449\" lang=\"PL-PL\" xml:lang=\"PL-PL\"><span class=\"ContextualSpellingAndGrammarError SCXW266667449\">o\u017cesz<\/span><span class=\"NormalTextRun SCXW266667449\">\u00a0mie\u0107 prawo do\u00a0<\/span><\/span><span class=\"TextRun SCXW266667449\" lang=\"PL-PL\" xml:lang=\"PL-PL\"><span class=\"NormalTextRun SCXW266667449\">starania\u00a0<\/span><span class=\"SpellingError SCXW266667449\">sie<\/span><span class=\"NormalTextRun SCXW266667449\">\u00a0o odszkodowanie z\u00a0<\/span><span class=\"SpellingError SCXW266667449\">tytulu<\/span><span class=\"NormalTextRun SCXW266667449\">\u00a0zaniedbania medycznego<\/span><\/span><span class=\"TextRun SCXW266667449\" lang=\"PL-PL\" xml:lang=\"PL-PL\"><span class=\"NormalTextRun SCXW266667449\">. Wa\u017cne jest, aby skontaktowa\u0107 si\u0119 z\u00a0<\/span><\/span><span class=\"TextRun SCXW266667449\" lang=\"PL-PL\" xml:lang=\"PL-PL\"><span class=\"NormalTextRun SCXW266667449\">prawnikiem,\u00a0<\/span><span class=\"SpellingError SCXW266667449\">ktory<\/span><span class=\"NormalTextRun SCXW266667449\">\u00a0specjalizuje\u00a0<\/span><span class=\"SpellingError SCXW266667449\">sie<\/span><span class=\"NormalTextRun SCXW266667449\">\u00a0w zaniedbaniach medycznych.\u00a0<\/span><\/span><\/p>\n","protected":false},"excerpt":{"rendered":"<p>Je\u015bli\u00a0cierpia\u0142e\u015b\/ &#8211;a\u015b\u00a0na chorob\u0119,\u00a0ktora\u00a0byla\u00a0przez\u00a0jakios\u00a0czas nie zdiagnozowana, np.\u00a0Chodziles\u00a0do\u00a0lekarza\u00a0rodzinnego lub szpitala, ci\u0105gle\u00a0narzekajac\u00a0na problemy zdrowotne i nie zdo\u0142ali Ci\u00a0tego zdiagnozowa\u0107, a w wyniku czego\u00a0dosz\u0142o do\u00a0suszczerbku,\u00a0to\u00a0 mo\u017cesz\u00a0mie\u0107 prawo do\u00a0starania\u00a0sie\u00a0o odszkodowanie z\u00a0tytulu\u00a0zaniedbania medycznego. Wa\u017cne jest, aby skontaktowa\u0107 si\u0119 z\u00a0prawnikiem,\u00a0ktory\u00a0specjalizuje\u00a0sie\u00a0w zaniedbaniach medycznych.\u00a0<\/p>\n","protected":false},"author":2,"featured_media":0,"parent":105,"menu_order":25,"comment_status":"closed","ping_status":"closed","template":"single-practice.php","meta":[],"yoast_head":"<!-- This site is optimized with the Yoast SEO plugin v14.9 - https:\/\/yoast.com\/wordpress\/plugins\/seo\/ -->\n<title>NIEZDIAGNOZOWANE URAZY LUB CHOROBY - Houlihan Solicitors<\/title>\n<meta name=\"robots\" content=\"index, follow, max-snippet:-1, max-image-preview:large, max-video-preview:-1\" \/>\n<link rel=\"canonical\" href=\"https:\/\/www.houlihansolicitors.ie\/polskie\/zakres-dzialan\/zaniedbania-medyczne\/niezdiagnozowane-urazy-lub-choroby\/\" \/>\n<meta property=\"og:locale\" content=\"en_GB\" \/>\n<meta property=\"og:type\" content=\"article\" \/>\n<meta property=\"og:title\" content=\"NIEZDIAGNOZOWANE URAZY LUB CHOROBY - Houlihan Solicitors\" \/>\n<meta property=\"og:description\" content=\"Je\u015bli\u00a0cierpia\u0142e\u015b\/ &#8211;a\u015b\u00a0na chorob\u0119,\u00a0ktora\u00a0byla\u00a0przez\u00a0jakios\u00a0czas nie zdiagnozowana, np.\u00a0Chodziles\u00a0do\u00a0lekarza\u00a0rodzinnego lub szpitala, ci\u0105gle\u00a0narzekajac\u00a0na problemy zdrowotne i nie zdo\u0142ali Ci\u00a0tego zdiagnozowa\u0107, a w wyniku czego\u00a0dosz\u0142o do\u00a0suszczerbku,\u00a0to\u00a0 mo\u017cesz\u00a0mie\u0107 prawo do\u00a0starania\u00a0sie\u00a0o odszkodowanie z\u00a0tytulu\u00a0zaniedbania medycznego. Wa\u017cne jest, aby skontaktowa\u0107 si\u0119 z\u00a0prawnikiem,\u00a0ktory\u00a0specjalizuje\u00a0sie\u00a0w zaniedbaniach medycznych.\u00a0\" \/>\n<meta property=\"og:url\" content=\"https:\/\/www.houlihansolicitors.ie\/polskie\/zakres-dzialan\/zaniedbania-medyczne\/niezdiagnozowane-urazy-lub-choroby\/\" \/>\n<meta property=\"og:site_name\" content=\"Houlihan Solicitors\" \/>\n<meta property=\"article:modified_time\" content=\"2017-09-29T10:47:18+00:00\" \/>\n<meta name=\"twitter:card\" content=\"summary\" \/>\n<script type=\"application\/ld+json\" class=\"yoast-schema-graph\">{\"@context\":\"https:\/\/schema.org\",\"@graph\":[{\"@type\":\"WebSite\",\"@id\":\"https:\/\/www.houlihansolicitors.ie\/polskie\/#website\",\"url\":\"https:\/\/www.houlihansolicitors.ie\/polskie\/\",\"name\":\"Houlihan Solicitors\",\"description\":\"\",\"potentialAction\":[{\"@type\":\"SearchAction\",\"target\":\"https:\/\/www.houlihansolicitors.ie\/polskie\/?s={search_term_string}\",\"query-input\":\"required name=search_term_string\"}],\"inLanguage\":\"en-GB\"},{\"@type\":\"WebPage\",\"@id\":\"https:\/\/www.houlihansolicitors.ie\/polskie\/zakres-dzialan\/zaniedbania-medyczne\/niezdiagnozowane-urazy-lub-choroby\/#webpage\",\"url\":\"https:\/\/www.houlihansolicitors.ie\/polskie\/zakres-dzialan\/zaniedbania-medyczne\/niezdiagnozowane-urazy-lub-choroby\/\",\"name\":\"NIEZDIAGNOZOWANE URAZY LUB CHOROBY - Houlihan Solicitors\",\"isPartOf\":{\"@id\":\"https:\/\/www.houlihansolicitors.ie\/polskie\/#website\"},\"datePublished\":\"2016-10-13T15:25:03+00:00\",\"dateModified\":\"2017-09-29T10:47:18+00:00\",\"inLanguage\":\"en-GB\",\"potentialAction\":[{\"@type\":\"ReadAction\",\"target\":[\"https:\/\/www.houlihansolicitors.ie\/polskie\/zakres-dzialan\/zaniedbania-medyczne\/niezdiagnozowane-urazy-lub-choroby\/\"]}]}]}<\/script>\n<!-- \/ Yoast SEO plugin. -->","_links":{"self":[{"href":"https:\/\/www.houlihansolicitors.ie\/polskie\/wp-json\/wp\/v2\/pages\/176"}],"collection":[{"href":"https:\/\/www.houlihansolicitors.ie\/polskie\/wp-json\/wp\/v2\/pages"}],"about":[{"href":"https:\/\/www.houlihansolicitors.ie\/polskie\/wp-json\/wp\/v2\/types\/page"}],"author":[{"embeddable":true,"href":"https:\/\/www.houlihansolicitors.ie\/polskie\/wp-json\/wp\/v2\/users\/2"}],"replies":[{"embeddable":true,"href":"https:\/\/www.houlihansolicitors.ie\/polskie\/wp-json\/wp\/v2\/comments?post=176"}],"version-history":[{"count":2,"href":"https:\/\/www.houlihansolicitors.ie\/polskie\/wp-json\/wp\/v2\/pages\/176\/revisions"}],"predecessor-version":[{"id":504,"href":"https:\/\/www.houlihansolicitors.ie\/polskie\/wp-json\/wp\/v2\/pages\/176\/revisions\/504"}],"up":[{"embeddable":true,"href":"https:\/\/www.houlihansolicitors.ie\/polskie\/wp-json\/wp\/v2\/pages\/105"}],"wp:attachment":[{"href":"https:\/\/www.houlihansolicitors.ie\/polskie\/wp-json\/wp\/v2\/media?parent=176"}],"curies":[{"name":"wp","href":"https:\/\/api.w.org\/{rel}","templated":true}]}}