{"id":178,"date":"2016-10-13T16:29:56","date_gmt":"2016-10-13T15:29:56","guid":{"rendered":"http:\/\/www.houlihansolicitors.ie\/polskie\/?page_id=178"},"modified":"2017-09-29T11:47:01","modified_gmt":"2017-09-29T10:47:01","slug":"podanie-zlych-lekow-lub-zlej-dawki-leku","status":"publish","type":"page","link":"https:\/\/www.houlihansolicitors.ie\/polskie\/zakres-dzialan\/zaniedbania-medyczne\/podanie-zlych-lekow-lub-zlej-dawki-leku\/","title":{"rendered":"PODANIE Z\u0141YCH LEK\u00d3W LUB Z\u0141EJ DAWKI LEKU"},"content":{"rendered":"<p>Je\u015bli pacjent otrzyma\u0142 niew\u0142a\u015bciwe leki przepisane\/ wydane\u00a0przez lekarza, piel\u0119gniark\u0119, farmaceut\u0119, mo\u017ce by\u0107 uprawniony do roszczenia wobec pracownika opieki zdrowotnej z tytu\u0142u szkody, kt\u00f3r\u0105 poni\u00f3s\u0142. Mo\u017cna podj\u0105\u0107 dzia\u0142ania zmierzaj\u0105ce do odszkodowania;<span data-ccp-props=\"{&quot;201341983&quot;:0,&quot;335559739&quot;:160,&quot;335559740&quot;:259}\">\u00a0<\/span><\/p>\n<ul>\n<li data-listid=\"28\" aria-setsize=\"-1\" data-aria-posinset=\"1\" data-aria-level=\"1\">Nieprawid\u0142owe podanie leku<span data-ccp-props=\"{&quot;134233279&quot;:true,&quot;201341983&quot;:0,&quot;335559739&quot;:160,&quot;335559740&quot;:259}\">\u00a0<\/span><\/li>\n<li data-listid=\"28\" aria-setsize=\"-1\" data-aria-posinset=\"2\" data-aria-level=\"1\">Odzyskania poniesionych koszt\u00f3w i wydatk\u00f3w<span data-ccp-props=\"{&quot;134233279&quot;:true,&quot;201341983&quot;:0,&quot;335559739&quot;:160,&quot;335559740&quot;:259}\">\u00a0<\/span><\/li>\n<li data-listid=\"28\" aria-setsize=\"-1\" data-aria-posinset=\"3\" data-aria-level=\"1\">Takie roszczenia mo\u017cna wnosi\u0107,\u00a0je\u015bli ;<span data-ccp-props=\"{&quot;134233279&quot;:true,&quot;201341983&quot;:0,&quot;335559739&quot;:160,&quot;335559740&quot;:259}\">\u00a0<\/span><\/li>\n<li data-listid=\"28\" aria-setsize=\"-1\" data-aria-posinset=\"4\" data-aria-level=\"1\">Podano Ci lekarstwo innego pacjenta\u00a0\u00a0<span data-ccp-props=\"{&quot;134233279&quot;:true,&quot;201341983&quot;:0,&quot;335559739&quot;:160,&quot;335559740&quot;:259}\">\u00a0<\/span><\/li>\n<\/ul>\n<ul>\n<li data-listid=\"28\" aria-setsize=\"-1\" data-aria-posinset=\"1\" data-aria-level=\"1\">Otrzyma\u0142a niew\u0142a\u015bciw\u0105 dawk\u0119,<span data-ccp-props=\"{&quot;134233279&quot;:true,&quot;201341983&quot;:0,&quot;335559739&quot;:160,&quot;335559740&quot;:259}\">\u00a0<\/span><\/li>\n<li data-listid=\"28\" aria-setsize=\"-1\" data-aria-posinset=\"2\" data-aria-level=\"1\">B\u0142\u0119dnie zastosowano niew\u0142a\u015bciwe leczenie\u00a0<span data-ccp-props=\"{&quot;134233279&quot;:true,&quot;201341983&quot;:0,&quot;335559739&quot;:160,&quot;335559740&quot;:259}\">\u00a0<\/span><\/li>\n<li data-listid=\"28\" aria-setsize=\"-1\" data-aria-posinset=\"3\" data-aria-level=\"1\">w niekt\u00f3rych przypadkach, reakcji alergicznych na pigu\u0142ki i leki.<span data-ccp-props=\"{&quot;134233279&quot;:true,&quot;201341983&quot;:0,&quot;335559739&quot;:160,&quot;335559740&quot;:259}\">\u00a0<\/span><\/li>\n<\/ul>\n<p>Je\u015bli chcesz wnie\u015b\u0107 spraw\u0119\u00a0o\u00a0zaniedbanie\u00a0medycznej z powodu niew\u0142a\u015bciwego podania leku lub\u00a0nieodpowiedniej\u00a0dawki, skontaktuj si\u0119 z prawnikiem, kt\u00f3ry specjalizuje si\u0119 w tej dziedzinie w celu om\u00f3wienia\u00a0drogi\u00a0post\u0119powania.<span data-ccp-props=\"{&quot;201341983&quot;:0,&quot;335559739&quot;:160,&quot;335559740&quot;:259}\">\u00a0<\/span><\/p>\n","protected":false},"excerpt":{"rendered":"<p>Je\u015bli pacjent otrzyma\u0142 niew\u0142a\u015bciwe leki przepisane\/ wydane\u00a0przez lekarza, piel\u0119gniark\u0119, farmaceut\u0119, mo\u017ce by\u0107 uprawniony do roszczenia wobec pracownika opieki zdrowotnej z tytu\u0142u szkody, kt\u00f3r\u0105 poni\u00f3s\u0142. Mo\u017cna podj\u0105\u0107 dzia\u0142ania zmierzaj\u0105ce do odszkodowania;\u00a0 Nieprawid\u0142owe podanie leku\u00a0 Odzyskania poniesionych koszt\u00f3w i wydatk\u00f3w\u00a0 Takie roszczenia mo\u017cna wnosi\u0107,\u00a0je\u015bli ;\u00a0 Podano Ci lekarstwo innego pacjenta\u00a0\u00a0\u00a0 Otrzyma\u0142a niew\u0142a\u015bciw\u0105 dawk\u0119,\u00a0 B\u0142\u0119dnie zastosowano niew\u0142a\u015bciwe leczenie\u00a0\u00a0 [&hellip;]<\/p>\n","protected":false},"author":2,"featured_media":0,"parent":105,"menu_order":23,"comment_status":"closed","ping_status":"closed","template":"single-practice.php","meta":[],"yoast_head":"<!-- This site is optimized with the Yoast SEO plugin v14.9 - https:\/\/yoast.com\/wordpress\/plugins\/seo\/ -->\n<title>PODANIE Z\u0141YCH LEK\u00d3W LUB Z\u0141EJ DAWKI LEKU - Houlihan Solicitors<\/title>\n<meta name=\"robots\" content=\"index, follow, max-snippet:-1, max-image-preview:large, max-video-preview:-1\" \/>\n<link rel=\"canonical\" href=\"https:\/\/www.houlihansolicitors.ie\/polskie\/zakres-dzialan\/zaniedbania-medyczne\/podanie-zlych-lekow-lub-zlej-dawki-leku\/\" \/>\n<meta property=\"og:locale\" content=\"en_GB\" \/>\n<meta property=\"og:type\" content=\"article\" \/>\n<meta property=\"og:title\" content=\"PODANIE Z\u0141YCH LEK\u00d3W LUB Z\u0141EJ DAWKI LEKU - Houlihan Solicitors\" \/>\n<meta property=\"og:description\" content=\"Je\u015bli pacjent otrzyma\u0142 niew\u0142a\u015bciwe leki przepisane\/ wydane\u00a0przez lekarza, piel\u0119gniark\u0119, farmaceut\u0119, mo\u017ce by\u0107 uprawniony do roszczenia wobec pracownika opieki zdrowotnej z tytu\u0142u szkody, kt\u00f3r\u0105 poni\u00f3s\u0142. Mo\u017cna podj\u0105\u0107 dzia\u0142ania zmierzaj\u0105ce do odszkodowania;\u00a0 Nieprawid\u0142owe podanie leku\u00a0 Odzyskania poniesionych koszt\u00f3w i wydatk\u00f3w\u00a0 Takie roszczenia mo\u017cna wnosi\u0107,\u00a0je\u015bli ;\u00a0 Podano Ci lekarstwo innego pacjenta\u00a0\u00a0\u00a0 Otrzyma\u0142a niew\u0142a\u015bciw\u0105 dawk\u0119,\u00a0 B\u0142\u0119dnie zastosowano niew\u0142a\u015bciwe leczenie\u00a0\u00a0 [&hellip;]\" \/>\n<meta property=\"og:url\" content=\"https:\/\/www.houlihansolicitors.ie\/polskie\/zakres-dzialan\/zaniedbania-medyczne\/podanie-zlych-lekow-lub-zlej-dawki-leku\/\" \/>\n<meta property=\"og:site_name\" content=\"Houlihan Solicitors\" \/>\n<meta property=\"article:modified_time\" content=\"2017-09-29T10:47:01+00:00\" \/>\n<meta name=\"twitter:card\" content=\"summary\" \/>\n<script type=\"application\/ld+json\" class=\"yoast-schema-graph\">{\"@context\":\"https:\/\/schema.org\",\"@graph\":[{\"@type\":\"WebSite\",\"@id\":\"https:\/\/www.houlihansolicitors.ie\/polskie\/#website\",\"url\":\"https:\/\/www.houlihansolicitors.ie\/polskie\/\",\"name\":\"Houlihan Solicitors\",\"description\":\"\",\"potentialAction\":[{\"@type\":\"SearchAction\",\"target\":\"https:\/\/www.houlihansolicitors.ie\/polskie\/?s={search_term_string}\",\"query-input\":\"required name=search_term_string\"}],\"inLanguage\":\"en-GB\"},{\"@type\":\"WebPage\",\"@id\":\"https:\/\/www.houlihansolicitors.ie\/polskie\/zakres-dzialan\/zaniedbania-medyczne\/podanie-zlych-lekow-lub-zlej-dawki-leku\/#webpage\",\"url\":\"https:\/\/www.houlihansolicitors.ie\/polskie\/zakres-dzialan\/zaniedbania-medyczne\/podanie-zlych-lekow-lub-zlej-dawki-leku\/\",\"name\":\"PODANIE Z\\u0141YCH LEK\\u00d3W LUB Z\\u0141EJ DAWKI LEKU - Houlihan Solicitors\",\"isPartOf\":{\"@id\":\"https:\/\/www.houlihansolicitors.ie\/polskie\/#website\"},\"datePublished\":\"2016-10-13T15:29:56+00:00\",\"dateModified\":\"2017-09-29T10:47:01+00:00\",\"inLanguage\":\"en-GB\",\"potentialAction\":[{\"@type\":\"ReadAction\",\"target\":[\"https:\/\/www.houlihansolicitors.ie\/polskie\/zakres-dzialan\/zaniedbania-medyczne\/podanie-zlych-lekow-lub-zlej-dawki-leku\/\"]}]}]}<\/script>\n<!-- \/ Yoast SEO plugin. -->","_links":{"self":[{"href":"https:\/\/www.houlihansolicitors.ie\/polskie\/wp-json\/wp\/v2\/pages\/178"}],"collection":[{"href":"https:\/\/www.houlihansolicitors.ie\/polskie\/wp-json\/wp\/v2\/pages"}],"about":[{"href":"https:\/\/www.houlihansolicitors.ie\/polskie\/wp-json\/wp\/v2\/types\/page"}],"author":[{"embeddable":true,"href":"https:\/\/www.houlihansolicitors.ie\/polskie\/wp-json\/wp\/v2\/users\/2"}],"replies":[{"embeddable":true,"href":"https:\/\/www.houlihansolicitors.ie\/polskie\/wp-json\/wp\/v2\/comments?post=178"}],"version-history":[{"count":5,"href":"https:\/\/www.houlihansolicitors.ie\/polskie\/wp-json\/wp\/v2\/pages\/178\/revisions"}],"predecessor-version":[{"id":501,"href":"https:\/\/www.houlihansolicitors.ie\/polskie\/wp-json\/wp\/v2\/pages\/178\/revisions\/501"}],"up":[{"embeddable":true,"href":"https:\/\/www.houlihansolicitors.ie\/polskie\/wp-json\/wp\/v2\/pages\/105"}],"wp:attachment":[{"href":"https:\/\/www.houlihansolicitors.ie\/polskie\/wp-json\/wp\/v2\/media?parent=178"}],"curies":[{"name":"wp","href":"https:\/\/api.w.org\/{rel}","templated":true}]}}