{"id":180,"date":"2016-10-13T16:32:21","date_gmt":"2016-10-13T15:32:21","guid":{"rendered":"http:\/\/www.houlihansolicitors.ie\/polskie\/?page_id=180"},"modified":"2017-09-29T11:43:20","modified_gmt":"2017-09-29T10:43:20","slug":"bledy-podczas-operacjizabiegu","status":"publish","type":"page","link":"https:\/\/www.houlihansolicitors.ie\/polskie\/zakres-dzialan\/zaniedbania-medyczne\/bledy-podczas-operacjizabiegu\/","title":{"rendered":"B\u0141\u0118DY PODCZAS OPERACJI\/ZABIEGU"},"content":{"rendered":"<p>Je\u015bli uwa\u017casz, \u017ce chirurg pope\u0142ni\u0142\u00a0zaniedbanie i z\u00a0tegpo\u00a0powodu\u00a0powta\u0142y\u00a0komplikacje po Twoim zabiegu, to mo\u017cesz si\u0119 stara\u0107 o odszkodowanie z tego tytu\u0142u.\u00a0<span data-ccp-props=\"{&quot;201341983&quot;:0,&quot;335559739&quot;:160,&quot;335559740&quot;:259}\">\u00a0<\/span><\/p>\n<p>Niekt\u00f3re przyk\u0142ady b\u0142\u0119d\u00f3w podczas zabiegu s\u0105;<span data-ccp-props=\"{&quot;201341983&quot;:0,&quot;335559739&quot;:160,&quot;335559740&quot;:259}\">\u00a0<\/span><\/p>\n<ul>\n<li data-listid=\"29\" aria-setsize=\"-1\" data-aria-posinset=\"1\" data-aria-level=\"1\">\u00a0Nieudana operacja lub niew\u0142a\u015bciwa procedura chirurgiczna<span data-ccp-props=\"{&quot;134233279&quot;:true,&quot;201341983&quot;:0,&quot;335559739&quot;:160,&quot;335559740&quot;:259}\">\u00a0<\/span><\/li>\n<li data-listid=\"29\" aria-setsize=\"-1\" data-aria-posinset=\"2\" data-aria-level=\"1\">Niepotrzebny zabieg chirurgiczny<span data-ccp-props=\"{&quot;134233279&quot;:true,&quot;201341983&quot;:0,&quot;335559739&quot;:160,&quot;335559740&quot;:259}\">\u00a0<\/span><\/li>\n<\/ul>\n<ul>\n<li data-listid=\"29\" aria-setsize=\"-1\" data-aria-posinset=\"1\" data-aria-level=\"1\">Nie usuni\u0119cie cia\u0142a obcego z cia\u0142a w trakcie zabiegu\u00a0\u00a0<span data-ccp-props=\"{&quot;134233279&quot;:true,&quot;201341983&quot;:0,&quot;335559739&quot;:160,&quot;335559740&quot;:259}\">\u00a0<\/span><\/li>\n<li data-listid=\"29\" aria-setsize=\"-1\" data-aria-posinset=\"2\" data-aria-level=\"1\">Operacja niew\u0142a\u015bciwego organu\u00a0<span data-ccp-props=\"{&quot;134233279&quot;:true,&quot;201341983&quot;:0,&quot;335559739&quot;:160,&quot;335559740&quot;:259}\">\u00a0<\/span><\/li>\n<li data-listid=\"29\" aria-setsize=\"-1\" data-aria-posinset=\"3\" data-aria-level=\"1\">Infekcja nabyta w szpitalu\u00a0<span data-ccp-props=\"{&quot;134233279&quot;:true,&quot;201341983&quot;:0,&quot;335559739&quot;:160,&quot;335559740&quot;:259}\">\u00a0<\/span><\/li>\n<li data-listid=\"29\" aria-setsize=\"-1\" data-aria-posinset=\"4\" data-aria-level=\"1\">Odle\u017cyny\u00a0<span data-ccp-props=\"{&quot;134233279&quot;:true,&quot;201341983&quot;:0,&quot;335559739&quot;:160,&quot;335559740&quot;:259}\">\u00a0<\/span><\/li>\n<\/ul>\n<p>Je\u015bli uwa\u017casz, \u017ce szpital pope\u0142ni\u0142\u00a0b\u0142ad\u00a0przy\u00a0wykonywaniue\u00a0Twojej operacji, mo\u017cesz mie\u0107 prawo do odszkodowania.\u00a0Skontaktuj si\u0119 z doradcami\u00a0Houlihan\u00a0pod\u00a0numerem telefonu\u00a0061 502 090 lub wy\u015blij e-mail na adres\u00a0<a href=\"mailto:info@houlihansolicitors.ie\">info@houlihansolicitors.ie<\/a>.\u00a0<span data-ccp-props=\"{&quot;201341983&quot;:0,&quot;335559739&quot;:160,&quot;335559740&quot;:259}\">\u00a0<\/span><\/p>\n","protected":false},"excerpt":{"rendered":"<p>Je\u015bli uwa\u017casz, \u017ce chirurg pope\u0142ni\u0142\u00a0zaniedbanie i z\u00a0tegpo\u00a0powodu\u00a0powta\u0142y\u00a0komplikacje po Twoim zabiegu, to mo\u017cesz si\u0119 stara\u0107 o odszkodowanie z tego tytu\u0142u.\u00a0\u00a0 Niekt\u00f3re przyk\u0142ady b\u0142\u0119d\u00f3w podczas zabiegu s\u0105;\u00a0 \u00a0Nieudana operacja lub niew\u0142a\u015bciwa procedura chirurgiczna\u00a0 Niepotrzebny zabieg chirurgiczny\u00a0 Nie usuni\u0119cie cia\u0142a obcego z cia\u0142a w trakcie zabiegu\u00a0\u00a0\u00a0 Operacja niew\u0142a\u015bciwego organu\u00a0\u00a0 Infekcja nabyta w szpitalu\u00a0\u00a0 Odle\u017cyny\u00a0\u00a0 Je\u015bli uwa\u017casz, \u017ce szpital [&hellip;]<\/p>\n","protected":false},"author":2,"featured_media":0,"parent":105,"menu_order":27,"comment_status":"closed","ping_status":"closed","template":"single-practice.php","meta":[],"yoast_head":"<!-- This site is optimized with the Yoast SEO plugin v14.9 - https:\/\/yoast.com\/wordpress\/plugins\/seo\/ -->\n<title>B\u0141\u0118DY PODCZAS OPERACJI\/ZABIEGU - Houlihan Solicitors<\/title>\n<meta name=\"robots\" content=\"index, follow, max-snippet:-1, max-image-preview:large, max-video-preview:-1\" \/>\n<link rel=\"canonical\" href=\"https:\/\/www.houlihansolicitors.ie\/polskie\/zakres-dzialan\/zaniedbania-medyczne\/bledy-podczas-operacjizabiegu\/\" \/>\n<meta property=\"og:locale\" content=\"en_GB\" \/>\n<meta property=\"og:type\" content=\"article\" \/>\n<meta property=\"og:title\" content=\"B\u0141\u0118DY PODCZAS OPERACJI\/ZABIEGU - Houlihan Solicitors\" \/>\n<meta property=\"og:description\" content=\"Je\u015bli uwa\u017casz, \u017ce chirurg pope\u0142ni\u0142\u00a0zaniedbanie i z\u00a0tegpo\u00a0powodu\u00a0powta\u0142y\u00a0komplikacje po Twoim zabiegu, to mo\u017cesz si\u0119 stara\u0107 o odszkodowanie z tego tytu\u0142u.\u00a0\u00a0 Niekt\u00f3re przyk\u0142ady b\u0142\u0119d\u00f3w podczas zabiegu s\u0105;\u00a0 \u00a0Nieudana operacja lub niew\u0142a\u015bciwa procedura chirurgiczna\u00a0 Niepotrzebny zabieg chirurgiczny\u00a0 Nie usuni\u0119cie cia\u0142a obcego z cia\u0142a w trakcie zabiegu\u00a0\u00a0\u00a0 Operacja niew\u0142a\u015bciwego organu\u00a0\u00a0 Infekcja nabyta w szpitalu\u00a0\u00a0 Odle\u017cyny\u00a0\u00a0 Je\u015bli uwa\u017casz, \u017ce szpital [&hellip;]\" \/>\n<meta property=\"og:url\" content=\"https:\/\/www.houlihansolicitors.ie\/polskie\/zakres-dzialan\/zaniedbania-medyczne\/bledy-podczas-operacjizabiegu\/\" \/>\n<meta property=\"og:site_name\" content=\"Houlihan Solicitors\" \/>\n<meta property=\"article:modified_time\" content=\"2017-09-29T10:43:20+00:00\" \/>\n<meta name=\"twitter:card\" content=\"summary\" \/>\n<script type=\"application\/ld+json\" class=\"yoast-schema-graph\">{\"@context\":\"https:\/\/schema.org\",\"@graph\":[{\"@type\":\"WebSite\",\"@id\":\"https:\/\/www.houlihansolicitors.ie\/polskie\/#website\",\"url\":\"https:\/\/www.houlihansolicitors.ie\/polskie\/\",\"name\":\"Houlihan Solicitors\",\"description\":\"\",\"potentialAction\":[{\"@type\":\"SearchAction\",\"target\":\"https:\/\/www.houlihansolicitors.ie\/polskie\/?s={search_term_string}\",\"query-input\":\"required name=search_term_string\"}],\"inLanguage\":\"en-GB\"},{\"@type\":\"WebPage\",\"@id\":\"https:\/\/www.houlihansolicitors.ie\/polskie\/zakres-dzialan\/zaniedbania-medyczne\/bledy-podczas-operacjizabiegu\/#webpage\",\"url\":\"https:\/\/www.houlihansolicitors.ie\/polskie\/zakres-dzialan\/zaniedbania-medyczne\/bledy-podczas-operacjizabiegu\/\",\"name\":\"B\\u0141\\u0118DY PODCZAS OPERACJI\/ZABIEGU - Houlihan Solicitors\",\"isPartOf\":{\"@id\":\"https:\/\/www.houlihansolicitors.ie\/polskie\/#website\"},\"datePublished\":\"2016-10-13T15:32:21+00:00\",\"dateModified\":\"2017-09-29T10:43:20+00:00\",\"inLanguage\":\"en-GB\",\"potentialAction\":[{\"@type\":\"ReadAction\",\"target\":[\"https:\/\/www.houlihansolicitors.ie\/polskie\/zakres-dzialan\/zaniedbania-medyczne\/bledy-podczas-operacjizabiegu\/\"]}]}]}<\/script>\n<!-- \/ Yoast SEO plugin. -->","_links":{"self":[{"href":"https:\/\/www.houlihansolicitors.ie\/polskie\/wp-json\/wp\/v2\/pages\/180"}],"collection":[{"href":"https:\/\/www.houlihansolicitors.ie\/polskie\/wp-json\/wp\/v2\/pages"}],"about":[{"href":"https:\/\/www.houlihansolicitors.ie\/polskie\/wp-json\/wp\/v2\/types\/page"}],"author":[{"embeddable":true,"href":"https:\/\/www.houlihansolicitors.ie\/polskie\/wp-json\/wp\/v2\/users\/2"}],"replies":[{"embeddable":true,"href":"https:\/\/www.houlihansolicitors.ie\/polskie\/wp-json\/wp\/v2\/comments?post=180"}],"version-history":[{"count":3,"href":"https:\/\/www.houlihansolicitors.ie\/polskie\/wp-json\/wp\/v2\/pages\/180\/revisions"}],"predecessor-version":[{"id":506,"href":"https:\/\/www.houlihansolicitors.ie\/polskie\/wp-json\/wp\/v2\/pages\/180\/revisions\/506"}],"up":[{"embeddable":true,"href":"https:\/\/www.houlihansolicitors.ie\/polskie\/wp-json\/wp\/v2\/pages\/105"}],"wp:attachment":[{"href":"https:\/\/www.houlihansolicitors.ie\/polskie\/wp-json\/wp\/v2\/media?parent=180"}],"curies":[{"name":"wp","href":"https:\/\/api.w.org\/{rel}","templated":true}]}}