{"id":182,"date":"2016-10-13T16:35:45","date_gmt":"2016-10-13T15:35:45","guid":{"rendered":"http:\/\/www.houlihansolicitors.ie\/polskie\/?page_id=182"},"modified":"2017-09-29T11:47:31","modified_gmt":"2017-09-29T10:47:31","slug":"bledy-przy-odbieraniu-porodu","status":"publish","type":"page","link":"https:\/\/www.houlihansolicitors.ie\/polskie\/zakres-dzialan\/zaniedbania-medyczne\/bledy-przy-odbieraniu-porodu\/","title":{"rendered":"B\u0141\u0118DY PRZY ODBIERANIU PORODU"},"content":{"rendered":"<p>Je\u015bli matka lub dziecko\u00a0zostann\u0105\u00a0poszkodowani\u00a0podczas narodzin dziecka z powodu b\u0142\u0119du lub z\u0142ej opieki medycznej, rodzice mog\u0105 by\u0107 uprawnieni\u00a0do zg\u0142oszenia szkody. Niekt\u00f3re\u00a0z przyk\u0142adowych\u00a0uraz\u00f3w\u00a0przy porodach u Matek to:<span data-ccp-props=\"{&quot;201341983&quot;:0,&quot;335559739&quot;:160,&quot;335559740&quot;:259}\">\u00a0<\/span><\/p>\n<ul>\n<li data-listid=\"26\" aria-setsize=\"-1\" data-aria-posinset=\"1\" data-aria-level=\"1\">Naderwanie krocza &#8211; trzeci i czwarty stopie\u0144<span data-ccp-props=\"{&quot;134233279&quot;:true,&quot;201341983&quot;:0,&quot;335559739&quot;:160,&quot;335559740&quot;:259}\">\u00a0<\/span><\/li>\n<li data-listid=\"26\" aria-setsize=\"-1\" data-aria-posinset=\"2\" data-aria-level=\"1\">Niew\u0142a\u015bciwie wykonana Episiotomia (naciecie\u00a0krocza)<span data-ccp-props=\"{&quot;134233279&quot;:true,&quot;201341983&quot;:0,&quot;335559739&quot;:160,&quot;335559740&quot;:259}\">\u00a0<\/span><\/li>\n<li data-listid=\"26\" aria-setsize=\"-1\" data-aria-posinset=\"3\" data-aria-level=\"1\">B\u0142\u0119dy w szwach\u00a0lub\u00a0\u00a0naderwanie\u00a0lub\u00a0naciecie\u00a0krocza\u00a0<span data-ccp-props=\"{&quot;134233279&quot;:true,&quot;201341983&quot;:0,&quot;335559739&quot;:160,&quot;335559740&quot;:259}\">\u00a0<\/span><\/li>\n<\/ul>\n<ul>\n<li data-listid=\"26\" aria-setsize=\"-1\" data-aria-posinset=\"1\" data-aria-level=\"1\">\u00a0Rozszczepienia\u00a0<span data-ccp-props=\"{&quot;134233279&quot;:true,&quot;201341983&quot;:0,&quot;335559739&quot;:160,&quot;335559740&quot;:259}\">\u00a0<\/span><\/li>\n<li data-listid=\"26\" aria-setsize=\"-1\" data-aria-posinset=\"2\" data-aria-level=\"1\">\u00a0Urazy\u00a0 narz\u0105d\u00f3w\u00a0wewn\u0119trznych po przebytym cesarskim ci\u0119ciu lub nie rozpoznanie uszkodzenia dokonanego w trakcie ci\u0119cia cesarskiego.\u00a0\u00a0\u00a0<span data-ccp-props=\"{&quot;134233279&quot;:true,&quot;201341983&quot;:0,&quot;335559739&quot;:160,&quot;335559740&quot;:259}\">\u00a0<\/span><\/li>\n<li data-listid=\"26\" aria-setsize=\"-1\" data-aria-posinset=\"3\" data-aria-level=\"1\">\u00a0Pozostawiony wacik<span data-ccp-props=\"{&quot;134233279&quot;:true,&quot;201341983&quot;:0,&quot;335559739&quot;:160,&quot;335559740&quot;:259}\">\u00a0<\/span><\/li>\n<li data-listid=\"26\" aria-setsize=\"-1\" data-aria-posinset=\"4\" data-aria-level=\"1\">B\u0142\u0119dy\u00a0w znieczuleniu<span data-ccp-props=\"{&quot;134233279&quot;:true,&quot;201341983&quot;:0,&quot;335559739&quot;:160,&quot;335559740&quot;:259}\">\u00a0<\/span><\/li>\n<li data-listid=\"26\" aria-setsize=\"-1\" data-aria-posinset=\"5\" data-aria-level=\"1\">B\u0142\u0119dy w leczeniu stanu\u00a0przedrzucawkowego.<span data-ccp-props=\"{&quot;134233279&quot;:true,&quot;201341983&quot;:0,&quot;335559739&quot;:160,&quot;335559740&quot;:259}\">\u00a0<\/span><\/li>\n<\/ul>\n<p><span data-ccp-props=\"{&quot;201341983&quot;:0,&quot;335559739&quot;:160,&quot;335559740&quot;:259}\">\u00a0<\/span><\/p>\n<p>Przyk\u0142ady uraz\u00f3w\u00a0doznanych w trakcie porodu u\u00a0niemowl\u0105t;<span data-ccp-props=\"{&quot;201341983&quot;:0,&quot;335559739&quot;:160,&quot;335559740&quot;:259}\">\u00a0<\/span><\/p>\n<ul>\n<li data-listid=\"27\" aria-setsize=\"-1\" data-aria-posinset=\"1\" data-aria-level=\"1\">\u00a0Pora\u017cenie m\u00f3zgowe<span data-ccp-props=\"{&quot;134233279&quot;:true,&quot;201341983&quot;:0,&quot;335559739&quot;:160,&quot;335559740&quot;:259}\">\u00a0<\/span><\/li>\n<li data-listid=\"27\" aria-setsize=\"-1\" data-aria-posinset=\"2\" data-aria-level=\"1\">Urazy m\u00f3zgu<span data-ccp-props=\"{&quot;134233279&quot;:true,&quot;201341983&quot;:0,&quot;335559739&quot;:160,&quot;335559740&quot;:259}\">\u00a0<\/span><\/li>\n<\/ul>\n<ul>\n<li data-listid=\"27\" aria-setsize=\"-1\" data-aria-posinset=\"1\" data-aria-level=\"1\">Z\u0142amania do czaszki, n\u00f3g, ramienia, ramienia i obojczyka<span data-ccp-props=\"{&quot;134233279&quot;:true,&quot;201341983&quot;:0,&quot;335559739&quot;:160,&quot;335559740&quot;:259}\">\u00a0<\/span><\/li>\n<li data-listid=\"27\" aria-setsize=\"-1\" data-aria-posinset=\"2\" data-aria-level=\"1\">Ci\u0119cia i blizny<span data-ccp-props=\"{&quot;134233279&quot;:true,&quot;201341983&quot;:0,&quot;335559739&quot;:160,&quot;335559740&quot;:259}\">\u00a0<\/span><\/li>\n<li data-listid=\"27\" aria-setsize=\"-1\" data-aria-posinset=\"3\" data-aria-level=\"1\">Dysplazja stawu biodrowego.<span data-ccp-props=\"{&quot;134233279&quot;:true,&quot;201341983&quot;:0,&quot;335559739&quot;:160,&quot;335559740&quot;:259}\">\u00a0<\/span><\/li>\n<\/ul>\n<p>Je\u015bli Ty lub Twoje dziecko\u00a0poni\u00f3s\u0142e\u015b\u00a0uszczerbek\u00a0w wyniku z\u0142ej opieki podczas ci\u0105\u017cy lub b\u0142\u0119d\u00f3w pope\u0142nianych w trakcie porodu, to\u00a0Houlihan\u00a0Solicitors\u00a0jest\u00a0aby pom\u00f3c.\u00a0Pozwanie s\u0142u\u017cby zdrowia z powodu zaniedba\u0144\u00a0w sztuce\u00a0lakarskiej\u00a0z odpowiednim zespo\u0142em prawniczym pozwoli Ci na poradzenie sobie z\u00a0calym\u00a0stresem\u00a0 z\u00a0tym\u00a0zwiazanym\u00a0i u\u0142atwi\u00a0zycie\u00a0ca\u0142ej rodzinie.<span data-ccp-props=\"{&quot;201341983&quot;:0,&quot;335559739&quot;:160,&quot;335559740&quot;:259}\">\u00a0<\/span><\/p>\n","protected":false},"excerpt":{"rendered":"<p>Je\u015bli matka lub dziecko\u00a0zostann\u0105\u00a0poszkodowani\u00a0podczas narodzin dziecka z powodu b\u0142\u0119du lub z\u0142ej opieki medycznej, rodzice mog\u0105 by\u0107 uprawnieni\u00a0do zg\u0142oszenia szkody. Niekt\u00f3re\u00a0z przyk\u0142adowych\u00a0uraz\u00f3w\u00a0przy porodach u Matek to:\u00a0 Naderwanie krocza &#8211; trzeci i czwarty stopie\u0144\u00a0 Niew\u0142a\u015bciwie wykonana Episiotomia (naciecie\u00a0krocza)\u00a0 B\u0142\u0119dy w szwach\u00a0lub\u00a0\u00a0naderwanie\u00a0lub\u00a0naciecie\u00a0krocza\u00a0\u00a0 \u00a0Rozszczepienia\u00a0\u00a0 \u00a0Urazy\u00a0 narz\u0105d\u00f3w\u00a0wewn\u0119trznych po przebytym cesarskim ci\u0119ciu lub nie rozpoznanie uszkodzenia dokonanego w trakcie ci\u0119cia cesarskiego.\u00a0\u00a0\u00a0\u00a0 [&hellip;]<\/p>\n","protected":false},"author":2,"featured_media":0,"parent":105,"menu_order":26,"comment_status":"closed","ping_status":"closed","template":"single-practice.php","meta":[],"yoast_head":"<!-- This site is optimized with the Yoast SEO plugin v14.9 - https:\/\/yoast.com\/wordpress\/plugins\/seo\/ -->\n<title>B\u0141\u0118DY PRZY ODBIERANIU PORODU - Houlihan Solicitors<\/title>\n<meta name=\"robots\" content=\"index, follow, max-snippet:-1, max-image-preview:large, max-video-preview:-1\" \/>\n<link rel=\"canonical\" href=\"https:\/\/www.houlihansolicitors.ie\/polskie\/zakres-dzialan\/zaniedbania-medyczne\/bledy-przy-odbieraniu-porodu\/\" \/>\n<meta property=\"og:locale\" content=\"en_GB\" \/>\n<meta property=\"og:type\" content=\"article\" \/>\n<meta property=\"og:title\" content=\"B\u0141\u0118DY PRZY ODBIERANIU PORODU - Houlihan Solicitors\" \/>\n<meta property=\"og:description\" content=\"Je\u015bli matka lub dziecko\u00a0zostann\u0105\u00a0poszkodowani\u00a0podczas narodzin dziecka z powodu b\u0142\u0119du lub z\u0142ej opieki medycznej, rodzice mog\u0105 by\u0107 uprawnieni\u00a0do zg\u0142oszenia szkody. Niekt\u00f3re\u00a0z przyk\u0142adowych\u00a0uraz\u00f3w\u00a0przy porodach u Matek to:\u00a0 Naderwanie krocza &#8211; trzeci i czwarty stopie\u0144\u00a0 Niew\u0142a\u015bciwie wykonana Episiotomia (naciecie\u00a0krocza)\u00a0 B\u0142\u0119dy w szwach\u00a0lub\u00a0\u00a0naderwanie\u00a0lub\u00a0naciecie\u00a0krocza\u00a0\u00a0 \u00a0Rozszczepienia\u00a0\u00a0 \u00a0Urazy\u00a0 narz\u0105d\u00f3w\u00a0wewn\u0119trznych po przebytym cesarskim ci\u0119ciu lub nie rozpoznanie uszkodzenia dokonanego w trakcie ci\u0119cia cesarskiego.\u00a0\u00a0\u00a0\u00a0 [&hellip;]\" \/>\n<meta property=\"og:url\" content=\"https:\/\/www.houlihansolicitors.ie\/polskie\/zakres-dzialan\/zaniedbania-medyczne\/bledy-przy-odbieraniu-porodu\/\" \/>\n<meta property=\"og:site_name\" content=\"Houlihan Solicitors\" \/>\n<meta property=\"article:modified_time\" content=\"2017-09-29T10:47:31+00:00\" \/>\n<meta name=\"twitter:card\" content=\"summary\" \/>\n<script type=\"application\/ld+json\" class=\"yoast-schema-graph\">{\"@context\":\"https:\/\/schema.org\",\"@graph\":[{\"@type\":\"WebSite\",\"@id\":\"https:\/\/www.houlihansolicitors.ie\/polskie\/#website\",\"url\":\"https:\/\/www.houlihansolicitors.ie\/polskie\/\",\"name\":\"Houlihan Solicitors\",\"description\":\"\",\"potentialAction\":[{\"@type\":\"SearchAction\",\"target\":\"https:\/\/www.houlihansolicitors.ie\/polskie\/?s={search_term_string}\",\"query-input\":\"required name=search_term_string\"}],\"inLanguage\":\"en-GB\"},{\"@type\":\"WebPage\",\"@id\":\"https:\/\/www.houlihansolicitors.ie\/polskie\/zakres-dzialan\/zaniedbania-medyczne\/bledy-przy-odbieraniu-porodu\/#webpage\",\"url\":\"https:\/\/www.houlihansolicitors.ie\/polskie\/zakres-dzialan\/zaniedbania-medyczne\/bledy-przy-odbieraniu-porodu\/\",\"name\":\"B\\u0141\\u0118DY PRZY ODBIERANIU PORODU - Houlihan Solicitors\",\"isPartOf\":{\"@id\":\"https:\/\/www.houlihansolicitors.ie\/polskie\/#website\"},\"datePublished\":\"2016-10-13T15:35:45+00:00\",\"dateModified\":\"2017-09-29T10:47:31+00:00\",\"inLanguage\":\"en-GB\",\"potentialAction\":[{\"@type\":\"ReadAction\",\"target\":[\"https:\/\/www.houlihansolicitors.ie\/polskie\/zakres-dzialan\/zaniedbania-medyczne\/bledy-przy-odbieraniu-porodu\/\"]}]}]}<\/script>\n<!-- \/ Yoast SEO plugin. -->","_links":{"self":[{"href":"https:\/\/www.houlihansolicitors.ie\/polskie\/wp-json\/wp\/v2\/pages\/182"}],"collection":[{"href":"https:\/\/www.houlihansolicitors.ie\/polskie\/wp-json\/wp\/v2\/pages"}],"about":[{"href":"https:\/\/www.houlihansolicitors.ie\/polskie\/wp-json\/wp\/v2\/types\/page"}],"author":[{"embeddable":true,"href":"https:\/\/www.houlihansolicitors.ie\/polskie\/wp-json\/wp\/v2\/users\/2"}],"replies":[{"embeddable":true,"href":"https:\/\/www.houlihansolicitors.ie\/polskie\/wp-json\/wp\/v2\/comments?post=182"}],"version-history":[{"count":4,"href":"https:\/\/www.houlihansolicitors.ie\/polskie\/wp-json\/wp\/v2\/pages\/182\/revisions"}],"predecessor-version":[{"id":505,"href":"https:\/\/www.houlihansolicitors.ie\/polskie\/wp-json\/wp\/v2\/pages\/182\/revisions\/505"}],"up":[{"embeddable":true,"href":"https:\/\/www.houlihansolicitors.ie\/polskie\/wp-json\/wp\/v2\/pages\/105"}],"wp:attachment":[{"href":"https:\/\/www.houlihansolicitors.ie\/polskie\/wp-json\/wp\/v2\/media?parent=182"}],"curies":[{"name":"wp","href":"https:\/\/api.w.org\/{rel}","templated":true}]}}