{"id":186,"date":"2016-10-13T16:47:18","date_gmt":"2016-10-13T15:47:18","guid":{"rendered":"http:\/\/www.houlihansolicitors.ie\/polskie\/?page_id=186"},"modified":"2017-09-29T11:47:09","modified_gmt":"2017-09-29T10:47:09","slug":"dom-opieki","status":"publish","type":"page","link":"https:\/\/www.houlihansolicitors.ie\/polskie\/zakres-dzialan\/zaniedbania-medyczne\/dom-opieki\/","title":{"rendered":"DOM OPIEKI"},"content":{"rendered":"<p>Dom opieki powinien by\u0107 miejscem zaufania. Je\u015bli\u00a0p\u0142acisz za us\u0142ug\u0119 i powierzasz domowi opieki, powiniene\u015b s\u0142usznie oczekiwa\u0107 pewnego poziomu us\u0142ug, i\u00a0\u017ce\u00a0osoba pozostaj\u0105ca w domu opieki b\u0119dzie mia\u0142a dobr\u0105 jako\u015b\u0107 \u017cycia. Wszystkie odchy\u0142y od normy s\u0105\u00a0tutuaj\u00a0niedopuszczalne. Niestety jeste\u015bmy\u00a0\u015bwiadkami wielu przypadk\u00f3w, w\u00a0kt\u00f3rych\u00a0 poziom\u00a0us\u0142ug spad\u0142\u00a0bardzo nisko i\u00a0mamy do czynienia z\u00a0sytuacjami takimi jak:<span data-ccp-props=\"{&quot;201341983&quot;:0,&quot;335559739&quot;:160,&quot;335559740&quot;:259}\">\u00a0<\/span><\/p>\n<ul>\n<li data-listid=\"25\" aria-setsize=\"-1\" data-aria-posinset=\"1\" data-aria-level=\"1\">Potkni\u0119cia i\u00a0upadki<span data-ccp-props=\"{&quot;134233279&quot;:true,&quot;201341983&quot;:0,&quot;335559739&quot;:160,&quot;335559740&quot;:259}\">\u00a0<\/span><\/li>\n<li data-listid=\"25\" aria-setsize=\"-1\" data-aria-posinset=\"2\" data-aria-level=\"1\">Niedo\u017cywienie<span data-ccp-props=\"{&quot;134233279&quot;:true,&quot;201341983&quot;:0,&quot;335559739&quot;:160,&quot;335559740&quot;:259}\">\u00a0<\/span><\/li>\n<\/ul>\n<ul>\n<li data-listid=\"25\" aria-setsize=\"-1\" data-aria-posinset=\"1\" data-aria-level=\"1\">Niew\u0142a\u015bciwa higiena<span data-ccp-props=\"{&quot;134233279&quot;:true,&quot;201341983&quot;:0,&quot;335559739&quot;:160,&quot;335559740&quot;:259}\">\u00a0<\/span><\/li>\n<li data-listid=\"25\" aria-setsize=\"-1\" data-aria-posinset=\"2\" data-aria-level=\"1\">S\u0142aby dost\u0119p do regularnej opieki zdrowotnej<span data-ccp-props=\"{&quot;134233279&quot;:true,&quot;201341983&quot;:0,&quot;335559739&quot;:160,&quot;335559740&quot;:259}\">\u00a0<\/span><\/li>\n<li data-listid=\"25\" aria-setsize=\"-1\" data-aria-posinset=\"3\" data-aria-level=\"1\">S\u0142abe warunki \u017cycia<span data-ccp-props=\"{&quot;134233279&quot;:true,&quot;201341983&quot;:0,&quot;335559739&quot;:160,&quot;335559740&quot;:259}\">\u00a0<\/span><\/li>\n<\/ul>\n<p>Twoje staranie\u00a0si\u00e9\u00a0o odszkodowanie\u00a0moze\u00a0byc\u00a0na podstawie zaniedbania w opiece lub uszczerbku,\u00a0ktorego\u00a0doznal\u00a0pacjent domu\u00a0opieki..\u00a0Je\u015bli uwa\u017casz, \u017ce ukochana osoba zosta\u0142a wykorzystana, ranna lub\u00a0zostala\u00a0\u017ale\u00a0potraktowana skontaktuj\u00a0si\u0119 z\u00a0Houlihan\u00a0Solicitors\u00a0pod numerem telefonu 061 502 090 lub wy\u015blij e-mail na adres info@houlihansolicitors.ie, aby\u015bmy mogli doradzi\u0107 Ci w Twojej sprawie.\u00a0<span data-ccp-props=\"{&quot;201341983&quot;:0,&quot;335559739&quot;:160,&quot;335559740&quot;:259}\">\u00a0<\/span><\/p>\n","protected":false},"excerpt":{"rendered":"<p>Dom opieki powinien by\u0107 miejscem zaufania. Je\u015bli\u00a0p\u0142acisz za us\u0142ug\u0119 i powierzasz domowi opieki, powiniene\u015b s\u0142usznie oczekiwa\u0107 pewnego poziomu us\u0142ug, i\u00a0\u017ce\u00a0osoba pozostaj\u0105ca w domu opieki b\u0119dzie mia\u0142a dobr\u0105 jako\u015b\u0107 \u017cycia. Wszystkie odchy\u0142y od normy s\u0105\u00a0tutuaj\u00a0niedopuszczalne. Niestety jeste\u015bmy\u00a0\u015bwiadkami wielu przypadk\u00f3w, w\u00a0kt\u00f3rych\u00a0 poziom\u00a0us\u0142ug spad\u0142\u00a0bardzo nisko i\u00a0mamy do czynienia z\u00a0sytuacjami takimi jak:\u00a0 Potkni\u0119cia i\u00a0upadki\u00a0 Niedo\u017cywienie\u00a0 Niew\u0142a\u015bciwa higiena\u00a0 S\u0142aby dost\u0119p [&hellip;]<\/p>\n","protected":false},"author":2,"featured_media":0,"parent":105,"menu_order":24,"comment_status":"closed","ping_status":"closed","template":"single-practice.php","meta":[],"yoast_head":"<!-- This site is optimized with the Yoast SEO plugin v14.9 - https:\/\/yoast.com\/wordpress\/plugins\/seo\/ -->\n<title>DOM OPIEKI - Houlihan Solicitors<\/title>\n<meta name=\"robots\" content=\"index, follow, max-snippet:-1, max-image-preview:large, max-video-preview:-1\" \/>\n<link rel=\"canonical\" href=\"https:\/\/www.houlihansolicitors.ie\/polskie\/zakres-dzialan\/zaniedbania-medyczne\/dom-opieki\/\" \/>\n<meta property=\"og:locale\" content=\"en_GB\" \/>\n<meta property=\"og:type\" content=\"article\" \/>\n<meta property=\"og:title\" content=\"DOM OPIEKI - Houlihan Solicitors\" \/>\n<meta property=\"og:description\" content=\"Dom opieki powinien by\u0107 miejscem zaufania. Je\u015bli\u00a0p\u0142acisz za us\u0142ug\u0119 i powierzasz domowi opieki, powiniene\u015b s\u0142usznie oczekiwa\u0107 pewnego poziomu us\u0142ug, i\u00a0\u017ce\u00a0osoba pozostaj\u0105ca w domu opieki b\u0119dzie mia\u0142a dobr\u0105 jako\u015b\u0107 \u017cycia. Wszystkie odchy\u0142y od normy s\u0105\u00a0tutuaj\u00a0niedopuszczalne. Niestety jeste\u015bmy\u00a0\u015bwiadkami wielu przypadk\u00f3w, w\u00a0kt\u00f3rych\u00a0 poziom\u00a0us\u0142ug spad\u0142\u00a0bardzo nisko i\u00a0mamy do czynienia z\u00a0sytuacjami takimi jak:\u00a0 Potkni\u0119cia i\u00a0upadki\u00a0 Niedo\u017cywienie\u00a0 Niew\u0142a\u015bciwa higiena\u00a0 S\u0142aby dost\u0119p [&hellip;]\" \/>\n<meta property=\"og:url\" content=\"https:\/\/www.houlihansolicitors.ie\/polskie\/zakres-dzialan\/zaniedbania-medyczne\/dom-opieki\/\" \/>\n<meta property=\"og:site_name\" content=\"Houlihan Solicitors\" \/>\n<meta property=\"article:modified_time\" content=\"2017-09-29T10:47:09+00:00\" \/>\n<meta name=\"twitter:card\" content=\"summary\" \/>\n<script type=\"application\/ld+json\" class=\"yoast-schema-graph\">{\"@context\":\"https:\/\/schema.org\",\"@graph\":[{\"@type\":\"WebSite\",\"@id\":\"https:\/\/www.houlihansolicitors.ie\/polskie\/#website\",\"url\":\"https:\/\/www.houlihansolicitors.ie\/polskie\/\",\"name\":\"Houlihan Solicitors\",\"description\":\"\",\"potentialAction\":[{\"@type\":\"SearchAction\",\"target\":\"https:\/\/www.houlihansolicitors.ie\/polskie\/?s={search_term_string}\",\"query-input\":\"required name=search_term_string\"}],\"inLanguage\":\"en-GB\"},{\"@type\":\"WebPage\",\"@id\":\"https:\/\/www.houlihansolicitors.ie\/polskie\/zakres-dzialan\/zaniedbania-medyczne\/dom-opieki\/#webpage\",\"url\":\"https:\/\/www.houlihansolicitors.ie\/polskie\/zakres-dzialan\/zaniedbania-medyczne\/dom-opieki\/\",\"name\":\"DOM OPIEKI - Houlihan Solicitors\",\"isPartOf\":{\"@id\":\"https:\/\/www.houlihansolicitors.ie\/polskie\/#website\"},\"datePublished\":\"2016-10-13T15:47:18+00:00\",\"dateModified\":\"2017-09-29T10:47:09+00:00\",\"inLanguage\":\"en-GB\",\"potentialAction\":[{\"@type\":\"ReadAction\",\"target\":[\"https:\/\/www.houlihansolicitors.ie\/polskie\/zakres-dzialan\/zaniedbania-medyczne\/dom-opieki\/\"]}]}]}<\/script>\n<!-- \/ Yoast SEO plugin. -->","_links":{"self":[{"href":"https:\/\/www.houlihansolicitors.ie\/polskie\/wp-json\/wp\/v2\/pages\/186"}],"collection":[{"href":"https:\/\/www.houlihansolicitors.ie\/polskie\/wp-json\/wp\/v2\/pages"}],"about":[{"href":"https:\/\/www.houlihansolicitors.ie\/polskie\/wp-json\/wp\/v2\/types\/page"}],"author":[{"embeddable":true,"href":"https:\/\/www.houlihansolicitors.ie\/polskie\/wp-json\/wp\/v2\/users\/2"}],"replies":[{"embeddable":true,"href":"https:\/\/www.houlihansolicitors.ie\/polskie\/wp-json\/wp\/v2\/comments?post=186"}],"version-history":[{"count":6,"href":"https:\/\/www.houlihansolicitors.ie\/polskie\/wp-json\/wp\/v2\/pages\/186\/revisions"}],"predecessor-version":[{"id":503,"href":"https:\/\/www.houlihansolicitors.ie\/polskie\/wp-json\/wp\/v2\/pages\/186\/revisions\/503"}],"up":[{"embeddable":true,"href":"https:\/\/www.houlihansolicitors.ie\/polskie\/wp-json\/wp\/v2\/pages\/105"}],"wp:attachment":[{"href":"https:\/\/www.houlihansolicitors.ie\/polskie\/wp-json\/wp\/v2\/media?parent=186"}],"curies":[{"name":"wp","href":"https:\/\/api.w.org\/{rel}","templated":true}]}}