{"id":234,"date":"2016-10-25T11:52:55","date_gmt":"2016-10-25T10:52:55","guid":{"rendered":"http:\/\/www.houlihansolicitors.ie\/polskie\/?page_id=234"},"modified":"2017-09-29T14:37:01","modified_gmt":"2017-09-29T13:37:01","slug":"komisja-ds-obrazen","status":"publish","type":"page","link":"https:\/\/www.houlihansolicitors.ie\/polskie\/zakres-dzialan\/komisja-ds-obrazen\/","title":{"rendered":"KOMISJA ds. OBRA\u017bE\u0143"},"content":{"rendered":"<p>InjuriesBoard.ie, dawniej znana jako Personal Evaluation Board (PIAB), jest niezale\u017cnym organem statutowym utworzonym\u00a0w 2003 r.\u00a0na podstawie Ustawy o Urazach Zdrowotnych i Oceny ich Skutk\u00f3w.\u00a0Wszelkie roszczenia zdrowotne\u00a0w Irlandii (z wyj\u0105tkiem przypadk\u00f3w zaniedba\u0144\u00a0w sztuce lekarskiej)\u00a0musz\u0105 by\u0107 z\u0142o\u017cone drog\u0105 aplikacji\u00a0do InjuriesBoard.ie. Proces aplikacji\u00a0wymaga;<span data-ccp-props=\"{&quot;201341983&quot;:0,&quot;335559739&quot;:160,&quot;335559740&quot;:259}\">\u00a0<\/span><\/p>\n<p><span data-ccp-props=\"{&quot;201341983&quot;:0,&quot;335559739&quot;:160,&quot;335559740&quot;:259}\">\u00a0<\/span><\/p>\n<ul>\n<li data-listid=\"46\" aria-setsize=\"-1\" data-aria-posinset=\"1\" data-aria-level=\"1\">Wype\u0142nienie formularza\u00a0medycznego przez lekarza (formularz B).<span data-ccp-props=\"{&quot;134233279&quot;:true,&quot;201341983&quot;:0,&quot;335559739&quot;:160,&quot;335559740&quot;:259}\">\u00a0<\/span><\/li>\n<li data-listid=\"46\" aria-setsize=\"-1\" data-aria-posinset=\"2\" data-aria-level=\"1\">Wype\u0142nienie formularza zg\u0142oszeniowego (formularz A) i wys\u0142anie wszystkich dowod\u00f3w dotycz\u0105cych wszelkich strat finansowych, jakie mog\u0142e\u015b\/a\u015b\u00a0ponie\u015b\u0107.<span data-ccp-props=\"{&quot;134233279&quot;:true,&quot;201341983&quot;:0,&quot;335559739&quot;:160,&quot;335559740&quot;:259}\">\u00a0<\/span><\/li>\n<\/ul>\n<ul>\n<li data-listid=\"46\" aria-setsize=\"-1\" data-aria-posinset=\"1\" data-aria-level=\"1\">Je\u015bli\u00a0istnieje korespondencja z osob\u0105 odpowiedzialn\u0105 za uraz, to\u00a0do aplikacji nale\u017cy\u00a0do\u0142\u0105czy\u0107\u00a0kopi\u0119 korespondencji.<span data-ccp-props=\"{&quot;134233279&quot;:true,&quot;201341983&quot;:0,&quot;335559739&quot;:160,&quot;335559740&quot;:259}\">\u00a0<\/span><\/li>\n<li data-listid=\"46\" aria-setsize=\"-1\" data-aria-posinset=\"2\" data-aria-level=\"1\">Op\u0142ata\u00a0przy aplikacji\u00a0wynosi 45 euro, kt\u00f3r\u0105 nale\u017cy przes\u0142a\u0107 listem poleconym\u00a0\/czekiem pocztowym\u00a0do\u00a0Injries\u00a0Board,\u00a0PO Box 8\u00a0Clonakility, Co Cork.\u00a0Op\u0142at\u0119 t\u0119 mo\u017cna r\u00f3wnie\u017c wnie\u015b\u0107\u00a0uzywaj\u0105c\u00a0karty kredytowej lub debetowej.<span data-ccp-props=\"{&quot;134233279&quot;:true,&quot;201341983&quot;:0,&quot;335559739&quot;:160,&quot;335559740&quot;:259}\">\u00a0<\/span><\/li>\n<\/ul>\n<p><b>CZYM DOK\u0141ADNIE SI\u0118 ZAJMUJE INJURIES BOARD?<\/b><span data-ccp-props=\"{&quot;201341983&quot;:0,&quot;335559739&quot;:160,&quot;335559740&quot;:259}\">\u00a0<\/span><\/p>\n<p>Rada ds. Uraz\u00f3w (Injuries\u00a0Board)\u00a0zapewnia niezale\u017cn\u0105 ocen\u0119 roszcze\u0144 o odszkodowanie\u00a0z tytu\u0142u szkody wyrz\u0105dzonej osobie fizycznej, tj. po wypadkach drogowych, wypadkach przy pracy lub wypadkach w miejscu publicznym. Roszczenia s\u0105 oceniane przy u\u017cyciu dowod\u00f3w medycznych dostarczonych przez lekarza, a\u00a0w razie konieczno\u015bci raportu dostarczonego przez niezale\u017cnego lekarza mianowanego przez InjuriesBoard.ie. Ocena\u00a0wysoko\u015bci\u00a0odszkodowania\u00a0jest dokonywana bior\u0105c pod uwag\u0119 doznane\u00a0obra\u017cenia cia\u0142a i okoliczno\u015bci.<span data-ccp-props=\"{&quot;201341983&quot;:0,&quot;335559739&quot;:160,&quot;335559740&quot;:259}\">\u00a0<\/span><\/p>\n<p><span data-ccp-props=\"{&quot;201341983&quot;:0,&quot;335559739&quot;:160,&quot;335559740&quot;:259}\">\u00a0<\/span><\/p>\n<p><b>DL<\/b><b>ACZEGO WYNAJMY SI\u0118 DO PRAWNIKA W TRAKCIE ZWRACANIA SI\u0118 DO INJURIES BOARD?<\/b><span data-ccp-props=\"{&quot;201341983&quot;:0,&quot;335559739&quot;:160,&quot;335559740&quot;:259}\">\u00a0<\/span><\/p>\n<p>Wynaj\u0119cie prawnika z do\u015bwiadczeniem w kontaktach z\u00a0Injuries\u00a0Board\u00a0oraz\u00a0ze\u00a0znajomo\u015bci\u0105 procesu sk\u0142adania aplikacji,\u00a0mo\u017ce by\u0107 bardzo pomocne w Twoim przypadku. Wiedza i do\u015bwiadczenie prawnicze w tej dziedzinie zapewni\u00a0Ci\u0119,\u00a0\u00a0\u017ce\u00a0Twoje roszczenie nie zostanie op\u00f3\u017anione lub\u00a0wydane w\u00a0ramach\u00a0Statutu Ograniczaj\u0105cego (Statue\u00a0of\u00a0Limitation\u00a0Period). Najwi\u0119ksz\u0105 zalet\u0105\u00a0przy\u00a0wynaj\u0119ciu\u00a0\u00a0bieg\u0142ego\u00a0w tego typu sprawach prawnika jest to, \u017ce upewni si\u0119 on \u017ce:\u00a0<span data-ccp-props=\"{&quot;201341983&quot;:0,&quot;335559739&quot;:160,&quot;335559740&quot;:259}\">\u00a0<\/span><\/p>\n<ul>\n<li data-listid=\"33\" aria-setsize=\"-1\" data-aria-posinset=\"1\" data-aria-level=\"1\">Formularz PIAB forma A jest dobrze wype\u0142niony i kompletny,<span data-ccp-props=\"{&quot;134233279&quot;:true,&quot;201341983&quot;:0,&quot;335559739&quot;:160,&quot;335559740&quot;:259}\">\u00a0<\/span><\/li>\n<li data-listid=\"33\" aria-setsize=\"-1\" data-aria-posinset=\"2\" data-aria-level=\"1\">Wyja\u015bni On\u00a0co si\u0119 stanie, je\u015bli firma ubezpieczeniowa odrzuci lub przyjmie propozycj\u0119\u00a0Injuries\u00a0Board.\u00a0<span data-ccp-props=\"{&quot;134233279&quot;:true,&quot;201341983&quot;:0,&quot;335559739&quot;:160,&quot;335559740&quot;:259}\">\u00a0<\/span><\/li>\n<li data-listid=\"33\" aria-setsize=\"-1\" data-aria-posinset=\"3\" data-aria-level=\"1\">Prawnik\u00a0doradzi Ci\u00a0w sprawie wysoko\u015bci odszkodowania i przeprowadzi\u00a0wszelkie niezb\u0119dne negocjacje.<span data-ccp-props=\"{&quot;134233279&quot;:true,&quot;201341983&quot;:0,&quot;335559739&quot;:160,&quot;335559740&quot;:259}\">\u00a0<\/span><\/li>\n<\/ul>\n<ul>\n<li data-listid=\"33\" aria-setsize=\"-1\" data-aria-posinset=\"1\" data-aria-level=\"1\">\u00a0Je\u015bli\u00a0Injuries\u00a0Board odrzuci Twoj\u0105 aplikacje,\u00a0prawnik\u00a0b\u0119dzie Ci\u0119 reprezentowa\u0142\u00a0w\u00a0\u00a0Twoim\u00a0przypadku.<span data-ccp-props=\"{&quot;134233279&quot;:true,&quot;201341983&quot;:0,&quot;335559739&quot;:160,&quot;335559740&quot;:259}\">\u00a0<\/span><\/li>\n<\/ul>\n<p>Zgodnie z sekcj\u0105 17 Ustawy\u00a0o\u00a0Injuries\u00a0Board\u00a0z 2003 r.\u00a0\u00a0Injuries\u00a0Board\u00a0ma prawo odm\u00f3wi\u0107 roszczenia w pewnych okoliczno\u015bciach, tj.:<span data-ccp-props=\"{&quot;201341983&quot;:0,&quot;335559739&quot;:160,&quot;335559740&quot;:259}\">\u00a0<\/span><\/p>\n<p><span data-ccp-props=\"{&quot;201341983&quot;:0,&quot;335559739&quot;:160,&quot;335559740&quot;:259}\">\u00a0<\/span><\/p>\n<ul>\n<li data-listid=\"34\" aria-setsize=\"-1\" data-aria-posinset=\"2\" data-aria-level=\"1\">\u00a0Wszelkie roszczenia o\u00a0stres lub roszczenia o z\u0142o\u017conej naturze zostan\u0105 odrzucone.<span data-ccp-props=\"{&quot;134233279&quot;:true,&quot;201341983&quot;:0,&quot;335559739&quot;:160,&quot;335559740&quot;:259}\">\u00a0<\/span><\/li>\n<li data-listid=\"34\" aria-setsize=\"-1\" data-aria-posinset=\"3\" data-aria-level=\"1\">Roszczenia dotycz\u0105ce powa\u017cnych obra\u017ce\u0144, kt\u00f3re wymaga\u0142yby d\u0142ugiego czasu oceny\u00a0<span data-ccp-props=\"{&quot;134233279&quot;:true,&quot;201341983&quot;:0,&quot;335559739&quot;:160,&quot;335559740&quot;:259}\">\u00a0<\/span><\/li>\n<\/ul>\n<ul>\n<li data-listid=\"34\" aria-setsize=\"-1\" data-aria-posinset=\"1\" data-aria-level=\"1\">Je\u015bli pozwany odm\u00f3wi komentarza do\u00a0oceny dokonanej przez PIAB,<span data-ccp-props=\"{&quot;134233279&quot;:true,&quot;201341983&quot;:0,&quot;335559739&quot;:160,&quot;335559740&quot;:259}\">\u00a0<\/span><\/li>\n<li data-listid=\"34\" aria-setsize=\"-1\" data-aria-posinset=\"2\" data-aria-level=\"1\">Je\u015bli\u00a0Twoja aplikacja jest z jakiegokolwiek powodu odrzucona\u00a0przez\u00a0\u00a0PIAB\u00a0\u00a0w\u00f3wczas zgodnie z sekcj\u0105\u00a032 Ustawy z 2003 roku PIAB musi wystawi\u0107 Ci autoryzacj\u0119, kt\u00f3ra pozwala na odes\u0142anie sprawy do s\u0105du i rozpatrzenie jej w trybie zwyk\u0142ym.\u00a0\u00a0\u00a0<span data-ccp-props=\"{&quot;134233279&quot;:true,&quot;201341983&quot;:0,&quot;335559739&quot;:160,&quot;335559740&quot;:259}\">\u00a0<\/span><\/li>\n<\/ul>\n<p><span data-ccp-props=\"{&quot;201341983&quot;:0,&quot;335559739&quot;:160,&quot;335559740&quot;:259}\">\u00a0<\/span><\/p>\n<p>Je\u015bli masz jakie\u015b pytania zwi\u0105zane z procesem zg\u0142oszenia\u00a0poniesionej szkody\u00a0lub je\u015bli potrzebujesz porady na temat roszczenia, kt\u00f3re chcesz\u00a0wnie\u015b\u0107 skontaktuj si\u0119 z\u00a0\u00a0Houlihan\u00a0Solicitors\u00a0pod numerem telefonu\u00a0<b>061 502 090<\/b>\u00a0lub e-mail\u00a0<b>info@houlihansolicitors.ie<\/b>\u00a0, a\u00a0cz\u0142onek naszego zespo\u0142u z przyjemno\u015bci\u0105 odpowie Twoje zapytania.<span data-ccp-props=\"{&quot;201341983&quot;:0,&quot;335559739&quot;:160,&quot;335559740&quot;:259}\">\u00a0<\/span><\/p>\n<p><span data-ccp-props=\"{&quot;201341983&quot;:0,&quot;335559739&quot;:160,&quot;335559740&quot;:259}\">\u00a0<\/span><\/p>\n<p>Cz\u0119sto zadawane nam s\u0105 pytania dotycz\u0105ce warto\u015bci odszkodowania przyznawanego przez\u00a0Inujuries\u00a0Board.\u00a0Trudno jednak oceni\u0107 warto\u015b\u0107 roszczenia bez uwzgl\u0119dnienia du\u017cej liczby fakt\u00f3w. Niekt\u00f3re z tych fakt\u00f3w obejmuj\u0105 natur\u0119 szkody, przyczyn\u0119 szkody i wp\u0142yw szkody na zdolno\u015b\u0107 do pracy, utrat\u0119 dochodu i \/ lub na codzienne \u017cycie, w tym czynno\u015bci zwi\u0105zane z\u00a0prac\u0105 w domu\u00a0i rekreacj\u0105.<span data-ccp-props=\"{&quot;201341983&quot;:0,&quot;335559739&quot;:160,&quot;335559740&quot;:259}\">\u00a0<\/span><\/p>\n<p><span data-ccp-props=\"{&quot;201341983&quot;:0,&quot;335559739&quot;:160,&quot;335559740&quot;:259}\">\u00a0<\/span><\/p>\n<p>Aby uzyska\u0107 profesjonaln\u0105 porad\u0119 w sprawach\u00a0osobistych obra\u017ce\u0144 i zaniedba\u0144 medycznych, skontaktuj si\u0119 z\u00a0Houlihan\u00a0Solicitors\u00a0pod numerem telefonu\u00a0<b>061 502 090<\/b>\u00a0lub wy\u015blij e-mail na adres\u00a0<a href=\"mailto:info@houlihansolicitors.ie\">info@houlihansolicitors.ie<\/a><span data-ccp-props=\"{&quot;201341983&quot;:0,&quot;335559739&quot;:160,&quot;335559740&quot;:259}\">\u00a0<\/span><\/p>\n","protected":false},"excerpt":{"rendered":"<p>InjuriesBoard.ie, dawniej znana jako Personal Evaluation Board (PIAB), jest niezale\u017cnym organem statutowym utworzonym\u00a0w 2003 r.\u00a0na podstawie Ustawy o Urazach Zdrowotnych i Oceny ich Skutk\u00f3w.\u00a0Wszelkie roszczenia zdrowotne\u00a0w Irlandii (z wyj\u0105tkiem przypadk\u00f3w zaniedba\u0144\u00a0w sztuce lekarskiej)\u00a0musz\u0105 by\u0107 z\u0142o\u017cone drog\u0105 aplikacji\u00a0do InjuriesBoard.ie. Proces aplikacji\u00a0wymaga;\u00a0 \u00a0 Wype\u0142nienie formularza\u00a0medycznego przez lekarza (formularz B).\u00a0 Wype\u0142nienie formularza zg\u0142oszeniowego (formularz A) i wys\u0142anie wszystkich [&hellip;]<\/p>\n","protected":false},"author":2,"featured_media":0,"parent":11,"menu_order":36,"comment_status":"closed","ping_status":"closed","template":"single-practice.php","meta":[],"yoast_head":"<!-- This site is optimized with the Yoast SEO plugin v14.9 - https:\/\/yoast.com\/wordpress\/plugins\/seo\/ -->\n<title>KOMISJA ds. OBRA\u017bE\u0143 - Houlihan Solicitors<\/title>\n<meta name=\"robots\" content=\"index, follow, max-snippet:-1, max-image-preview:large, max-video-preview:-1\" \/>\n<link rel=\"canonical\" href=\"https:\/\/www.houlihansolicitors.ie\/polskie\/zakres-dzialan\/komisja-ds-obrazen\/\" \/>\n<meta property=\"og:locale\" content=\"en_GB\" \/>\n<meta property=\"og:type\" content=\"article\" \/>\n<meta property=\"og:title\" content=\"KOMISJA ds. OBRA\u017bE\u0143 - Houlihan Solicitors\" \/>\n<meta property=\"og:description\" content=\"InjuriesBoard.ie, dawniej znana jako Personal Evaluation Board (PIAB), jest niezale\u017cnym organem statutowym utworzonym\u00a0w 2003 r.\u00a0na podstawie Ustawy o Urazach Zdrowotnych i Oceny ich Skutk\u00f3w.\u00a0Wszelkie roszczenia zdrowotne\u00a0w Irlandii (z wyj\u0105tkiem przypadk\u00f3w zaniedba\u0144\u00a0w sztuce lekarskiej)\u00a0musz\u0105 by\u0107 z\u0142o\u017cone drog\u0105 aplikacji\u00a0do InjuriesBoard.ie. Proces aplikacji\u00a0wymaga;\u00a0 \u00a0 Wype\u0142nienie formularza\u00a0medycznego przez lekarza (formularz B).\u00a0 Wype\u0142nienie formularza zg\u0142oszeniowego (formularz A) i wys\u0142anie wszystkich [&hellip;]\" \/>\n<meta property=\"og:url\" content=\"https:\/\/www.houlihansolicitors.ie\/polskie\/zakres-dzialan\/komisja-ds-obrazen\/\" \/>\n<meta property=\"og:site_name\" content=\"Houlihan Solicitors\" \/>\n<meta property=\"article:modified_time\" content=\"2017-09-29T13:37:01+00:00\" \/>\n<meta name=\"twitter:card\" content=\"summary\" \/>\n<script type=\"application\/ld+json\" class=\"yoast-schema-graph\">{\"@context\":\"https:\/\/schema.org\",\"@graph\":[{\"@type\":\"WebSite\",\"@id\":\"https:\/\/www.houlihansolicitors.ie\/polskie\/#website\",\"url\":\"https:\/\/www.houlihansolicitors.ie\/polskie\/\",\"name\":\"Houlihan Solicitors\",\"description\":\"\",\"potentialAction\":[{\"@type\":\"SearchAction\",\"target\":\"https:\/\/www.houlihansolicitors.ie\/polskie\/?s={search_term_string}\",\"query-input\":\"required name=search_term_string\"}],\"inLanguage\":\"en-GB\"},{\"@type\":\"WebPage\",\"@id\":\"https:\/\/www.houlihansolicitors.ie\/polskie\/zakres-dzialan\/komisja-ds-obrazen\/#webpage\",\"url\":\"https:\/\/www.houlihansolicitors.ie\/polskie\/zakres-dzialan\/komisja-ds-obrazen\/\",\"name\":\"KOMISJA ds. OBRA\\u017bE\\u0143 - Houlihan Solicitors\",\"isPartOf\":{\"@id\":\"https:\/\/www.houlihansolicitors.ie\/polskie\/#website\"},\"datePublished\":\"2016-10-25T10:52:55+00:00\",\"dateModified\":\"2017-09-29T13:37:01+00:00\",\"inLanguage\":\"en-GB\",\"potentialAction\":[{\"@type\":\"ReadAction\",\"target\":[\"https:\/\/www.houlihansolicitors.ie\/polskie\/zakres-dzialan\/komisja-ds-obrazen\/\"]}]}]}<\/script>\n<!-- \/ Yoast SEO plugin. -->","_links":{"self":[{"href":"https:\/\/www.houlihansolicitors.ie\/polskie\/wp-json\/wp\/v2\/pages\/234"}],"collection":[{"href":"https:\/\/www.houlihansolicitors.ie\/polskie\/wp-json\/wp\/v2\/pages"}],"about":[{"href":"https:\/\/www.houlihansolicitors.ie\/polskie\/wp-json\/wp\/v2\/types\/page"}],"author":[{"embeddable":true,"href":"https:\/\/www.houlihansolicitors.ie\/polskie\/wp-json\/wp\/v2\/users\/2"}],"replies":[{"embeddable":true,"href":"https:\/\/www.houlihansolicitors.ie\/polskie\/wp-json\/wp\/v2\/comments?post=234"}],"version-history":[{"count":6,"href":"https:\/\/www.houlihansolicitors.ie\/polskie\/wp-json\/wp\/v2\/pages\/234\/revisions"}],"predecessor-version":[{"id":510,"href":"https:\/\/www.houlihansolicitors.ie\/polskie\/wp-json\/wp\/v2\/pages\/234\/revisions\/510"}],"up":[{"embeddable":true,"href":"https:\/\/www.houlihansolicitors.ie\/polskie\/wp-json\/wp\/v2\/pages\/11"}],"wp:attachment":[{"href":"https:\/\/www.houlihansolicitors.ie\/polskie\/wp-json\/wp\/v2\/media?parent=234"}],"curies":[{"name":"wp","href":"https:\/\/api.w.org\/{rel}","templated":true}]}}