{"id":236,"date":"2016-10-25T11:54:59","date_gmt":"2016-10-25T10:54:59","guid":{"rendered":"http:\/\/www.houlihansolicitors.ie\/polskie\/?page_id=236"},"modified":"2017-09-29T12:49:58","modified_gmt":"2017-09-29T11:49:58","slug":"roszczenia-prawne-przeciwko-grupie-volkswagen","status":"publish","type":"page","link":"https:\/\/www.houlihansolicitors.ie\/polskie\/zakres-dzialan\/roszczenia-prawne-przeciwko-grupie-volkswagen\/","title":{"rendered":"ROSZCZENIA PRAWNE PRZECIWKO GRUPIE VOLKSWAGEN"},"content":{"rendered":"<p>Je\u015bli zakupi\u0142e\u015b pojazd wyprodukowany przez Grup\u0119 Volkswagen, np.<span data-ccp-props=\"{&quot;201341983&quot;:0,&quot;335559739&quot;:160,&quot;335559740&quot;:259}\">\u00a0<\/span><\/p>\n<ul>\n<li data-listid=\"36\" aria-setsize=\"-1\" data-aria-posinset=\"1\" data-aria-level=\"1\">VW Golf,<span data-ccp-props=\"{&quot;134233279&quot;:true,&quot;201341983&quot;:0,&quot;335559739&quot;:160,&quot;335559740&quot;:259}\">\u00a0<\/span><\/li>\n<li data-listid=\"36\" aria-setsize=\"-1\" data-aria-posinset=\"2\" data-aria-level=\"1\">Audi,<span data-ccp-props=\"{&quot;201341983&quot;:0,&quot;335559739&quot;:0,&quot;335559740&quot;:240}\">\u00a0<\/span><\/li>\n<li data-listid=\"36\" aria-setsize=\"-1\" data-aria-posinset=\"3\" data-aria-level=\"1\">Skoda<span data-ccp-props=\"{&quot;134233279&quot;:true,&quot;201341983&quot;:0,&quot;335559739&quot;:160,&quot;335559740&quot;:259}\">\u00a0<\/span><\/li>\n<li data-listid=\"36\" aria-setsize=\"-1\" data-aria-posinset=\"4\" data-aria-level=\"1\">Marki Seat\u00a0<span data-ccp-props=\"{&quot;134233279&quot;:true,&quot;201341983&quot;:0,&quot;335559739&quot;:160,&quot;335559740&quot;:259}\">\u00a0<\/span><\/li>\n<\/ul>\n<ul>\n<li data-listid=\"36\" aria-setsize=\"-1\" data-aria-posinset=\"1\" data-aria-level=\"1\">Jetta<span data-ccp-props=\"{&quot;134233279&quot;:true,&quot;201341983&quot;:0,&quot;335559739&quot;:160,&quot;335559740&quot;:259}\">\u00a0<\/span><\/li>\n<li data-listid=\"36\" aria-setsize=\"-1\" data-aria-posinset=\"2\" data-aria-level=\"1\">Passat\u00a0<span data-ccp-props=\"{&quot;134233279&quot;:true,&quot;201341983&quot;:0,&quot;335559739&quot;:160,&quot;335559740&quot;:259}\">\u00a0<\/span><\/li>\n<li data-listid=\"36\" aria-setsize=\"-1\" data-aria-posinset=\"3\" data-aria-level=\"1\">Beetle<span data-ccp-props=\"{&quot;134233279&quot;:true,&quot;201341983&quot;:0,&quot;335559739&quot;:160,&quot;335559740&quot;:259}\">\u00a0<\/span><\/li>\n<\/ul>\n<p>I zosta\u0142e\u015b\/a\u015b\u00a0wprowadzony\/a w b\u0142\u0105d, \u017ce pojazd wpisuje si\u0119 w kategori\u0119\u00a0&#8220;czysty olej nap\u0119dowy&#8221;,\u00a0a p\u00f3\u017aniej okaza\u0142o si\u0119, \u017ce emitowa\u0142\u00a040-krotno\u015b\u0107 dozwolonych poziom\u00f3w emisji\u00a0spalin, mo\u017cesz\u00a0mi\u0119c\u00a0prawo do\u00a0odszkodowania z tytu\u0142u naruszenia umowy i wprowadzenia w b\u0142\u0105d.<span data-ccp-props=\"{&quot;201341983&quot;:0,&quot;335559739&quot;:160,&quot;335559740&quot;:259}\">\u00a0<\/span><\/p>\n<p>Warto\u015b\u0107 odszkodowania zale\u017ce\u0107\u00a0b\u0119dzie\u00a0od pierwotnej ceny zakupu pojazdu i\u00a0jego\u00a0p\u00f3\u017aniejszej dewaluacji. G\u0142\u00f3wne kwestie dotycz\u0105ce w\u0142a\u015bcicieli\u00a0pojazdu to;<span data-ccp-props=\"{&quot;201341983&quot;:0,&quot;335559739&quot;:160,&quot;335559740&quot;:259}\">\u00a0<\/span><\/p>\n<ul>\n<li data-listid=\"37\" aria-setsize=\"-1\" data-aria-posinset=\"1\" data-aria-level=\"1\">Utrata warto\u015bci pojazdu<span data-ccp-props=\"{&quot;134233279&quot;:true,&quot;201341983&quot;:0,&quot;335559739&quot;:160,&quot;335559740&quot;:259}\">\u00a0<\/span><\/li>\n<li data-listid=\"37\" aria-setsize=\"-1\" data-aria-posinset=\"2\" data-aria-level=\"1\">Fakt, \u017ce musisz rzeczywi\u015bcie wi\u0119cej\u00a0p\u0142aci\u0107\u00a0licz\u0105c koszty\u00a0paliwa.<span data-ccp-props=\"{&quot;134233279&quot;:true,&quot;201341983&quot;:0,&quot;335559739&quot;:160,&quot;335559740&quot;:259}\">\u00a0<\/span><\/li>\n<li data-listid=\"37\" aria-setsize=\"-1\" data-aria-posinset=\"3\" data-aria-level=\"1\">Prawdopodobie\u0144stwo, \u017ce\u00a0zwro\u015bnie\u00a0Tw\u00f3j podatek drogowy\u00a0<span data-ccp-props=\"{&quot;134233279&quot;:true,&quot;201341983&quot;:0,&quot;335559739&quot;:160,&quot;335559740&quot;:259}\">\u00a0<\/span><\/li>\n<\/ul>\n<p><span data-ccp-props=\"{&quot;201341983&quot;:0,&quot;335559739&quot;:160,&quot;335559740&quot;:259}\">\u00a0<\/span><\/p>\n<p>11 milion\u00f3w samochod\u00f3w na \u015bwiecie, zosta\u0142o\u00a0wyposazone\u00a0w urz\u0105dzenia, kt\u00f3re skutecznie &#8220;oszukuj\u0105&#8221; kluczowe testy emisji. Pojazdy wyposa\u017cone w silniki wysokopr\u0119\u017cne typu EA 189, zbudowane w latach 2009 i 2015, wyposa\u017cone s\u0105 w urz\u0105dzenie, chocia\u017c istniej\u0105 sugestie, \u017ce pojazdy\u00a0nawet z 2007\u00a0moga\u00a0r\u00f3wnie\u017c mie\u0107 ten sam problem.\u00a0<span data-ccp-props=\"{&quot;201341983&quot;:0,&quot;335559739&quot;:160,&quot;335559740&quot;:259}\">\u00a0<\/span><\/p>\n<p><span data-ccp-props=\"{&quot;201341983&quot;:0,&quot;335559739&quot;:160,&quot;335559740&quot;:259}\">\u00a0<\/span><\/p>\n<p>Je\u015bli uwa\u017casz, \u017ce\u00a0jeste\u015b jednym z tych kierowc\u00f3w dotkni\u0119tego t\u0105 spraw\u0105,\u00a0skontaktuj si\u0119 z nami pod numerem telefonu\u00a0<b>061 502 090<\/b>\u00a0lub napisz e-mail\u00a0na\u00a0<b>info@houlihansolicitors.ie<\/b>\u00a0w celu uzyskania dalszych wskaz\u00f3wek.<span data-ccp-props=\"{&quot;201341983&quot;:0,&quot;335559739&quot;:160,&quot;335559740&quot;:259}\">\u00a0<\/span><\/p>\n","protected":false},"excerpt":{"rendered":"<p>Je\u015bli zakupi\u0142e\u015b pojazd wyprodukowany przez Grup\u0119 Volkswagen, np.\u00a0 VW Golf,\u00a0 Audi,\u00a0 Skoda\u00a0 Marki Seat\u00a0\u00a0 Jetta\u00a0 Passat\u00a0\u00a0 Beetle\u00a0 I zosta\u0142e\u015b\/a\u015b\u00a0wprowadzony\/a w b\u0142\u0105d, \u017ce pojazd wpisuje si\u0119 w kategori\u0119\u00a0&#8220;czysty olej nap\u0119dowy&#8221;,\u00a0a p\u00f3\u017aniej okaza\u0142o si\u0119, \u017ce emitowa\u0142\u00a040-krotno\u015b\u0107 dozwolonych poziom\u00f3w emisji\u00a0spalin, mo\u017cesz\u00a0mi\u0119c\u00a0prawo do\u00a0odszkodowania z tytu\u0142u naruszenia umowy i wprowadzenia w b\u0142\u0105d.\u00a0 Warto\u015b\u0107 odszkodowania zale\u017ce\u0107\u00a0b\u0119dzie\u00a0od pierwotnej ceny zakupu pojazdu i\u00a0jego\u00a0p\u00f3\u017aniejszej [&hellip;]<\/p>\n","protected":false},"author":2,"featured_media":0,"parent":11,"menu_order":38,"comment_status":"closed","ping_status":"closed","template":"single-practice.php","meta":[],"yoast_head":"<!-- This site is optimized with the Yoast SEO plugin v14.9 - https:\/\/yoast.com\/wordpress\/plugins\/seo\/ -->\n<title>ROSZCZENIA PRAWNE PRZECIWKO GRUPIE VOLKSWAGEN - Houlihan Solicitors<\/title>\n<meta name=\"robots\" content=\"index, follow, max-snippet:-1, max-image-preview:large, max-video-preview:-1\" \/>\n<link rel=\"canonical\" href=\"https:\/\/www.houlihansolicitors.ie\/polskie\/zakres-dzialan\/roszczenia-prawne-przeciwko-grupie-volkswagen\/\" \/>\n<meta property=\"og:locale\" content=\"en_GB\" \/>\n<meta property=\"og:type\" content=\"article\" \/>\n<meta property=\"og:title\" content=\"ROSZCZENIA PRAWNE PRZECIWKO GRUPIE VOLKSWAGEN - Houlihan Solicitors\" \/>\n<meta property=\"og:description\" content=\"Je\u015bli zakupi\u0142e\u015b pojazd wyprodukowany przez Grup\u0119 Volkswagen, np.\u00a0 VW Golf,\u00a0 Audi,\u00a0 Skoda\u00a0 Marki Seat\u00a0\u00a0 Jetta\u00a0 Passat\u00a0\u00a0 Beetle\u00a0 I zosta\u0142e\u015b\/a\u015b\u00a0wprowadzony\/a w b\u0142\u0105d, \u017ce pojazd wpisuje si\u0119 w kategori\u0119\u00a0&#8220;czysty olej nap\u0119dowy&#8221;,\u00a0a p\u00f3\u017aniej okaza\u0142o si\u0119, \u017ce emitowa\u0142\u00a040-krotno\u015b\u0107 dozwolonych poziom\u00f3w emisji\u00a0spalin, mo\u017cesz\u00a0mi\u0119c\u00a0prawo do\u00a0odszkodowania z tytu\u0142u naruszenia umowy i wprowadzenia w b\u0142\u0105d.\u00a0 Warto\u015b\u0107 odszkodowania zale\u017ce\u0107\u00a0b\u0119dzie\u00a0od pierwotnej ceny zakupu pojazdu i\u00a0jego\u00a0p\u00f3\u017aniejszej [&hellip;]\" \/>\n<meta property=\"og:url\" content=\"https:\/\/www.houlihansolicitors.ie\/polskie\/zakres-dzialan\/roszczenia-prawne-przeciwko-grupie-volkswagen\/\" \/>\n<meta property=\"og:site_name\" content=\"Houlihan Solicitors\" \/>\n<meta property=\"article:modified_time\" content=\"2017-09-29T11:49:58+00:00\" \/>\n<meta name=\"twitter:card\" content=\"summary\" \/>\n<script type=\"application\/ld+json\" class=\"yoast-schema-graph\">{\"@context\":\"https:\/\/schema.org\",\"@graph\":[{\"@type\":\"WebSite\",\"@id\":\"https:\/\/www.houlihansolicitors.ie\/polskie\/#website\",\"url\":\"https:\/\/www.houlihansolicitors.ie\/polskie\/\",\"name\":\"Houlihan Solicitors\",\"description\":\"\",\"potentialAction\":[{\"@type\":\"SearchAction\",\"target\":\"https:\/\/www.houlihansolicitors.ie\/polskie\/?s={search_term_string}\",\"query-input\":\"required name=search_term_string\"}],\"inLanguage\":\"en-GB\"},{\"@type\":\"WebPage\",\"@id\":\"https:\/\/www.houlihansolicitors.ie\/polskie\/zakres-dzialan\/roszczenia-prawne-przeciwko-grupie-volkswagen\/#webpage\",\"url\":\"https:\/\/www.houlihansolicitors.ie\/polskie\/zakres-dzialan\/roszczenia-prawne-przeciwko-grupie-volkswagen\/\",\"name\":\"ROSZCZENIA PRAWNE PRZECIWKO GRUPIE VOLKSWAGEN - Houlihan Solicitors\",\"isPartOf\":{\"@id\":\"https:\/\/www.houlihansolicitors.ie\/polskie\/#website\"},\"datePublished\":\"2016-10-25T10:54:59+00:00\",\"dateModified\":\"2017-09-29T11:49:58+00:00\",\"inLanguage\":\"en-GB\",\"potentialAction\":[{\"@type\":\"ReadAction\",\"target\":[\"https:\/\/www.houlihansolicitors.ie\/polskie\/zakres-dzialan\/roszczenia-prawne-przeciwko-grupie-volkswagen\/\"]}]}]}<\/script>\n<!-- \/ Yoast SEO plugin. -->","_links":{"self":[{"href":"https:\/\/www.houlihansolicitors.ie\/polskie\/wp-json\/wp\/v2\/pages\/236"}],"collection":[{"href":"https:\/\/www.houlihansolicitors.ie\/polskie\/wp-json\/wp\/v2\/pages"}],"about":[{"href":"https:\/\/www.houlihansolicitors.ie\/polskie\/wp-json\/wp\/v2\/types\/page"}],"author":[{"embeddable":true,"href":"https:\/\/www.houlihansolicitors.ie\/polskie\/wp-json\/wp\/v2\/users\/2"}],"replies":[{"embeddable":true,"href":"https:\/\/www.houlihansolicitors.ie\/polskie\/wp-json\/wp\/v2\/comments?post=236"}],"version-history":[{"count":6,"href":"https:\/\/www.houlihansolicitors.ie\/polskie\/wp-json\/wp\/v2\/pages\/236\/revisions"}],"predecessor-version":[{"id":511,"href":"https:\/\/www.houlihansolicitors.ie\/polskie\/wp-json\/wp\/v2\/pages\/236\/revisions\/511"}],"up":[{"embeddable":true,"href":"https:\/\/www.houlihansolicitors.ie\/polskie\/wp-json\/wp\/v2\/pages\/11"}],"wp:attachment":[{"href":"https:\/\/www.houlihansolicitors.ie\/polskie\/wp-json\/wp\/v2\/media?parent=236"}],"curies":[{"name":"wp","href":"https:\/\/api.w.org\/{rel}","templated":true}]}}