{"id":374,"date":"2016-11-23T11:19:06","date_gmt":"2016-11-23T11:19:06","guid":{"rendered":"http:\/\/www.houlihansolicitors.ie\/polskie\/?page_id=374"},"modified":"2017-09-29T15:03:48","modified_gmt":"2017-09-29T14:03:48","slug":"kupno-i-sprzedaz-wlasnosci","status":"publish","type":"page","link":"https:\/\/www.houlihansolicitors.ie\/polskie\/zakres-dzialan\/kupno-i-sprzedaz-wlasnosci\/","title":{"rendered":"KUPNO i SPRZEDA\u017b W\u0141ASNO\u015aCI"},"content":{"rendered":"<p>W\u00a0Houlihan\u00a0Solicitors\u00a0dzia\u0142amy dla klient\u00f3w, kt\u00f3rzy kupuj\u0105 lub sprzedaj\u0105;<span data-ccp-props=\"{&quot;201341983&quot;:0,&quot;335559739&quot;:160,&quot;335559740&quot;:259}\">\u00a0<\/span><\/p>\n<ul>\n<li data-listid=\"41\" aria-setsize=\"-1\" data-aria-posinset=\"1\" data-aria-level=\"1\">Domy<span data-ccp-props=\"{&quot;134233279&quot;:true,&quot;201341983&quot;:0,&quot;335559739&quot;:160,&quot;335559740&quot;:259}\">\u00a0<\/span><\/li>\n<li data-listid=\"41\" aria-setsize=\"-1\" data-aria-posinset=\"2\" data-aria-level=\"1\">\u00a0Biznes<span data-ccp-props=\"{&quot;134233279&quot;:true,&quot;201341983&quot;:0,&quot;335559739&quot;:160,&quot;335559740&quot;:259}\">\u00a0<\/span><\/li>\n<\/ul>\n<ul>\n<li data-listid=\"41\" aria-setsize=\"-1\" data-aria-posinset=\"1\" data-aria-level=\"1\">\u00a0Ziemi\u0119<span data-ccp-props=\"{&quot;134233279&quot;:true,&quot;201341983&quot;:0,&quot;335559739&quot;:160,&quot;335559740&quot;:259}\">\u00a0<\/span><\/li>\n<\/ul>\n<p><b>Oferujemy bardzo konkurencyjne stawki. Skontaktuj si\u0119 z nami\u00a0juz\u00a0dzi\u015b.\u00a0\u00a0<\/b><span data-ccp-props=\"{&quot;201341983&quot;:0,&quot;335559739&quot;:160,&quot;335559740&quot;:259}\">\u00a0<\/span><\/p>\n","protected":false},"excerpt":{"rendered":"<p>W\u00a0Houlihan\u00a0Solicitors\u00a0dzia\u0142amy dla klient\u00f3w, kt\u00f3rzy kupuj\u0105 lub sprzedaj\u0105;\u00a0 Domy\u00a0 \u00a0Biznes\u00a0 \u00a0Ziemi\u0119\u00a0 Oferujemy bardzo konkurencyjne stawki. Skontaktuj si\u0119 z nami\u00a0juz\u00a0dzi\u015b.\u00a0\u00a0\u00a0<\/p>\n","protected":false},"author":2,"featured_media":0,"parent":11,"menu_order":34,"comment_status":"closed","ping_status":"closed","template":"single-practice.php","meta":[],"yoast_head":"<!-- This site is optimized with the Yoast SEO plugin v14.9 - https:\/\/yoast.com\/wordpress\/plugins\/seo\/ -->\n<title>KUPNO i SPRZEDA\u017b W\u0141ASNO\u015aCI - Houlihan Solicitors<\/title>\n<meta name=\"robots\" content=\"index, follow, max-snippet:-1, max-image-preview:large, max-video-preview:-1\" \/>\n<link rel=\"canonical\" href=\"https:\/\/www.houlihansolicitors.ie\/polskie\/zakres-dzialan\/kupno-i-sprzedaz-wlasnosci\/\" \/>\n<meta property=\"og:locale\" content=\"en_GB\" \/>\n<meta property=\"og:type\" content=\"article\" \/>\n<meta property=\"og:title\" content=\"KUPNO i SPRZEDA\u017b W\u0141ASNO\u015aCI - Houlihan Solicitors\" \/>\n<meta property=\"og:description\" content=\"W\u00a0Houlihan\u00a0Solicitors\u00a0dzia\u0142amy dla klient\u00f3w, kt\u00f3rzy kupuj\u0105 lub sprzedaj\u0105;\u00a0 Domy\u00a0 \u00a0Biznes\u00a0 \u00a0Ziemi\u0119\u00a0 Oferujemy bardzo konkurencyjne stawki. Skontaktuj si\u0119 z nami\u00a0juz\u00a0dzi\u015b.\u00a0\u00a0\u00a0\" \/>\n<meta property=\"og:url\" content=\"https:\/\/www.houlihansolicitors.ie\/polskie\/zakres-dzialan\/kupno-i-sprzedaz-wlasnosci\/\" \/>\n<meta property=\"og:site_name\" content=\"Houlihan Solicitors\" \/>\n<meta property=\"article:modified_time\" content=\"2017-09-29T14:03:48+00:00\" \/>\n<meta name=\"twitter:card\" content=\"summary\" \/>\n<script type=\"application\/ld+json\" class=\"yoast-schema-graph\">{\"@context\":\"https:\/\/schema.org\",\"@graph\":[{\"@type\":\"WebSite\",\"@id\":\"https:\/\/www.houlihansolicitors.ie\/polskie\/#website\",\"url\":\"https:\/\/www.houlihansolicitors.ie\/polskie\/\",\"name\":\"Houlihan Solicitors\",\"description\":\"\",\"potentialAction\":[{\"@type\":\"SearchAction\",\"target\":\"https:\/\/www.houlihansolicitors.ie\/polskie\/?s={search_term_string}\",\"query-input\":\"required name=search_term_string\"}],\"inLanguage\":\"en-GB\"},{\"@type\":\"WebPage\",\"@id\":\"https:\/\/www.houlihansolicitors.ie\/polskie\/zakres-dzialan\/kupno-i-sprzedaz-wlasnosci\/#webpage\",\"url\":\"https:\/\/www.houlihansolicitors.ie\/polskie\/zakres-dzialan\/kupno-i-sprzedaz-wlasnosci\/\",\"name\":\"KUPNO i SPRZEDA\\u017b W\\u0141ASNO\\u015aCI - Houlihan Solicitors\",\"isPartOf\":{\"@id\":\"https:\/\/www.houlihansolicitors.ie\/polskie\/#website\"},\"datePublished\":\"2016-11-23T11:19:06+00:00\",\"dateModified\":\"2017-09-29T14:03:48+00:00\",\"inLanguage\":\"en-GB\",\"potentialAction\":[{\"@type\":\"ReadAction\",\"target\":[\"https:\/\/www.houlihansolicitors.ie\/polskie\/zakres-dzialan\/kupno-i-sprzedaz-wlasnosci\/\"]}]}]}<\/script>\n<!-- \/ Yoast SEO plugin. -->","_links":{"self":[{"href":"https:\/\/www.houlihansolicitors.ie\/polskie\/wp-json\/wp\/v2\/pages\/374"}],"collection":[{"href":"https:\/\/www.houlihansolicitors.ie\/polskie\/wp-json\/wp\/v2\/pages"}],"about":[{"href":"https:\/\/www.houlihansolicitors.ie\/polskie\/wp-json\/wp\/v2\/types\/page"}],"author":[{"embeddable":true,"href":"https:\/\/www.houlihansolicitors.ie\/polskie\/wp-json\/wp\/v2\/users\/2"}],"replies":[{"embeddable":true,"href":"https:\/\/www.houlihansolicitors.ie\/polskie\/wp-json\/wp\/v2\/comments?post=374"}],"version-history":[{"count":3,"href":"https:\/\/www.houlihansolicitors.ie\/polskie\/wp-json\/wp\/v2\/pages\/374\/revisions"}],"predecessor-version":[{"id":516,"href":"https:\/\/www.houlihansolicitors.ie\/polskie\/wp-json\/wp\/v2\/pages\/374\/revisions\/516"}],"up":[{"embeddable":true,"href":"https:\/\/www.houlihansolicitors.ie\/polskie\/wp-json\/wp\/v2\/pages\/11"}],"wp:attachment":[{"href":"https:\/\/www.houlihansolicitors.ie\/polskie\/wp-json\/wp\/v2\/media?parent=374"}],"curies":[{"name":"wp","href":"https:\/\/api.w.org\/{rel}","templated":true}]}}