{"id":57,"date":"2016-10-11T15:12:12","date_gmt":"2016-10-11T14:12:12","guid":{"rendered":"http:\/\/www.houlihansolicitors.ie\/polskie\/?page_id=57"},"modified":"2020-09-02T12:09:35","modified_gmt":"2020-09-02T11:09:35","slug":"o-nas","status":"publish","type":"page","link":"https:\/\/www.houlihansolicitors.ie\/polskie\/o-nas\/","title":{"rendered":"O NAS"},"content":{"rendered":"<p><div class=\"fusion-fullwidth fullwidth-box fusion-builder-row-1 nonhundred-percent-fullwidth non-hundred-percent-height-scrolling\" style=\"background-color: rgba(255,255,255,0);background-position: left top;background-repeat: no-repeat;padding-top:20px;padding-right:0px;padding-bottom:20px;padding-left:0px;margin-bottom: 0px;margin-top: 0px;border-width: 0px 0px 0px 0px;border-color:#eae9e9;border-style:solid;\" ><div class=\"fusion-builder-row fusion-row\"><div class=\"fusion-layout-column fusion_builder_column fusion-builder-column-0 fusion_builder_column_1_1 1_1 fusion-one-full fusion-column-first fusion-column-last\" style=\"margin-top:0px;margin-bottom:20px;\"><div class=\"fusion-column-wrapper fusion-flex-column-wrapper-legacy\" style=\"background-position:left top;background-repeat:no-repeat;-webkit-background-size:cover;-moz-background-size:cover;-o-background-size:cover;background-size:cover;\"><div class=\"fusion-text fusion-text-1\"><h1 style=\"text-align: center;\"><span class=\"caps\">O Nas<\/span><\/h1>\n<\/div><div class=\"fusion-clearfix\"><\/div><\/div><\/div><div class=\"fusion-layout-column fusion_builder_column fusion-builder-column-1 fusion_builder_column_1_2 1_2 fusion-one-half fusion-column-first\" style=\"width:48%; margin-right: 4%;margin-top:0px;margin-bottom:20px;\"><div class=\"fusion-column-wrapper fusion-flex-column-wrapper-legacy\" style=\"background-position:left top;background-repeat:no-repeat;-webkit-background-size:cover;-moz-background-size:cover;-o-background-size:cover;background-size:cover;\"><div class=\"fusion-text fusion-text-2\"><p style=\"text-align: left;\">Jeste\u015bmy firm\u0105 prawnicz\u0105 za\u0142o\u017con\u0105 w 2011 roku z biurami w Dublinie, Limerick, Cork i Galway. Zajmujemy si\u0119, mi\u0119dzy innymi, odszkodowaniami medycznymi wynikaj\u0105cymi z wypadk\u00f3w drogowych, wypadk\u00f3w w pracy, w miejscach publicznych, b\u0142\u0119dami w sztuce lakarskiej. Przez lata praktyki zdobyli\u015bmy miano doskonalych w swoich fachu, dzi\u0119ki bardzo dobremu systemowi zarz\u0105dzania sprawami i bogatemu do\u015bwiadczeniu w prowadzeniu roszcze\u0144 naszych klient\u00f3w.<\/p>\n<p>Celem naszych prawnik\u00f3w jest zapewnienie naszemu klientowi jak najlepszego odszkodowania za roszczenie i uczynienie tego procesu tak prostym i jasnym, jak to tylko mo\u017cliwe. W naszym zespole prawniczym mamy jednego z najbardziej do\u015bwiadczonych adwokat\u00f3w ds. odszkodowa\u0144 osobistych w Irlandii, kt\u00f3ry ch\u0119tnie zaoferuje swoje osobiste zainteresowanie Twoj\u0105 spraw\u0105 i s\u0142u\u017cy\u0107 b\u0119dzie opini\u0105 swoj\u0105 i bieg\u0142ych ekspert\u00f3w. Od lat mamy do czynienia z tysi\u0105cami r\u00f3\u017cnych przypadk\u00f3w i jeste\u015bmy dumni z naszego dorobku w zakresie opieki nad klientem i odnoszonych sukces\u00f3w w prowadzonych sprawach. Nasze us\u0142ugi s\u0105 dostosowane do potrzeb klienta i zapewniamy skuteczn\u0105 komunikacj\u0119 u\u017cywaj\u0105c prostego j\u0119zyka informuj\u0105c Ci\u0119 na bie\u017c\u0105co o post\u0119pach w sprawie. Dla u\u0142atwienia procesu komunikacji wprowadzili\u015bmy proste kroki, kt\u00f3re daj\u0105 mo\u017cliwo\u015b\u0107 komunikowania si\u0119 tlefonicznie, mailowo lub tradycyjn\u0105 poczt\u0105. Oferujemy Ci r\u00f3wnie\u017c na miejscu t\u0142umacza, aby\u015b m\u00f3g\u0142 si\u0119 czu\u0107 swobodnie i komfortowo.<\/p>\n<\/div><div class=\"fusion-clearfix\"><\/div><\/div><\/div><div class=\"fusion-layout-column fusion_builder_column fusion-builder-column-2 fusion_builder_column_1_2 1_2 fusion-one-half fusion-column-last\" style=\"width:48%;margin-top:0px;margin-bottom:20px;\"><div class=\"fusion-column-wrapper fusion-flex-column-wrapper-legacy\" style=\"background-position:left top;background-repeat:no-repeat;-webkit-background-size:cover;-moz-background-size:cover;-o-background-size:cover;background-size:cover;\"><span class=\" fusion-imageframe imageframe-none imageframe-1 hover-type-none\"><img width=\"1024\" image_height=\"684\" image_id=\"323\" title=\"group-shot\" src=\"https:\/\/www.houlihansolicitors.ie\/polskie\/wp-content\/uploads\/2016\/10\/Group-Shot-1024x684.jpg\" class=\"img-responsive wp-image-323\"\/><\/span><div class=\"fusion-clearfix\"><\/div><\/div><\/div><\/div><\/div><div class=\"fusion-fullwidth fullwidth-box fusion-builder-row-2 nonhundred-percent-fullwidth non-hundred-percent-height-scrolling\" style=\"background-color: rgba(255,255,255,0);background-position: left top;background-repeat: no-repeat;padding-top:20px;padding-right:0px;padding-bottom:20px;padding-left:0px;margin-bottom: 0px;margin-top: 0px;border-width: 0px 0px 0px 0px;border-color:#eae9e9;border-style:solid;\" ><div class=\"fusion-builder-row fusion-row\"><div class=\"fusion-layout-column fusion_builder_column fusion-builder-column-3 fusion_builder_column_1_3 1_3 fusion-one-third fusion-column-first\" style=\"width:30.6666%; margin-right: 4%;margin-top:0px;margin-bottom:20px;\"><div class=\"fusion-column-wrapper fusion-flex-column-wrapper-legacy\" style=\"background-position:left top;background-repeat:no-repeat;-webkit-background-size:cover;-moz-background-size:cover;-o-background-size:cover;background-size:cover;\"><div class=\"fusion-person person fusion-person-left fusion-person-1 fusion-person-icon-top\"><div class=\"person-shortcode-image-wrapper\"><div class=\"person-image-container hover-type-none\" style=\"border:0px solid #f6f6f6;-webkit-border-radius:0px;-moz-border-radius:0px;border-radius:0px;\"><img loading=\"lazy\" class=\"person-img img-responsive wp-image-319\" width=\"1040\" height=\"1040\" src=\"https:\/\/www.houlihansolicitors.ie\/polskie\/wp-content\/uploads\/2016\/10\/Donal.jpg\" alt=\"Donal Houlihan\" \/><\/div><\/div><div class=\"person-desc\"><div class=\"person-author\"><div class=\"person-author-wrapper\"><span class=\"person-name\">Donal Houlihan<\/span><span class=\"person-title\"><\/span><\/div><\/div><div class=\"person-content fusion-clearfix\">W 2000 roku Donal sta\u0142 si\u0119 cz\u0142onkiem Towarzystwa Prawniczego w Irlandii. Ma bogate do\u015bwiadczenie w sprawach s\u0105dowych, pracuj\u0105c w firmach w Dublinie i Limerick. W 2011 za\u0142o\u017cy\u0142 kancelari\u0119 prawn\u0105 Houlihan Solicitors, specjalizuj\u0105c\u0105 si\u0119 w sprawach odszkodowa\u0144 osobistych i b\u0142\u0119dach w sztuce lekarskiej. Houlihan Solicitors rozwija si\u0119 bardzo dynamicznie i sta\u0142o si\u0119 firm\u0105 odnosz\u0105c\u0105 wielkie sukcesu na rynku.<\/div><\/div><\/div><div class=\"fusion-clearfix\"><\/div><\/div><\/div><div class=\"fusion-layout-column fusion_builder_column fusion-builder-column-4 fusion_builder_column_1_3 1_3 fusion-one-third\" style=\"width:30.6666%; margin-right: 4%;margin-top:0px;margin-bottom:20px;\"><div class=\"fusion-column-wrapper fusion-flex-column-wrapper-legacy\" style=\"background-position:left top;background-repeat:no-repeat;-webkit-background-size:cover;-moz-background-size:cover;-o-background-size:cover;background-size:cover;\"><div class=\"fusion-person person fusion-person-left fusion-person-2 fusion-person-icon-top\"><div class=\"person-shortcode-image-wrapper\"><div class=\"person-image-container hover-type-none\" style=\"border:0px solid #f6f6f6;-webkit-border-radius:0px;-moz-border-radius:0px;border-radius:0px;\"><img loading=\"lazy\" class=\"person-img img-responsive wp-image-320\" width=\"1040\" height=\"1040\" src=\"https:\/\/www.houlihansolicitors.ie\/polskie\/wp-content\/uploads\/2016\/10\/Megan.jpg\" alt=\"Megan Barrett\" \/><\/div><\/div><div class=\"person-desc\"><div class=\"person-author\"><div class=\"person-author-wrapper\"><span class=\"person-name\">Megan Barrett<\/span><span class=\"person-title\"><\/span><\/div><\/div><div class=\"person-content fusion-clearfix\">Megan jest asystentk\u0105 prawn\u0105, z licenjatem z prawa z Uniwersytetu w Limerick, jak r\u00f3wnie\u017c z socjologii i nauk politycznych z National University of Galway. Zajmuje si\u0119 prac\u0105 dla naszego g\u0142\u00f3wnego adwokata we wszystkich typach przypadk\u00f3w obra\u017ce\u0144 cia\u0142a i zaniedba\u0144 w sztuce lakarskiej.<\/div><\/div><\/div><div class=\"fusion-clearfix\"><\/div><\/div><\/div><div class=\"fusion-layout-column fusion_builder_column fusion-builder-column-5 fusion_builder_column_1_3 1_3 fusion-one-third fusion-column-last\" style=\"width:30.6666%;margin-top:0px;margin-bottom:20px;\"><div class=\"fusion-column-wrapper fusion-flex-column-wrapper-legacy\" style=\"background-position:left top;background-repeat:no-repeat;-webkit-background-size:cover;-moz-background-size:cover;-o-background-size:cover;background-size:cover;\"><div class=\"fusion-person person fusion-person-left fusion-person-3 fusion-person-icon-top\"><div class=\"person-shortcode-image-wrapper\"><div class=\"person-image-container hover-type-none\" style=\"border:0px solid #f6f6f6;-webkit-border-radius:0px;-moz-border-radius:0px;border-radius:0px;\"><img loading=\"lazy\" class=\"person-img img-responsive wp-image-321\" width=\"1040\" height=\"1040\" src=\"https:\/\/www.houlihansolicitors.ie\/polskie\/wp-content\/uploads\/2016\/10\/Natalia.jpg\" alt=\"Natalia Lenart\" \/><\/div><\/div><div class=\"person-desc\"><div class=\"person-author\"><div class=\"person-author-wrapper\"><span class=\"person-name\">Natalia Lenart<\/span><span class=\"person-title\"><\/span><\/div><\/div><div class=\"person-content fusion-clearfix\">Natalia jest asystentk\u0105 prawn\u0105, kt\u00f3ra do\u0142\u0105czy\u0142a do Houlihan Solicitors w 2016 r. Specjalizuje si\u0119 w post\u0119powaniach o odszkodowania osobiste w S\u0105dzie Wy\u017cszym i w przenoszeniu w\u0142asno\u015bci w prywatnych nieruchomo\u015bci mieszkalnych. Natalia jest absolwentk\u0105 Uniwersytetu w Limerick z licencjatem z prawa i psychologii. Natalia m\u00f3wi biegle po polskim, wi\u0119c je\u015bli masz jakie\u015b pytania to prosimy o kontakt bezpo\u015brednio z ni\u0105.<\/div><\/div><\/div><div class=\"fusion-clearfix\"><\/div><\/div><\/div><div class=\"fusion-layout-column fusion_builder_column fusion-builder-column-6 fusion_builder_column_1_1 1_1 fusion-one-full fusion-column-first fusion-column-last\" style=\"margin-top:0px;margin-bottom:20px;\"><div class=\"fusion-column-wrapper fusion-flex-column-wrapper-legacy\" style=\"background-position:left top;background-repeat:no-repeat;-webkit-background-size:cover;-moz-background-size:cover;-o-background-size:cover;background-size:cover;\"><div class=\"fusion-person person fusion-person-left fusion-person-4 fusion-person-icon-top\"><div class=\"person-desc\"><div class=\"person-author\"><div class=\"person-author-wrapper\"><span class=\"person-name\">David Ryan AAT\/CIP<\/span><span class=\"person-title\">Ksi\u0119gowy<\/span><\/div><\/div><div class=\"person-content fusion-clearfix\">David wnosi do naszego zespo\u0142u ekspertyz\u0119 z zakresu praktyk rachunkowych i dochodzenia w sprawach ubezpieczeniowych. David posiada ponad 20-letnie do\u015bwiadczenie w dziedzinie rachunkowo\u015bci i zwi\u0105zanych z biznesem roszcze\u0144 ubezpieczeniowych, jak r\u00f3wnie\u017c prowadzenia dochodze\u0144 w sprawie oszustw, przerwy w prowadzeniu dzia\u0142alno\u015bci gospodarczej, odpowiedzialno\u015bci publicznej i pracodawcy, strat w dziedzinie motoryzacji i innych strat komercyjnych.<\/div><\/div><\/div><div class=\"fusion-clearfix\"><\/div><\/div><\/div><\/div><\/div><div class=\"fusion-fullwidth fullwidth-box fusion-builder-row-3 nonhundred-percent-fullwidth non-hundred-percent-height-scrolling\" style=\"background-color: #eef4f9;background-position: left top;background-repeat: no-repeat;padding-top:100px;padding-right:0px;padding-bottom:80px;padding-left:0px;margin-bottom: 0px;margin-top: 0px;border-width: 0px 0px 0px 0px;border-color:#eae9e9;border-style:solid;\" ><div class=\"fusion-builder-row fusion-row\"><div class=\"fusion-layout-column fusion_builder_column fusion-builder-column-7 fusion_builder_column_1_1 1_1 fusion-one-full fusion-column-first fusion-column-last fusion-column-no-min-height\" style=\"margin-top:0px;margin-bottom:0px;\"><div class=\"fusion-column-wrapper fusion-flex-column-wrapper-legacy\" style=\"background-position:left top;background-repeat:no-repeat;-webkit-background-size:cover;-moz-background-size:cover;-o-background-size:cover;background-size:cover;\"><div class=\"fusion-text fusion-text-3\"><h2 style=\"text-align: center;\"><span class=\"TextRun SCXW109359398\" lang=\"PL-PL\" xml:lang=\"PL-PL\"><span class=\"NormalTextRun SCXW109359398\">DLACZEGO\u00a0<\/span><\/span><span class=\"TextRun SCXW109359398\" lang=\"PL-PL\" xml:lang=\"PL-PL\"><span class=\"NormalTextRun SCXW109359398\">WYBRA\u0106 HOULIHAN SOLIC<\/span><\/span><span class=\"TextRun SCXW109359398\" lang=\"PL-PL\" xml:lang=\"PL-PL\"><span class=\"NormalTextRun SCXW109359398\">ITORS?<\/span><\/span><\/h2>\n<\/div><div class=\"fusion-sep-clear\"><\/div><div class=\"fusion-separator fusion-full-width-sep\" style=\"margin-left: auto;margin-right: auto;margin-top:20px;width:100%;\"><\/div><div class=\"fusion-sep-clear\"><\/div><div class=\"fusion-text fusion-text-4\"><ul>\n<li><span class=\"TextRun SCXW256685117\" lang=\"PL-PL\" xml:lang=\"PL-PL\"><span class=\"NormalTextRun SCXW256685117\">Oferujemy opini\u0119 ekspert\u00f3w na<\/span><\/span><span class=\"TextRun SCXW256685117\" lang=\"PL-PL\" xml:lang=\"PL-PL\"><span class=\"NormalTextRun SCXW256685117\">\u00a0konsultacji bez zobowi\u0105za\u0144.<\/span><\/span><span class=\"EOP SCXW256685117\" data-ccp-props=\"{&quot;134233279&quot;:true,&quot;201341983&quot;:0,&quot;335559739&quot;:160,&quot;335559740&quot;:259}\">\u00a0<\/span><\/li>\n<li><span class=\"TextRun SCXW24127288\" lang=\"PL-PL\" xml:lang=\"PL-PL\"><span class=\"NormalTextRun SCXW24127288\">Bierzemy pod uwag\u0119 \u017cyczenia i potrzeby naszych klient\u00f3w.\u00a0<\/span><\/span><span class=\"EOP SCXW24127288\" data-ccp-props=\"{&quot;134233279&quot;:true,&quot;201341983&quot;:0,&quot;335559739&quot;:160,&quot;335559740&quot;:259}\">\u00a0<\/span><\/li>\n<li><span class=\"TextRun SCXW256246490\" lang=\"PL-PL\" xml:lang=\"PL-PL\"><span class=\"NormalTextRun SCXW256246490\">\u015aci\u015ble wsp\u00f3\u0142pracujemy z naszymi klientami, aby\u00a0<\/span><span class=\"SpellingError SCXW256246490\">osi\u0105gn\u0105c<\/span><span class=\"NormalTextRun SCXW256246490\">\u00a0maksymalne wyniki.\u00a0<\/span><\/span><span class=\"TextRun SCXW256246490\" lang=\"PL-PL\" xml:lang=\"PL-PL\"><span class=\"NormalTextRun SCXW256246490\">\u00a0<\/span><\/span><\/li>\n<li><span class=\"TextRun SCXW268260216\" lang=\"PL-PL\" xml:lang=\"PL-PL\"><span class=\"NormalTextRun SCXW268260216\">Otwarty i przyjazny personel.<\/span><\/span><span class=\"EOP SCXW268260216\" data-ccp-props=\"{&quot;134233279&quot;:true,&quot;201341983&quot;:0,&quot;335559739&quot;:160,&quot;335559740&quot;:259}\">\u00a0<\/span><\/li>\n<li><span class=\"TextRun SCXW156149817\" lang=\"PL-PL\" xml:lang=\"PL-PL\"><span class=\"NormalTextRun SCXW156149817\">Nasze biuro jest lokalnie.\u00a0<\/span><\/span><span class=\"EOP SCXW156149817\" data-ccp-props=\"{&quot;134233279&quot;:true,&quot;201341983&quot;:0,&quot;335559739&quot;:160,&quot;335559740&quot;:259}\">\u00a0<\/span><\/li>\n<\/ul>\n<\/div><div class=\"fusion-clearfix\"><\/div><\/div><\/div><\/div><\/div><div class=\"fusion-fullwidth fullwidth-box fusion-builder-row-4 fusion-parallax-fixed colourbg nonhundred-percent-fullwidth non-hundred-percent-height-scrolling\" style=\"background-color: rgba(255,255,255,0);background-image: url(&quot;https:\/\/www.houlihansolicitors.ie\/polskie\/wp-content\/uploads\/2016\/10\/Houlihan_Parallax.jpg&quot;);background-position: left top;background-repeat: no-repeat;padding-top:100px;padding-right:0px;padding-bottom:100px;padding-left:0px;margin-bottom: 0px;margin-top: 0px;border-width: 0px 0px 0px 0px;border-color:#eae9e9;border-style:solid;-webkit-background-size:cover;-moz-background-size:cover;-o-background-size:cover;background-size:cover;background-attachment:fixed;\" ><div class=\"fusion-builder-row fusion-row\"><div class=\"fusion-layout-column fusion_builder_column fusion-builder-column-8 fusion_builder_column_1_1 1_1 fusion-one-full fusion-column-first fusion-column-last fusion-column-no-min-height\" style=\"margin-top:0px;margin-bottom:0px;\"><div class=\"fusion-column-wrapper fusion-flex-column-wrapper-legacy\" style=\"background-position:left top;background-repeat:no-repeat;-webkit-background-size:cover;-moz-background-size:cover;-o-background-size:cover;background-size:cover;\"><div class=\"fusion-text fusion-text-5\"><h2 style=\"text-align: center;\"><span class=\"TextRun SCXW119456040\" lang=\"PL-PL\" xml:lang=\"PL-PL\"><span class=\"NormalTextRun SCXW119456040\">Co m\u00f3wi\u0105 o nas nasi klienci?<\/span><\/span><\/h2>\n<p style=\"text-align: center;\">\t\t\t\t<div class=\"testimonials\">\n\t\t\t\t\t<div class=\"fusion-row\">\n\t\t\t\t<div class=\"fusion-testimonials clean fusion-testimonials-1\" data-random=\"0\">\n\t\t\t\t\n\t\t\t\t\t<div class=\"reviews\">\n\t\t\t\t\t\n\t\t\t\t\t\t\t\t\t\t\t\t\t<div class=\"review male\">\n\t\t\t\t\t\t\t\t<div class=\"testimonial-thumbnail\"><\/div>\n\t\t\t\t\t\t\t\t<blockquote>\n\t\t\t\t\t\t\t\t\t<q>Zwr\u00f3ci\u0142am si\u0119 do Houlihan Solicitors z pozwem o obra\u017cenia cielesne i jestem bardzo zadowolona. Zaje\u0142o to prawie 3 lata aby roztrzygn\u0105\u0107 moj\u0105 spraw\u0119, aczkolwiek Donal i jego zesp\u00f3\u0142 zadbali o to aby rezultat odzwierciedla\u0142 moje obra\u017cenia. Jestem zachwycona z wyniku mojej sprawy i jestem pewna \u017ce Houlihan Solicitors osi\u0105gneli to dzi\u0119ki ich zaanga\u017cowaniem i zawzi\u0119ciem aby wynik mojej sprawy by\u0142 jak najbardziej korzystny.<\/q>\n\t\t\t\t\t\t\t\t<\/blockquote>\n\t\t\t\t\t\t\t\t<div class=\"author\">\n\t\t\t\t\t\t\t\t\t<span class=\"company-name\"><strong>Jeanne Preece<\/strong>\n\t\t\t\t\t\t\t\t\t\t<!--<a href=\"#\" target=\"_self\"><span>Jeanne Preece<\/span><\/a>-->\n\t\t\t\t\t\t\t\t\t<\/span>\n\t\t\t\t\t\t\t\t<\/div>\n\t\t\t\t\t\t\t<\/div>\n\t\t\t\t\t\t\t\t\t\t\t\t\t<div class=\"review male\">\n\t\t\t\t\t\t\t\t<div class=\"testimonial-thumbnail\"><\/div>\n\t\t\t\t\t\t\t\t<blockquote>\n\t\t\t\t\t\t\t\t\t<q>Moje do\u015bwiadczenie z Houlihan Solicitors jest super \u2013 Byli dla mnie ogromnie pomocni i efektywni. Moje odszkodowanie si\u0119gne\u0142o ponad moje oczekiwania. Dosta\u0142am prawie 4 razy wi\u0119cej ni\u017c oferta kt\u00f3r\u0105 proponowa\u0142a mi komisja (Injuries Board). Nie wyobra\u017cam sobie abym da\u0142a rad\u0119 osi\u0105gn\u0105\u0107 lepszy rezultat gdyby nie Kancelaria Prawna Houlihan.<\/q>\n\t\t\t\t\t\t\t\t<\/blockquote>\n\t\t\t\t\t\t\t\t<div class=\"author\">\n\t\t\t\t\t\t\t\t\t<span class=\"company-name\"><strong>Aneta Dyszko, Dublin<\/strong>\n\t\t\t\t\t\t\t\t\t\t<!--<a href=\"#\" target=\"_self\"><span>Aneta Dyszko, Dublin<\/span><\/a>-->\n\t\t\t\t\t\t\t\t\t<\/span>\n\t\t\t\t\t\t\t\t<\/div>\n\t\t\t\t\t\t\t<\/div>\n\t\t\t\t\t\t\t\t\t\t\t\t\t<div class=\"review male\">\n\t\t\t\t\t\t\t\t<div class=\"testimonial-thumbnail\"><\/div>\n\t\t\t\t\t\t\t\t<blockquote>\n\t\t\t\t\t\t\t\t\t<q>Kancelaria Houlihan jest na pewno jedn\u0105 z najlepszych. Zesp\u00f3\u0142 jest uwa\u017cny i bardzo pomocny. Ich zadaniem by\u0142o dobrze poprowadzi\u0107 moj\u0105 spraw\u0119 i wierz\u0119 \u017ce tak zrobili poniewa\u017c otrzyma\u0142em najlepszy wynik.<\/q>\n\t\t\t\t\t\t\t\t<\/blockquote>\n\t\t\t\t\t\t\t\t<div class=\"author\">\n\t\t\t\t\t\t\t\t\t<span class=\"company-name\"><strong>Patrick Walsh, Galway<\/strong>\n\t\t\t\t\t\t\t\t\t\t<!--<a href=\"#\" target=\"_self\"><span>Patrick Walsh, Galway<\/span><\/a>-->\n\t\t\t\t\t\t\t\t\t<\/span>\n\t\t\t\t\t\t\t\t<\/div>\n\t\t\t\t\t\t\t<\/div>\n\t\t\t\t\t\t\t\t\t\t\t\t\t<div class=\"review male\">\n\t\t\t\t\t\t\t\t<div class=\"testimonial-thumbnail\"><\/div>\n\t\t\t\t\t\t\t\t<blockquote>\n\t\t\t\t\t\t\t\t\t<q>Dla mnie aplikacja mojego pozwu do komisji obra\u017ce\u0144 (Injuries Board) i ca\u0142y proces s\u0105dowy okaza\u0142 si\u0119 bezstresowy dzi\u0119ki Houlihan Solicitors. Zdecydowanie polecam zadzwoni\u0107 po porade lub konsultacje.<\/q>\n\t\t\t\t\t\t\t\t<\/blockquote>\n\t\t\t\t\t\t\t\t<div class=\"author\">\n\t\t\t\t\t\t\t\t\t<span class=\"company-name\"><strong>Powel Slowinski, Limerick<\/strong>\n\t\t\t\t\t\t\t\t\t\t<!--<a href=\"#\" target=\"_self\"><span>Powel Slowinski, Limerick<\/span><\/a>-->\n\t\t\t\t\t\t\t\t\t<\/span>\n\t\t\t\t\t\t\t\t<\/div>\n\t\t\t\t\t\t\t<\/div>\n\t\t\t\t\t\t\t\t\t\t\t\t\t<div class=\"review male\">\n\t\t\t\t\t\t\t\t<div class=\"testimonial-thumbnail\"><\/div>\n\t\t\t\t\t\t\t\t<blockquote>\n\t\t\t\t\t\t\t\t\t<q>Kiedy uleg\u0142em powa\u017cnemu wypadkowi, nie wiedzia\u0142em do kogo mam si\u0119 zwr\u00f3ci\u0107 po pomoc. W trudnej sytuacji zwr\u00f3ci\u0142em si\u0119 do Houlihan Solcitors i dosta\u0142em najlepsz\u0105 porade. Zesp\u00f3\u0142 Houlihan dok\u0142adnie wyt\u0142umaczy\u0142 mi procedur\u0119 zwi\u0105zan\u0105 z moj\u0105 spraw\u0105 i upewni\u0142 si\u0119 \u017ce wszystko jest dla mnie zrozumia\u0142e. Zdecydowanie polecam t\u0105 firm\u0119.<\/q>\n\t\t\t\t\t\t\t\t<\/blockquote>\n\t\t\t\t\t\t\t\t<div class=\"author\">\n\t\t\t\t\t\t\t\t\t<span class=\"company-name\"><strong>Leonard Earls, Limerick<\/strong>\n\t\t\t\t\t\t\t\t\t\t<!--<a href=\"#\" target=\"_self\"><span>Leonard Earls, Limerick<\/span><\/a>-->\n\t\t\t\t\t\t\t\t\t<\/span>\n\t\t\t\t\t\t\t\t<\/div>\n\t\t\t\t\t\t\t<\/div>\n\t\t\t\t\t\t\t\t\t\t\t\t\n\t\t\t\t\t<\/div>\n\t\t\t\t\t<div class=\"testimonial-pagination\" id=\"fusion-testimonials-1\"><\/div>\n\t\t\t\t<\/div>\n\n\t\t\t\t\t<\/div><!-- row -->\n\t\t\t\t\t\n\t\t\t\t<\/div> <!-- testimonials -->\t\t\t\t\n\t\t\t\t\t\t\t\t<div style=\"clear: both;margin-bottom:20px;\">&nbsp;<\/div>\t\n<\/p>\n<\/div><div class=\"fusion-clearfix\"><\/div><\/div><\/div><\/div><\/div><\/p>\n","protected":false},"excerpt":{"rendered":"","protected":false},"author":2,"featured_media":0,"parent":0,"menu_order":2,"comment_status":"closed","ping_status":"closed","template":"100-width.php","meta":[],"yoast_head":"<!-- This site is optimized with the Yoast SEO plugin v14.9 - https:\/\/yoast.com\/wordpress\/plugins\/seo\/ -->\n<title>O NAS - Houlihan Solicitors<\/title>\n<meta name=\"robots\" content=\"index, follow, max-snippet:-1, max-image-preview:large, max-video-preview:-1\" \/>\n<link rel=\"canonical\" href=\"https:\/\/www.houlihansolicitors.ie\/polskie\/o-nas\/\" \/>\n<meta property=\"og:locale\" content=\"en_GB\" \/>\n<meta property=\"og:type\" content=\"article\" \/>\n<meta property=\"og:title\" content=\"O NAS - Houlihan Solicitors\" \/>\n<meta property=\"og:url\" content=\"https:\/\/www.houlihansolicitors.ie\/polskie\/o-nas\/\" \/>\n<meta property=\"og:site_name\" content=\"Houlihan Solicitors\" \/>\n<meta property=\"article:modified_time\" content=\"2020-09-02T11:09:35+00:00\" \/>\n<meta property=\"og:image\" content=\"https:\/\/www.houlihansolicitors.ie\/polskie\/wp-content\/uploads\/2016\/10\/Group-Shot-1024x684.jpg\" \/>\n<meta name=\"twitter:card\" content=\"summary\" \/>\n<script type=\"application\/ld+json\" class=\"yoast-schema-graph\">{\"@context\":\"https:\/\/schema.org\",\"@graph\":[{\"@type\":\"WebSite\",\"@id\":\"https:\/\/www.houlihansolicitors.ie\/polskie\/#website\",\"url\":\"https:\/\/www.houlihansolicitors.ie\/polskie\/\",\"name\":\"Houlihan Solicitors\",\"description\":\"\",\"potentialAction\":[{\"@type\":\"SearchAction\",\"target\":\"https:\/\/www.houlihansolicitors.ie\/polskie\/?s={search_term_string}\",\"query-input\":\"required name=search_term_string\"}],\"inLanguage\":\"en-GB\"},{\"@type\":\"ImageObject\",\"@id\":\"https:\/\/www.houlihansolicitors.ie\/polskie\/o-nas\/#primaryimage\",\"inLanguage\":\"en-GB\",\"url\":\"https:\/\/www.houlihansolicitors.ie\/polskie\/wp-content\/uploads\/2016\/10\/Group-Shot.jpg\",\"width\":2000,\"height\":1335},{\"@type\":\"WebPage\",\"@id\":\"https:\/\/www.houlihansolicitors.ie\/polskie\/o-nas\/#webpage\",\"url\":\"https:\/\/www.houlihansolicitors.ie\/polskie\/o-nas\/\",\"name\":\"O NAS - Houlihan Solicitors\",\"isPartOf\":{\"@id\":\"https:\/\/www.houlihansolicitors.ie\/polskie\/#website\"},\"primaryImageOfPage\":{\"@id\":\"https:\/\/www.houlihansolicitors.ie\/polskie\/o-nas\/#primaryimage\"},\"datePublished\":\"2016-10-11T14:12:12+00:00\",\"dateModified\":\"2020-09-02T11:09:35+00:00\",\"inLanguage\":\"en-GB\",\"potentialAction\":[{\"@type\":\"ReadAction\",\"target\":[\"https:\/\/www.houlihansolicitors.ie\/polskie\/o-nas\/\"]}]}]}<\/script>\n<!-- \/ Yoast SEO plugin. -->","_links":{"self":[{"href":"https:\/\/www.houlihansolicitors.ie\/polskie\/wp-json\/wp\/v2\/pages\/57"}],"collection":[{"href":"https:\/\/www.houlihansolicitors.ie\/polskie\/wp-json\/wp\/v2\/pages"}],"about":[{"href":"https:\/\/www.houlihansolicitors.ie\/polskie\/wp-json\/wp\/v2\/types\/page"}],"author":[{"embeddable":true,"href":"https:\/\/www.houlihansolicitors.ie\/polskie\/wp-json\/wp\/v2\/users\/2"}],"replies":[{"embeddable":true,"href":"https:\/\/www.houlihansolicitors.ie\/polskie\/wp-json\/wp\/v2\/comments?post=57"}],"version-history":[{"count":28,"href":"https:\/\/www.houlihansolicitors.ie\/polskie\/wp-json\/wp\/v2\/pages\/57\/revisions"}],"predecessor-version":[{"id":601,"href":"https:\/\/www.houlihansolicitors.ie\/polskie\/wp-json\/wp\/v2\/pages\/57\/revisions\/601"}],"wp:attachment":[{"href":"https:\/\/www.houlihansolicitors.ie\/polskie\/wp-json\/wp\/v2\/media?parent=57"}],"curies":[{"name":"wp","href":"https:\/\/api.w.org\/{rel}","templated":true}]}}