{"id":80,"date":"2016-10-12T10:39:31","date_gmt":"2016-10-12T09:39:31","guid":{"rendered":"http:\/\/www.houlihansolicitors.ie\/polskie\/?page_id=80"},"modified":"2019-08-14T11:41:22","modified_gmt":"2019-08-14T10:41:22","slug":"obrazenia-cielesne","status":"publish","type":"page","link":"https:\/\/www.houlihansolicitors.ie\/polskie\/zakres-dzialan\/obrazenia-cielesne\/","title":{"rendered":"Obra\u017cenia Cielesne (Wypadki)"},"content":{"rendered":"<p>Je\u017celi dozna\u0142e\u015b\/a\u015b obra\u017ce\u0144, kontuzji, urazu, szkody z winy osoby trzeciej, masz prawo konstytucyjne do otrzymania odszkodowania od tej osoby.<\/p>\n<p>Obra\u017cenia mog\u0105 by\u0107:<\/p>\n<ul>\n<li>Fizyczne<\/li>\n<li>Psychologiczne (np. Stres powypadkowy)<\/li>\n<li>Je\u017celi ponios\u0142e\u015b\/a\u015b straty finansowe z powodu wypadku lub obra\u017cenia na zdrowiu na przyk\u0142ad:<\/li>\n<li>Koszta medyczne<\/li>\n<li>Straty dochodu<\/li>\n<li>Lub za innego rodzaju straty albo szkody kt\u00f3re bezpro\u015brednie zosta\u0142y spowodowane przez Tw\u00f3j wypadek, nale\u017cy Ci si\u0119 odszkodowanie.<\/li>\n<\/ul>\n<p>Prawo irlandzkie wymaga aby wi\u0119kszo\u015b\u0107 spraw o obra\u017cenia cielesne by\u0142y z\u0142o\u017cone do Injuries Board (Komisja Obra\u017ce\u0144). Wed\u0142ug termin\u00f3w przewidzianych prawem, spraw\u0119 trzeba z\u0142o\u017cy\u0107 do 2 lat od daty wypadku, inaczej podlega ona przedawnieniu. Natomiast, sprawy dotycz\u0105ce os\u00f3b nieletnich s\u0105 wykluczone od tego ograniczenia i nie podlegaj\u0105 limitu 2 lat.<\/p>\n<p>Nasza Kancelaria zadba o Twoj\u0105 spraw\u0119 a Ty mo\u017cesz skupi\u0107 si\u0119 na wr\u00f3ceniu do zdrowia wiedz\u0105c \u017ce Twoja sprawa jest w dobrych r\u0119kach. Je\u015bli chcesz si\u0119gn\u0105\u0107 po profesjonaln\u0105 porad\u0119 skontaktuj si\u0119 z nami pod <a href=\"tel:0035361502090\">061 502090<\/a> albo <a href=\"mailto:info@houlihansolicitors.ie\">info@houlihansolicitors.ie<\/a> a my z przyjemno\u015bci\u0105 Ci pomo\u017cemy.<\/p>\n","protected":false},"excerpt":{"rendered":"<p>Je\u017celi dozna\u0142e\u015b\/a\u015b obra\u017ce\u0144, kontuzji, urazu, szkody z winy osoby trzeciej, masz prawo konstytucyjne do otrzymania odszkodowania od tej osoby. Obra\u017cenia mog\u0105 by\u0107: Fizyczne Psychologiczne (np. Stres powypadkowy) Je\u017celi ponios\u0142e\u015b\/a\u015b straty finansowe z powodu wypadku lub obra\u017cenia na zdrowiu na przyk\u0142ad: Koszta medyczne Straty dochodu Lub za innego rodzaju straty albo szkody kt\u00f3re bezpro\u015brednie zosta\u0142y spowodowane [&hellip;]<\/p>\n","protected":false},"author":2,"featured_media":0,"parent":11,"menu_order":17,"comment_status":"closed","ping_status":"closed","template":"single-practice.php","meta":[],"yoast_head":"<!-- This site is optimized with the Yoast SEO plugin v14.9 - https:\/\/yoast.com\/wordpress\/plugins\/seo\/ -->\n<title>Obra\u017cenia Cielesne (Wypadki) - Houlihan Solicitors<\/title>\n<meta name=\"robots\" content=\"index, follow, max-snippet:-1, max-image-preview:large, max-video-preview:-1\" \/>\n<link rel=\"canonical\" href=\"https:\/\/www.houlihansolicitors.ie\/polskie\/zakres-dzialan\/obrazenia-cielesne\/\" \/>\n<meta property=\"og:locale\" content=\"en_GB\" \/>\n<meta property=\"og:type\" content=\"article\" \/>\n<meta property=\"og:title\" content=\"Obra\u017cenia Cielesne (Wypadki) - Houlihan Solicitors\" \/>\n<meta property=\"og:description\" content=\"Je\u017celi dozna\u0142e\u015b\/a\u015b obra\u017ce\u0144, kontuzji, urazu, szkody z winy osoby trzeciej, masz prawo konstytucyjne do otrzymania odszkodowania od tej osoby. Obra\u017cenia mog\u0105 by\u0107: Fizyczne Psychologiczne (np. Stres powypadkowy) Je\u017celi ponios\u0142e\u015b\/a\u015b straty finansowe z powodu wypadku lub obra\u017cenia na zdrowiu na przyk\u0142ad: Koszta medyczne Straty dochodu Lub za innego rodzaju straty albo szkody kt\u00f3re bezpro\u015brednie zosta\u0142y spowodowane [&hellip;]\" \/>\n<meta property=\"og:url\" content=\"https:\/\/www.houlihansolicitors.ie\/polskie\/zakres-dzialan\/obrazenia-cielesne\/\" \/>\n<meta property=\"og:site_name\" content=\"Houlihan Solicitors\" \/>\n<meta property=\"article:modified_time\" content=\"2019-08-14T10:41:22+00:00\" \/>\n<meta name=\"twitter:card\" content=\"summary\" \/>\n<script type=\"application\/ld+json\" class=\"yoast-schema-graph\">{\"@context\":\"https:\/\/schema.org\",\"@graph\":[{\"@type\":\"WebSite\",\"@id\":\"https:\/\/www.houlihansolicitors.ie\/polskie\/#website\",\"url\":\"https:\/\/www.houlihansolicitors.ie\/polskie\/\",\"name\":\"Houlihan Solicitors\",\"description\":\"\",\"potentialAction\":[{\"@type\":\"SearchAction\",\"target\":\"https:\/\/www.houlihansolicitors.ie\/polskie\/?s={search_term_string}\",\"query-input\":\"required name=search_term_string\"}],\"inLanguage\":\"en-GB\"},{\"@type\":\"WebPage\",\"@id\":\"https:\/\/www.houlihansolicitors.ie\/polskie\/zakres-dzialan\/obrazenia-cielesne\/#webpage\",\"url\":\"https:\/\/www.houlihansolicitors.ie\/polskie\/zakres-dzialan\/obrazenia-cielesne\/\",\"name\":\"Obra\\u017cenia Cielesne (Wypadki) - Houlihan Solicitors\",\"isPartOf\":{\"@id\":\"https:\/\/www.houlihansolicitors.ie\/polskie\/#website\"},\"datePublished\":\"2016-10-12T09:39:31+00:00\",\"dateModified\":\"2019-08-14T10:41:22+00:00\",\"inLanguage\":\"en-GB\",\"potentialAction\":[{\"@type\":\"ReadAction\",\"target\":[\"https:\/\/www.houlihansolicitors.ie\/polskie\/zakres-dzialan\/obrazenia-cielesne\/\"]}]}]}<\/script>\n<!-- \/ Yoast SEO plugin. -->","_links":{"self":[{"href":"https:\/\/www.houlihansolicitors.ie\/polskie\/wp-json\/wp\/v2\/pages\/80"}],"collection":[{"href":"https:\/\/www.houlihansolicitors.ie\/polskie\/wp-json\/wp\/v2\/pages"}],"about":[{"href":"https:\/\/www.houlihansolicitors.ie\/polskie\/wp-json\/wp\/v2\/types\/page"}],"author":[{"embeddable":true,"href":"https:\/\/www.houlihansolicitors.ie\/polskie\/wp-json\/wp\/v2\/users\/2"}],"replies":[{"embeddable":true,"href":"https:\/\/www.houlihansolicitors.ie\/polskie\/wp-json\/wp\/v2\/comments?post=80"}],"version-history":[{"count":9,"href":"https:\/\/www.houlihansolicitors.ie\/polskie\/wp-json\/wp\/v2\/pages\/80\/revisions"}],"predecessor-version":[{"id":333,"href":"https:\/\/www.houlihansolicitors.ie\/polskie\/wp-json\/wp\/v2\/pages\/80\/revisions\/333"}],"up":[{"embeddable":true,"href":"https:\/\/www.houlihansolicitors.ie\/polskie\/wp-json\/wp\/v2\/pages\/11"}],"wp:attachment":[{"href":"https:\/\/www.houlihansolicitors.ie\/polskie\/wp-json\/wp\/v2\/media?parent=80"}],"curies":[{"name":"wp","href":"https:\/\/api.w.org\/{rel}","templated":true}]}}