{"id":95,"date":"2016-10-12T12:25:34","date_gmt":"2016-10-12T11:25:34","guid":{"rendered":"http:\/\/www.houlihansolicitors.ie\/polskie\/?page_id=95"},"modified":"2017-09-29T12:39:36","modified_gmt":"2017-09-29T11:39:36","slug":"regulamin","status":"publish","type":"page","link":"https:\/\/www.houlihansolicitors.ie\/polskie\/regulamin\/","title":{"rendered":"REGULAMIN"},"content":{"rendered":"<div class=\"fusion-text fusion-text-1\"><\/p>\n<h1>Regulamin<\/h1>\n<p>&nbsp;<\/p>\n<p>Przed rozpocz\u0119ciem korzystania ze strony\u00a0Houlihan\u00a0Solicitors\u00a0przeczytaj poni\u017cszy Regulamin, kt\u00f3ry zawiera wa\u017cne informacje na temat Twoich praw i\u00a0obowiazk\u00f3w.\u00a0Poprzez dost\u0119p i przegl\u0105danie tej strony zgadzasz si\u0119, \u017ce rozumiesz,\u00a0przeczyta\u0142e\u015b\/\u0142a\u015b\u00a0i stajesz si\u0119 zwi\u0105zany\u00a0Regulaminem. Je\u015bli nie chcesz by\u0107 zwi\u0105zanym naszym Regulaminem, nie mo\u017cesz u\u017cywa\u0107 tej strony.<span data-ccp-props=\"{&quot;134233117&quot;:true,&quot;134233118&quot;:true,&quot;201341983&quot;:0,&quot;335559739&quot;:300,&quot;335559740&quot;:240}\">\u00a0<\/span><\/p>\n<p><span data-ccp-props=\"{&quot;134233117&quot;:true,&quot;134233118&quot;:true,&quot;201341983&quot;:0,&quot;335559739&quot;:300,&quot;335559740&quot;:240}\">\u00a0<\/span><\/p>\n<p>Houlihan\u00a0Solicitors\u00a0\u015bwiadcz\u0105 us\u0142ugi prawne w Republice Irlandii. Informacje zawarte na\u00a0niniejszej witrynie internetowej (a tak\u017ce publikacje zawarte na stronie internetowej i \/ lub po\u0142\u0105czone z witryn\u0105) nie maj\u0105 na celu dostarczania i nie stanowi\u0105,\u00a0ani nie zawieraj\u0105 porady prawnej w jakiejkolwiek konkretnej sprawie i s\u0105 udost\u0119pniane jedynie w celach og\u00f3lnych. Nie mo\u017cesz wstrzyma\u0107\u00a0si\u0119 od dzia\u0142ania lub\u00a0podj\u0119cia\u00a0dzia\u0142ania na podstawie jakichkolwiek materia\u0142\u00f3w lub informacji zamieszczonych na niniejszej stronie internetowej, bez wcze\u015bniejszego zasi\u0119gania porady prawnej od w\u0142a\u015bciwej osoby.<span data-ccp-props=\"{&quot;134233117&quot;:true,&quot;134233118&quot;:true,&quot;201341983&quot;:0,&quot;335559739&quot;:300,&quot;335559740&quot;:240}\">\u00a0<\/span><\/p>\n<p><span data-ccp-props=\"{&quot;134233117&quot;:true,&quot;134233118&quot;:true,&quot;201341983&quot;:0,&quot;335559739&quot;:300,&quot;335559740&quot;:240}\">\u00a0<\/span><\/p>\n<p>Korzystaj\u0105c z tej strony internetowej, musisz przestrzega\u0107 niniejszych warunk\u00f3w korzystania z serwisu i zgadza\u0107 si\u0119 na przestrzeganie niniejszych warunk\u00f3w.<span data-ccp-props=\"{&quot;134233117&quot;:true,&quot;134233118&quot;:true,&quot;201341983&quot;:0,&quot;335559739&quot;:300,&quot;335559740&quot;:240}\">\u00a0<\/span><\/p>\n<p><span data-ccp-props=\"{&quot;134233117&quot;:true,&quot;134233118&quot;:true,&quot;201341983&quot;:0,&quot;335559739&quot;:300,&quot;335559740&quot;:240}\">\u00a0<\/span><\/p>\n<h2>\u00a0<b>PRAWO AUTORSKIE I LICENCJA<\/b><span data-ccp-props=\"{&quot;134233117&quot;:true,&quot;134233118&quot;:true,&quot;201341983&quot;:0,&quot;335559739&quot;:300,&quot;335559740&quot;:240}\">\u00a0<\/span><\/h2>\n<p><span data-ccp-props=\"{&quot;134233117&quot;:true,&quot;134233118&quot;:true,&quot;201341983&quot;:0,&quot;335559739&quot;:300,&quot;335559740&quot;:240}\">\u00a0<\/span><\/p>\n<p>Informacje, zawarto\u015b\u0107, grafika, tekst, obrazy, znaki towarowe, nazwy handlowe i logo (&#8220;w\u0142asno\u015b\u0107 intelektualna&#8221;) zawarte na tej stronie s\u0105 chronione prawem autorskim, znakiem towarowym, prawem bazy danych, prawem\u00a0sui\u00a0generis\u00a0i innymi prawami w\u0142asno\u015bci intelektualnej na mocy prawa krajowego i traktatami mi\u0119dzynarodowymi.<span data-ccp-props=\"{&quot;134233117&quot;:true,&quot;134233118&quot;:true,&quot;201341983&quot;:0,&quot;335559739&quot;:300,&quot;335559740&quot;:240}\">\u00a0<\/span><\/p>\n<p><span data-ccp-props=\"{&quot;134233117&quot;:true,&quot;134233118&quot;:true,&quot;201341983&quot;:0,&quot;335559739&quot;:300,&quot;335559740&quot;:240}\">\u00a0<\/span><\/p>\n<p>Ta witryna mo\u017ce zosta\u0107 skopiowana w celu obejrzenia, ale nie mo\u017ce by\u0107 trwale przechowywana lub kopiowana w celu dalszej dystrybucji. Nie wolno powiela\u0107, dystrybuowa\u0107, modyfikowa\u0107, sprzedawa\u0107, wy\u015bwietla\u0107, wykorzystywa\u0107 ani w inny spos\u00f3b wykorzystywa\u0107 W\u0142asno\u015bci Intelektualnej Douglas Law\u00a0Solicitors. Wszystkie znaki towarowe lub znaki firm trzecich s\u0105 w\u0142asno\u015bci\u0105 ich w\u0142a\u015bcicieli.<span data-ccp-props=\"{&quot;134233117&quot;:true,&quot;134233118&quot;:true,&quot;201341983&quot;:0,&quot;335559739&quot;:300,&quot;335559740&quot;:240}\">\u00a0<\/span><\/p>\n<p><span data-ccp-props=\"{&quot;134233117&quot;:true,&quot;134233118&quot;:true,&quot;201341983&quot;:0,&quot;335559739&quot;:300,&quot;335559740&quot;:240}\">\u00a0<\/span><\/p>\n<p>LINKI<span data-ccp-props=\"{&quot;134233117&quot;:true,&quot;134233118&quot;:true,&quot;201341983&quot;:0,&quot;335559739&quot;:300,&quot;335559740&quot;:240}\">\u00a0<\/span><\/p>\n<p>Hiper\u0142\u0105cza lub inne linki do tej witryny s\u0105 zabronione bez uprzedniej zgody\u00a0Houlihan\u00a0Solicitors.<span data-ccp-props=\"{&quot;134233117&quot;:true,&quot;134233118&quot;:true,&quot;201341983&quot;:0,&quot;335559739&quot;:300,&quot;335559740&quot;:240}\">\u00a0<\/span><\/p>\n<p><span data-ccp-props=\"{&quot;134233117&quot;:true,&quot;134233118&quot;:true,&quot;201341983&quot;:0,&quot;335559739&quot;:300,&quot;335559740&quot;:240}\">\u00a0<\/span><\/p>\n<h2><b>ZRZECZENIE SI\u0118<\/b><span data-ccp-props=\"{&quot;134233117&quot;:true,&quot;134233118&quot;:true,&quot;201341983&quot;:0,&quot;335559739&quot;:300,&quot;335559740&quot;:240}\">\u00a0<\/span><\/h2>\n<p>Do\u0142o\u017cylismy\u00a0wszelkich stara\u0144 aby wszystkie materia\u0142y i informacje zamieszczone\u00a0na niniejszej stronie internetowej by\u0142y dok\u0142adne, jednak\u017ce\u00a0Houlihan\u00a0Solicitors\u00a0nie sk\u0142adaj\u0105 \u017cadnych o\u015bwiadcze\u0144, gwarancji ani przedsi\u0119wzi\u0119\u0107\u00a0w spos\u00f3b wyra\u017any ani domniemany\u00a0dotycz\u0105cy jakichkolwiek materia\u0142\u00f3w, tre\u015bci i informacji zamieszczonych na niniejszej stronie internetowej, kt\u00f3re s\u0105 przedstawione &#8221; w takiej formie&#8221; lub\u00a0przez jak\u0105kolwiek inna stron\u0119, o kt\u00f3rej mowa lub\u00a0do kt\u00f3rej jest dost\u0119p przez linki hipertekstowe\u00a0lub w inny spos\u00f3b za po\u015brednictwem tej strony internetowej (&#8220;strona os\u00f3b trzecich&#8221;).\u00a0Houlihan\u00a0Solicitors\u00a0nie popieraj\u0105 ani nie akceptuj\u0105 tre\u015bci stron os\u00f3b trzecich, ani te\u017c nie b\u0119d\u0105 ponosili odpowiedzialno\u015bci w zwi\u0105zku z jak\u0105kolwiek witryn\u0105 os\u00f3b trzecich.<span data-ccp-props=\"{&quot;134233117&quot;:true,&quot;134233118&quot;:true,&quot;201341983&quot;:0,&quot;335559739&quot;:300,&quot;335559740&quot;:240}\">\u00a0<\/span><\/p>\n<p>Nasza strona internetowa i jej zawarto\u015b\u0107 zosta\u0142y stworzone zgodnie z nasz\u0105 najlepsz\u0105 wiedz\u0105 i mog\u0105 ulec zmianie.<span data-ccp-props=\"{&quot;134233117&quot;:true,&quot;134233118&quot;:true,&quot;201341983&quot;:0,&quot;335559739&quot;:300,&quot;335559740&quot;:240}\">\u00a0<\/span><\/p>\n<p><span data-ccp-props=\"{&quot;134233117&quot;:true,&quot;134233118&quot;:true,&quot;201341983&quot;:0,&quot;335559739&quot;:300,&quot;335559740&quot;:240}\">\u00a0<\/span><\/p>\n<h2><b>OGRANICZENIE ODPOWIEDZIALNO\u015aCI<\/b><span data-ccp-props=\"{&quot;134233117&quot;:true,&quot;134233118&quot;:true,&quot;201341983&quot;:0,&quot;335559739&quot;:300,&quot;335559740&quot;:240}\">\u00a0<\/span><\/h2>\n<p>W najszerszym zakresie dozwolonym przez obowi\u0105zuj\u0105ce prawo\u00a0w Irlandii,\u00a0ani\u00a0Houlihan\u00a0Solicitors\u00a0ani \u017caden z partner\u00f3w, wsp\u00f3\u0142pracownik\u00f3w, konsultant\u00f3w, pracownik\u00f3w\u00a0ani innych przedstawicieli nie ponosz\u0105 odpowiedzialno\u015bci za utrat\u0119 lub uszkodzenie powsta\u0142e w zwi\u0105zku z u\u017cyciem tre\u015bci lub urz\u0105dze\u0144 lub us\u0142ugi \u015bwiadczone za po\u015brednictwem tej witryny internetowej (w tym, mi\u0119dzy innymi, po\u015brednie lub wt\u00f3rne straty lub szkody, utrat\u0119 danych, dochodu, zysk\u00f3w lub mo\u017cliwo\u015b\u0107 utraty\u00a0lub uszkodzenie mienia i roszcze\u0144 os\u00f3b trzecich), nawet je\u015bli\u00a0Houlihan\u00a0Solicitors\u00a0zostali poinformowani o mo\u017cliwo\u015bci\u00a0takiej utraty lub uszkodzenia lub\u00a0gdy\u00a0taka utrata lub uszkodzenie by\u0142y racjonalnie przewidywalne. Og\u00f3lne i konkretne odniesienia w tej witrynie internetowej\u00a0powinny by\u0107 interpretowane odpowiednio.<span data-ccp-props=\"{&quot;134233117&quot;:true,&quot;134233118&quot;:true,&quot;201341983&quot;:0,&quot;335559739&quot;:300,&quot;335559740&quot;:240}\">\u00a0<\/span><\/p>\n<p><span data-ccp-props=\"{&quot;134233117&quot;:true,&quot;134233118&quot;:true,&quot;201341983&quot;:0,&quot;335559739&quot;:300,&quot;335559740&quot;:240}\">\u00a0<\/span><\/p>\n<h2><b>PRAWO RZ\u0104DOWE<\/b><span data-ccp-props=\"{&quot;134233117&quot;:true,&quot;134233118&quot;:true,&quot;201341983&quot;:0,&quot;335559739&quot;:300,&quot;335559740&quot;:240}\">\u00a0<\/span><\/h2>\n<p>Niniejsza informacja prawna oraz warunki u\u017cytkowania i wszelkie kwestie dotycz\u0105ce tej strony podlegaj\u0105 prawu irlandzkiemu.<span data-ccp-props=\"{&quot;134233117&quot;:true,&quot;134233118&quot;:true,&quot;201341983&quot;:0,&quot;335559739&quot;:300,&quot;335559740&quot;:240}\">\u00a0<\/span><\/p>\n<\/div>\n","protected":false},"excerpt":{"rendered":"","protected":false},"author":2,"featured_media":0,"parent":0,"menu_order":42,"comment_status":"closed","ping_status":"closed","template":"","meta":[],"yoast_head":"<!-- This site is optimized with the Yoast SEO plugin v14.9 - https:\/\/yoast.com\/wordpress\/plugins\/seo\/ -->\n<title>REGULAMIN - Houlihan Solicitors<\/title>\n<meta name=\"robots\" content=\"index, follow, max-snippet:-1, max-image-preview:large, max-video-preview:-1\" \/>\n<link rel=\"canonical\" href=\"https:\/\/www.houlihansolicitors.ie\/polskie\/regulamin\/\" \/>\n<meta property=\"og:locale\" content=\"en_GB\" \/>\n<meta property=\"og:type\" content=\"article\" \/>\n<meta property=\"og:title\" content=\"REGULAMIN - Houlihan Solicitors\" \/>\n<meta property=\"og:url\" content=\"https:\/\/www.houlihansolicitors.ie\/polskie\/regulamin\/\" \/>\n<meta property=\"og:site_name\" content=\"Houlihan Solicitors\" \/>\n<meta property=\"article:modified_time\" content=\"2017-09-29T11:39:36+00:00\" \/>\n<meta name=\"twitter:card\" content=\"summary\" \/>\n<script type=\"application\/ld+json\" class=\"yoast-schema-graph\">{\"@context\":\"https:\/\/schema.org\",\"@graph\":[{\"@type\":\"WebSite\",\"@id\":\"https:\/\/www.houlihansolicitors.ie\/polskie\/#website\",\"url\":\"https:\/\/www.houlihansolicitors.ie\/polskie\/\",\"name\":\"Houlihan Solicitors\",\"description\":\"\",\"potentialAction\":[{\"@type\":\"SearchAction\",\"target\":\"https:\/\/www.houlihansolicitors.ie\/polskie\/?s={search_term_string}\",\"query-input\":\"required name=search_term_string\"}],\"inLanguage\":\"en-GB\"},{\"@type\":\"WebPage\",\"@id\":\"https:\/\/www.houlihansolicitors.ie\/polskie\/regulamin\/#webpage\",\"url\":\"https:\/\/www.houlihansolicitors.ie\/polskie\/regulamin\/\",\"name\":\"REGULAMIN - Houlihan Solicitors\",\"isPartOf\":{\"@id\":\"https:\/\/www.houlihansolicitors.ie\/polskie\/#website\"},\"datePublished\":\"2016-10-12T11:25:34+00:00\",\"dateModified\":\"2017-09-29T11:39:36+00:00\",\"inLanguage\":\"en-GB\",\"potentialAction\":[{\"@type\":\"ReadAction\",\"target\":[\"https:\/\/www.houlihansolicitors.ie\/polskie\/regulamin\/\"]}]}]}<\/script>\n<!-- \/ Yoast SEO plugin. -->","_links":{"self":[{"href":"https:\/\/www.houlihansolicitors.ie\/polskie\/wp-json\/wp\/v2\/pages\/95"}],"collection":[{"href":"https:\/\/www.houlihansolicitors.ie\/polskie\/wp-json\/wp\/v2\/pages"}],"about":[{"href":"https:\/\/www.houlihansolicitors.ie\/polskie\/wp-json\/wp\/v2\/types\/page"}],"author":[{"embeddable":true,"href":"https:\/\/www.houlihansolicitors.ie\/polskie\/wp-json\/wp\/v2\/users\/2"}],"replies":[{"embeddable":true,"href":"https:\/\/www.houlihansolicitors.ie\/polskie\/wp-json\/wp\/v2\/comments?post=95"}],"version-history":[{"count":8,"href":"https:\/\/www.houlihansolicitors.ie\/polskie\/wp-json\/wp\/v2\/pages\/95\/revisions"}],"predecessor-version":[{"id":524,"href":"https:\/\/www.houlihansolicitors.ie\/polskie\/wp-json\/wp\/v2\/pages\/95\/revisions\/524"}],"wp:attachment":[{"href":"https:\/\/www.houlihansolicitors.ie\/polskie\/wp-json\/wp\/v2\/media?parent=95"}],"curies":[{"name":"wp","href":"https:\/\/api.w.org\/{rel}","templated":true}]}}