{"id":97,"date":"2016-10-12T14:16:33","date_gmt":"2016-10-12T13:16:33","guid":{"rendered":"http:\/\/www.houlihansolicitors.ie\/polskie\/?page_id=97"},"modified":"2020-09-02T12:09:38","modified_gmt":"2020-09-02T11:09:38","slug":"inne-sprawy","status":"publish","type":"page","link":"https:\/\/www.houlihansolicitors.ie\/polskie\/zakres-dzialan\/inne-sprawy\/","title":{"rendered":"INNE SPRAWY?"},"content":{"rendered":"<div class=\"fusion-fullwidth fullwidth-box fusion-builder-row-1 nonhundred-percent-fullwidth non-hundred-percent-height-scrolling\" style=\"background-color: rgba(255,255,255,0);background-position: left top;background-repeat: no-repeat;padding-top:20px;padding-right:0px;padding-bottom:20px;padding-left:0px;margin-bottom: 0px;margin-top: 0px;border-width: 0px 0px 0px 0px;border-color:#eae9e9;border-style:solid;\" ><div class=\"fusion-builder-row fusion-row\"><div class=\"fusion-layout-column fusion_builder_column fusion-builder-column-0 fusion_builder_column_1_1 1_1 fusion-one-full fusion-column-first fusion-column-last fusion-column-no-min-height\" style=\"margin-top:0px;margin-bottom:0px;\"><div class=\"fusion-column-wrapper fusion-flex-column-wrapper-legacy\" style=\"background-position:left top;background-repeat:no-repeat;-webkit-background-size:cover;-moz-background-size:cover;-o-background-size:cover;background-size:cover;\"><div class=\"fusion-text fusion-text-1\"><h2 style=\"text-align: center;\"><span class=\"TextRun SCXW170208776\" lang=\"EN-IE\" xml:lang=\"EN-IE\"><span class=\"NormalTextRun SCXW170208776\">Inne sprawy? <\/span><\/span><\/h2>\n<p style=\"text-align: center;\"><span class=\"TextRun SCXW156680661\" lang=\"PL-PL\" xml:lang=\"PL-PL\"><span class=\"NormalTextRun SCXW156680661\">Przedstawili\u015bmy list\u0119 najcz\u0119\u015bciej zadawanych pyta\u0144. Je\u015b<\/span><\/span><span class=\"TextRun SCXW156680661\" lang=\"PL-PL\" xml:lang=\"PL-PL\"><span class=\"NormalTextRun SCXW156680661\">li nadal nie mo\u017cesz znale\u017a\u0107 odpowiedzi na Twoje pytania skontaktuj si\u0119 z nami bezpo\u015brednio.\u00a0<\/span><\/span><span class=\"EOP SCXW156680661\" data-ccp-props=\"{&quot;201341983&quot;:0,&quot;335559739&quot;:160,&quot;335559740&quot;:259}\">\u00a0<\/span><\/p>\n<\/div><div class=\"fusion-clearfix\"><\/div><\/div><\/div><div class=\"fusion-layout-column fusion_builder_column fusion-builder-column-1 fusion_builder_column_1_1 1_1 fusion-one-full fusion-column-first fusion-column-last fusion-column-no-min-height\" style=\"margin-top:0px;margin-bottom:0px;\"><div class=\"fusion-column-wrapper fusion-flex-column-wrapper-legacy\" style=\"background-position:left top;background-repeat:no-repeat;-webkit-background-size:cover;-moz-background-size:cover;-o-background-size:cover;background-size:cover;\"><style type=\"text\/css\">.fusion-accordian  #accordion-97-1 .panel-title a .fa-fusion-box{ color: #ffffff;}.fusion-accordian  #accordion-97-1 .panel-title a .fa-fusion-box:before{ font-size: 16px; width: 16px;}.fusion-accordian  #accordion-97-1 .panel-title a{font-size:18px;}.fusion-accordian  #accordion-97-1 .fa-fusion-box { background-color: #0e2b69;border-color: #0e2b69;}.fusion-accordian  #accordion-97-1 .panel-title a:hover, #accordion-97-1 .fusion-toggle-boxed-mode:hover .panel-title a { color: #0e2b69;}.fusion-accordian  #accordion-97-1 .panel-title .active .fa-fusion-box,.fusion-accordian  #accordion-97-1 .panel-title a:hover .fa-fusion-box { background-color: #0e2b69!important;border-color: #0e2b69!important;}<\/style><div class=\"accordian fusion-accordian\"><div class=\"panel-group\" id=\"accordion-97-1\" role=\"tablist\"><div class=\"fusion-panel panel-default\" role=\"tabpanel\"><div class=\"panel-heading\"><h4 class=\"panel-title toggle\"><a aria-expanded=\"false\" aria-selected=\"false\" aria-controls=\"57ec42e2e75601a67\" role=\"tab\" data-toggle=\"collapse\" data-parent=\"#accordion-97-1\" data-target=\"#57ec42e2e75601a67\" href=\"#57ec42e2e75601a67\"><span class=\"fusion-toggle-icon-wrapper\" aria-hidden=\"true\"><i class=\"fa-fusion-box\" aria-hidden=\"true\"><\/i><\/span><span class=\"fusion-toggle-heading\"> Czy by\u0142e\u015b zaanga\u017cowany w wypadek drogowy? <\/span><\/a><\/h4><\/div><div id=\"57ec42e2e75601a67\" class=\"panel-collapse collapse \"><div class=\"panel-body toggle-content fusion-clearfix\">First we must establish whether you were a passenger, driver, cyclists or pedestrian involved in this accident? Please contact us on <a href=\"tel:0035361502090\">061 502090<\/a> to discuss your potential case. Or please feel free to fill in our \u201cstart you claim online\u201d box. We look forward to hearing from you.<\/div><\/div><\/div><div class=\"fusion-panel panel-default\" role=\"tabpanel\"><div class=\"panel-heading\"><h4 class=\"panel-title toggle\"><a aria-expanded=\"false\" aria-selected=\"false\" aria-controls=\"5d1a287452d3cb2f9\" role=\"tab\" data-toggle=\"collapse\" data-parent=\"#accordion-97-1\" data-target=\"#5d1a287452d3cb2f9\" href=\"#5d1a287452d3cb2f9\"><span class=\"fusion-toggle-icon-wrapper\" aria-hidden=\"true\"><i class=\"fa-fusion-box\" aria-hidden=\"true\"><\/i><\/span><span class=\"fusion-toggle-heading\">Czy Ty sam lub ukochana osoba ucierpieli\u015bcie w wyniku braku lub te\u017c postawienia z\u0142ej diagnozy. <\/span><\/a><\/h4><\/div><div id=\"5d1a287452d3cb2f9\" class=\"panel-collapse collapse \"><div class=\"panel-body toggle-content fusion-clearfix\">Having been misdiagnosed or failed to be diagnosed is not only stressful for the person going through the situation but also for your friends and family. We at Houlihan Solicitors are here to help, please contact us on <a href=\"tel:0035361502090\">061 502090<\/a> to discuss the process of perusing a claim. Or if you\u2019d prefer please feel free to fill out our \u201cstart your claim online box\u201d, we look forward to hearing from you.<\/div><\/div><\/div><div class=\"fusion-panel panel-default\" role=\"tabpanel\"><div class=\"panel-heading\"><h4 class=\"panel-title toggle\"><a aria-expanded=\"false\" aria-selected=\"false\" aria-controls=\"cede3eb8659a231c8\" role=\"tab\" data-toggle=\"collapse\" data-parent=\"#accordion-97-1\" data-target=\"#cede3eb8659a231c8\" href=\"#cede3eb8659a231c8\"><span class=\"fusion-toggle-icon-wrapper\" aria-hidden=\"true\"><i class=\"fa-fusion-box\" aria-hidden=\"true\"><\/i><\/span><span class=\"fusion-toggle-heading\">Czy mia\u0142e\u015b wypadek w pracy i nie wiesz co dalej robi\u0107? <\/span><\/a><\/h4><\/div><div id=\"cede3eb8659a231c8\" class=\"panel-collapse collapse \"><div class=\"panel-body toggle-content fusion-clearfix\">If you have suffered an injury that was not your fault but are afraid to move forward with a claim out of fear of what your employer might think? Then Houlihan Solicitors are here to help, we will give you the best Legal advice as to how to move forward with your claim. Please contact us on <a href=\"tel:0035361502090\">061 502090<\/a> or please feel free to start your claim online by filling out on box below. We look forward to hearing from you.<\/div><\/div><\/div><div class=\"fusion-panel panel-default\" role=\"tabpanel\"><div class=\"panel-heading\"><h4 class=\"panel-title toggle\"><a aria-expanded=\"false\" aria-selected=\"false\" aria-controls=\"130a4af4f6006a41f\" role=\"tab\" data-toggle=\"collapse\" data-parent=\"#accordion-97-1\" data-target=\"#130a4af4f6006a41f\" href=\"#130a4af4f6006a41f\"><span class=\"fusion-toggle-icon-wrapper\" aria-hidden=\"true\"><i class=\"fa-fusion-box\" aria-hidden=\"true\"><\/i><\/span><span class=\"fusion-toggle-heading\">Czym jest Injuries Board<\/span><\/a><\/h4><\/div><div id=\"130a4af4f6006a41f\" class=\"panel-collapse collapse \"><div class=\"panel-body toggle-content fusion-clearfix\">If you are thinking about perusing a claim but are unsure as to what is the process and what is the injuries Board? Then call Houlihan Solicitors today <a href=\"tel:0035361502090\">061 502090<\/a>, we will discuss with you the first step in moving forward with any personal Injuries claim. Why not fill in our \u201cstart your claim online box\u201d below to get the information you need asap.<\/div><\/div><\/div><\/div><\/div><div class=\"fusion-clearfix\"><\/div><\/div><\/div><\/div><\/div>\n","protected":false},"excerpt":{"rendered":"","protected":false},"author":2,"featured_media":0,"parent":11,"menu_order":39,"comment_status":"closed","ping_status":"closed","template":"100-width.php","meta":[],"yoast_head":"<!-- This site is optimized with the Yoast SEO plugin v14.9 - https:\/\/yoast.com\/wordpress\/plugins\/seo\/ -->\n<title>INNE SPRAWY? - Houlihan Solicitors<\/title>\n<meta name=\"robots\" content=\"index, follow, max-snippet:-1, max-image-preview:large, max-video-preview:-1\" \/>\n<link rel=\"canonical\" href=\"https:\/\/www.houlihansolicitors.ie\/polskie\/zakres-dzialan\/inne-sprawy\/\" \/>\n<meta property=\"og:locale\" content=\"en_GB\" \/>\n<meta property=\"og:type\" content=\"article\" \/>\n<meta property=\"og:title\" content=\"INNE SPRAWY? - Houlihan Solicitors\" \/>\n<meta property=\"og:url\" content=\"https:\/\/www.houlihansolicitors.ie\/polskie\/zakres-dzialan\/inne-sprawy\/\" \/>\n<meta property=\"og:site_name\" content=\"Houlihan Solicitors\" \/>\n<meta property=\"article:modified_time\" content=\"2020-09-02T11:09:38+00:00\" \/>\n<meta name=\"twitter:card\" content=\"summary\" \/>\n<script type=\"application\/ld+json\" class=\"yoast-schema-graph\">{\"@context\":\"https:\/\/schema.org\",\"@graph\":[{\"@type\":\"WebSite\",\"@id\":\"https:\/\/www.houlihansolicitors.ie\/polskie\/#website\",\"url\":\"https:\/\/www.houlihansolicitors.ie\/polskie\/\",\"name\":\"Houlihan Solicitors\",\"description\":\"\",\"potentialAction\":[{\"@type\":\"SearchAction\",\"target\":\"https:\/\/www.houlihansolicitors.ie\/polskie\/?s={search_term_string}\",\"query-input\":\"required name=search_term_string\"}],\"inLanguage\":\"en-GB\"},{\"@type\":\"WebPage\",\"@id\":\"https:\/\/www.houlihansolicitors.ie\/polskie\/zakres-dzialan\/inne-sprawy\/#webpage\",\"url\":\"https:\/\/www.houlihansolicitors.ie\/polskie\/zakres-dzialan\/inne-sprawy\/\",\"name\":\"INNE SPRAWY? - Houlihan Solicitors\",\"isPartOf\":{\"@id\":\"https:\/\/www.houlihansolicitors.ie\/polskie\/#website\"},\"datePublished\":\"2016-10-12T13:16:33+00:00\",\"dateModified\":\"2020-09-02T11:09:38+00:00\",\"inLanguage\":\"en-GB\",\"potentialAction\":[{\"@type\":\"ReadAction\",\"target\":[\"https:\/\/www.houlihansolicitors.ie\/polskie\/zakres-dzialan\/inne-sprawy\/\"]}]}]}<\/script>\n<!-- \/ Yoast SEO plugin. -->","_links":{"self":[{"href":"https:\/\/www.houlihansolicitors.ie\/polskie\/wp-json\/wp\/v2\/pages\/97"}],"collection":[{"href":"https:\/\/www.houlihansolicitors.ie\/polskie\/wp-json\/wp\/v2\/pages"}],"about":[{"href":"https:\/\/www.houlihansolicitors.ie\/polskie\/wp-json\/wp\/v2\/types\/page"}],"author":[{"embeddable":true,"href":"https:\/\/www.houlihansolicitors.ie\/polskie\/wp-json\/wp\/v2\/users\/2"}],"replies":[{"embeddable":true,"href":"https:\/\/www.houlihansolicitors.ie\/polskie\/wp-json\/wp\/v2\/comments?post=97"}],"version-history":[{"count":6,"href":"https:\/\/www.houlihansolicitors.ie\/polskie\/wp-json\/wp\/v2\/pages\/97\/revisions"}],"predecessor-version":[{"id":616,"href":"https:\/\/www.houlihansolicitors.ie\/polskie\/wp-json\/wp\/v2\/pages\/97\/revisions\/616"}],"up":[{"embeddable":true,"href":"https:\/\/www.houlihansolicitors.ie\/polskie\/wp-json\/wp\/v2\/pages\/11"}],"wp:attachment":[{"href":"https:\/\/www.houlihansolicitors.ie\/polskie\/wp-json\/wp\/v2\/media?parent=97"}],"curies":[{"name":"wp","href":"https:\/\/api.w.org\/{rel}","templated":true}]}}